{"id":1047,"date":"2024-07-30T14:46:08","date_gmt":"2024-07-30T14:46:08","guid":{"rendered":"https:\/\/eppqro.com\/web\/?page_id=1047"},"modified":"2024-08-28T16:15:56","modified_gmt":"2024-08-28T16:15:56","slug":"control-derrames","status":"publish","type":"page","link":"https:\/\/eppqro.com\/web\/control-derrames\/","title":{"rendered":"Control Derrames"},"content":{"rendered":"\n\n\n\n\n\n\n<p style=\"text-align: center;\"><font style=\"vertical-align: inherit;\"><font style=\"vertical-align: inherit; color: rgb(255, 255, 255);\"><strong>Cubiertas para drenaje Drain Blocker<\/strong><\/font><\/font><\/p>\n\n\n\n<p>Modelo PLR402<\/p>\n<p><font style=\"vertical-align: inherit;\"><font style=\"vertical-align: inherit; color: rgb(0, 0, 0);\"><strong>Descripci\u00f3n<\/strong><\/font><\/font><\/p>\n<p style=\"text-align: justify;\">Protege los drenajes y se sella herm\u00e9ticamente.&nbsp; Nuestro dise\u00f1o patentado de dos capas se sella herm\u00e9ticamente para proteger los drenajes, y est\u00e1 garantizado que no se desgarra.<br><\/p>\n<p><font style=\"vertical-align: inherit;\"><font style=\"vertical-align: inherit; color: rgb(0, 0, 0);\"><strong>Especificaciones<\/strong><\/font><\/font><\/p>\n\n\n\n\n<p>Modelo PLR409<\/p>\n<p><font style=\"vertical-align: inherit;\"><font style=\"vertical-align: inherit; color: rgb(0, 0, 0);\"><strong>Descripci\u00f3n<\/strong><\/font><\/font><\/p>\n<p style=\"text-align: justify;\">Protege los drenajes y se sella herm\u00e9ticamente.&nbsp; Nuestro dise\u00f1o patentado de dos capas se sella herm\u00e9ticamente para proteger los drenajes, y est\u00e1 garantizado que no se desgarra.<br><\/p>\n<p><font style=\"vertical-align: inherit;\"><font style=\"vertical-align: inherit;\"><font style=\"vertical-align: inherit;\"><font style=\"vertical-align: inherit; color: rgb(0, 0, 0);\"><strong>especificaciones&nbsp;<\/strong><\/font><\/font><\/font><\/font><\/p>\n\n\n\n\n\n\n\n\n\n<p style=\"text-align: center;\"><font style=\"vertical-align: inherit;\"><font style=\"vertical-align: inherit; color: rgb(255, 255, 255);\"><strong>Bloqueador de derrames Dique&nbsp;<\/strong><\/font><\/font><\/p>\n\n\n\n<p>Modelo PLR204-YW<\/p>\n<p><font style=\"vertical-align: inherit;\"><font style=\"vertical-align: inherit; color: rgb(0, 0, 0);\"><strong>Descripci\u00f3n<\/strong><\/font><\/font><\/p>\n<p style=\"text-align: justify;\">Excelente para derrames peque\u00f1os.&nbsp; La altura de 6 cm es excelente para una r\u00e1pida protecci\u00f3n cuando hay derrames peque\u00f1os que van hacia el drenaje.&nbsp; La capa inferior pegajosa se sella herm\u00e9ticamente a las superficies lisas y bloquea los l\u00edquidos.<br><\/p>\n\n\n\n<p>Modelo PLR212<\/p>\n<p><font style=\"vertical-align: inherit;\"><font style=\"vertical-align: inherit;\"><font style=\"vertical-align: inherit;\"><font style=\"vertical-align: inherit;\"><font style=\"vertical-align: inherit;\"><font style=\"vertical-align: inherit; color: rgb(0, 0, 0);\"><strong>Descripci\u00f3n<\/strong><\/font><\/font><\/font><\/font><\/font><\/font><\/p>\n<p style=\"text-align: justify;\">Excelente para fugas peque\u00f1as.&nbsp; La f\u00f3rmula exclusiva de New Pig tiene una capa inferior pegajosa que se sella herm\u00e9ticamente en superficies lisas y bloquea los l\u00edquidos.&nbsp; \u00datil para rodear la maquinaria con fugas.<br><\/p>\n\n\n\n\n\n<p><font style=\"vertical-align: inherit;\"><font style=\"vertical-align: inherit; color: rgb(0, 0, 0);\"><strong>Descripci\u00f3n&nbsp;<\/strong><\/font><\/font><\/p>\n<p>El dique de derrames especialmente dise\u00f1ado sella las puertas para proteger contra derrames, derrames de agua o l\u00edquidos de lavado.<\/p><p>5cm An. x 121.9cm L x 3.8cm At.<\/p><p>1 barrera\/caja<\/p>\n<p><font style=\"vertical-align: inherit;\"><font style=\"vertical-align: inherit; color: rgb(0, 0, 0);\"><strong>Especificaciones<\/strong><\/font><\/font><\/p>\n\n\n\n\n<p><font style=\"vertical-align: inherit;\"><font style=\"vertical-align: inherit; color: rgb(0, 0, 0);\"><strong>Descripci\u00f3n<\/strong><\/font><\/font><\/p>\n<p><font style=\"vertical-align: inherit;\"><font style=\"vertical-align: inherit;\">Conecte este dique de derrame \u00fanico a su sistema de aspiradora de l\u00edquidos para capturar y contener l\u00edquidos al mismo tiempo.<\/font><\/font><\/p><p><font style=\"vertical-align: inherit;\"><font style=\"vertical-align: inherit;\">10cm An. x 152,4cm L x 5,7cm At.<\/font><\/font><\/p><p><font style=\"vertical-align: inherit;\"><font style=\"vertical-align: inherit;\">1 barrera\/caja<\/font><\/font><\/p>\n<p><font style=\"vertical-align: inherit;\"><font style=\"vertical-align: inherit;\"><font style=\"vertical-align: inherit;\"><font style=\"vertical-align: inherit; color: rgb(0, 0, 0);\"><strong>Especificaciones<\/strong><\/font><\/font><\/font><\/font><\/p>\n\n\n\n\n\n\n\n\n\n<p style=\"text-align: center;\"><font style=\"vertical-align: inherit;\"><font style=\"vertical-align: inherit; color: rgb(255, 255, 255);\">Construcci\u00f3n de Barrera &#8211; A- Berm<\/font><\/font><\/p>\n\n\n\n<p>Modeo PLR283<\/p>\n<p><font style=\"vertical-align: inherit;\"><font style=\"vertical-align: inherit; color: rgb(0, 0, 0);\"><strong>Descripci\u00f3n<\/strong><\/font><\/font><\/p>\n<p style=\"text-align: left;\"><font style=\"vertical-align: inherit;\"><font style=\"vertical-align: inherit;\">Brinda contenci\u00f3n semipermanente en \u00e1reas de tr\u00e1fico intenso de concreto, asfalto o la mayor\u00eda de las superficies selladas.&nbsp;<\/font><\/font><\/p>\n<p><font style=\"vertical-align: inherit;\"><font style=\"vertical-align: inherit;\"><font style=\"vertical-align: inherit;\"><font style=\"vertical-align: inherit;\"><font style=\"vertical-align: inherit;\"><font style=\"vertical-align: inherit; color: rgb(0, 0, 0);\"><strong>Especificaciones<\/strong><\/font><\/font><\/font><\/font><\/font><\/font><\/p>\n\n\n\n\n<p><font style=\"vertical-align: inherit;\"><font style=\"vertical-align: inherit;\">Meselo PLR518<\/font><\/font><\/p>\n<p><font style=\"vertical-align: inherit;\"><font style=\"vertical-align: inherit; color: rgb(0, 0, 0);\"><strong>Descripci\u00f3n&nbsp;<\/strong><\/font><\/font><\/p>\n<p style=\"text-align: left;\"><font style=\"vertical-align: inherit;\"><font style=\"vertical-align: inherit;\">Conduzca directamente dentro y fuera de su \u00e1rea de contenci\u00f3n Build-A-Berm de 4 \u00abde altura.<\/font><\/font><\/p>\n<p><font style=\"vertical-align: inherit;\"><font style=\"vertical-align: inherit; color: rgb(0, 0, 0);\"><strong>Especificaciones<\/strong><\/font><\/font><\/p>\n\n\n\n\n<p>Modelo PLP108<\/p>\n<p><font style=\"vertical-align: inherit;\"><font style=\"vertical-align: inherit;\"><font style=\"vertical-align: inherit;\"><font style=\"vertical-align: inherit; color: rgb(0, 0, 0);\"><strong>Descripci\u00f3n<\/strong><\/font><\/font><\/font><\/font><\/p>\n<p><font style=\"vertical-align: inherit;\"><font style=\"vertical-align: inherit;\"><font style=\"vertical-align: inherit;\"><font style=\"vertical-align: inherit;\">Brinda contenci\u00f3n semipermanente en \u00e1reas de tr\u00e1fico intenso de concreto, asfalto o la mayor\u00eda de las superficies selladas.<\/font><\/font><\/font><\/font><\/p>\n<p><font style=\"vertical-align: inherit;\"><font style=\"vertical-align: inherit; color: rgb(0, 0, 0);\"><strong>Especificaciones&nbsp;<\/strong><\/font><\/font><\/p>\n\n\n\n\n\n\n<p>Modelo PLR108<\/p>\n<p><font style=\"vertical-align: inherit;\"><font style=\"vertical-align: inherit;\"><font style=\"vertical-align: inherit;\"><font style=\"vertical-align: inherit; color: rgb(0, 0, 0);\"><strong>Descripci\u00f3n<\/strong><\/font><\/font><\/font><\/font><\/p>\n<p><font style=\"vertical-align: inherit;\"><font style=\"vertical-align: inherit;\">Construya una barrera permanente alrededor de su maquinaria o \u00e1reas de almacenamiento con nuestras bermas resistentes a los golpes<\/font><\/font><\/p>\n<p><font style=\"vertical-align: inherit;\"><font style=\"vertical-align: inherit; color: rgb(0, 0, 0);\"><strong>Especificaciones<\/strong><\/font><\/font><\/p>\n\n\n\n\n<p><font style=\"vertical-align: inherit;\"><font style=\"vertical-align: inherit;\">Medelo PLR258<\/font><\/font><\/p>\n<p><font style=\"vertical-align: inherit;\"><font style=\"vertical-align: inherit; color: rgb(0, 0, 0);\"><strong>Descripci\u00f3n&nbsp;<\/strong><\/font><\/font><\/p>\n<p>Construya una barrera semipermanente alrededor de su maquinaria o \u00e1reas de almacenamiento con nuestras bermas resistentes a los aplastamientos.<br><\/p>\n<p><font style=\"vertical-align: inherit;\"><font style=\"vertical-align: inherit; color: rgb(0, 0, 0);\"><strong>Especificaciones<\/strong><\/font><\/font><\/p>\n\n\n\n\n<p><font style=\"vertical-align: inherit;\"><font style=\"vertical-align: inherit;\">Modelo PLR512<\/font><\/font><\/p>\n<p><font style=\"vertical-align: inherit;\"><font style=\"vertical-align: inherit;\"><font style=\"vertical-align: inherit;\"><font style=\"vertical-align: inherit; color: rgb(0, 0, 0);\"><strong>Descripci\u00f3n<\/strong><\/font><\/font><\/font><\/font><\/p>\n<p>Construya una barrera semipermanente alrededor de su maquinaria o \u00e1reas de almacenamiento con nuestras bermas resistentes a los aplastamientos.<br><\/p>\n<p><font style=\"vertical-align: inherit;\"><font style=\"vertical-align: inherit; color: rgb(0, 0, 0);\"><strong>Especificaciones<\/strong><\/font><\/font><\/p>\n\n\n\n\n\n\n\n\n\n\n\n<h2><font style=\"vertical-align: inherit;\"><font style=\"vertical-align: inherit; color: rgb(255, 255, 255);\">Marcas<\/font><\/font><\/h2>\n\n\n\n\n\n\n\n\n\n\n\n\n<p style=\"font-size: x-large; text-align: center;\"><strong><u><a href=\"https:\/\/wa.me\/message\/RQOSAIZOFSEUA1\"><font style=\"vertical-align: inherit;\"><font style=\"vertical-align: inherit;\">Solicita t<\/font><\/font><font style=\"vertical-align: inherit;\"><font style=\"vertical-align: inherit;\">u cotizaci\u00f3n aqu\u00ed<\/font><\/font><\/a><\/u><\/strong><\/p>\n\n\n\n\n\n","protected":false},"excerpt":{"rendered":"","protected":false},"author":1,"featured_media":0,"parent":0,"menu_order":0,"comment_status":"closed","ping_status":"closed","template":"","meta":{"_siteseo_robots_primary_cat":"","pagelayer_contact_templates":[],"_pagelayer_content":"","footnotes":""},"class_list":["post-1047","page","type-page","status-publish","hentry"],"_links":{"self":[{"href":"https:\/\/eppqro.com\/web\/wp-json\/wp\/v2\/pages\/1047","targetHints":{"allow":["GET"]}}],"collection":[{"href":"https:\/\/eppqro.com\/web\/wp-json\/wp\/v2\/pages"}],"about":[{"href":"https:\/\/eppqro.com\/web\/wp-json\/wp\/v2\/types\/page"}],"author":[{"embeddable":true,"href":"https:\/\/eppqro.com\/web\/wp-json\/wp\/v2\/users\/1"}],"replies":[{"embeddable":true,"href":"https:\/\/eppqro.com\/web\/wp-json\/wp\/v2\/comments?post=1047"}],"version-history":[{"count":13,"href":"https:\/\/eppqro.com\/web\/wp-json\/wp\/v2\/pages\/1047\/revisions"}],"predecessor-version":[{"id":2361,"href":"https:\/\/eppqro.com\/web\/wp-json\/wp\/v2\/pages\/1047\/revisions\/2361"}],"wp:attachment":[{"href":"https:\/\/eppqro.com\/web\/wp-json\/wp\/v2\/media?parent=1047"}],"curies":[{"name":"wp","href":"https:\/\/api.w.org\/{rel}","templated":true}]}}