{"id":1083,"date":"2024-07-30T16:43:52","date_gmt":"2024-07-30T16:43:52","guid":{"rendered":"https:\/\/eppqro.com\/web\/?page_id=1083"},"modified":"2024-08-29T07:00:29","modified_gmt":"2024-08-29T07:00:29","slug":"manejo-de-materiales","status":"publish","type":"page","link":"https:\/\/eppqro.com\/web\/manejo-de-materiales\/","title":{"rendered":"Manejo de Materiales"},"content":{"rendered":"\n\n\n\n\n\n\n<p style=\"text-align: center;\"><font style=\"vertical-align: inherit;\"><font style=\"vertical-align: inherit;\"><font style=\"vertical-align: inherit;\"><font style=\"vertical-align: inherit; color: rgb(255, 255, 255);\">Embudos y filtros para tambores&nbsp;<\/font><\/font><\/font><\/font><\/p>\n\n\n\n<p><font style=\"vertical-align: inherit;\"><font style=\"vertical-align: inherit; color: rgb(0, 0, 0);\"><strong>Modelo DRM1125<\/strong><\/font><\/font><\/p>\n<p><font style=\"vertical-align: inherit;\"><font style=\"vertical-align: inherit;\">Filtros vendibles con una mano para tambores de acero o pl\u00e1sticos de 75 L a 208 L con 22Npt .<\/font><\/font><\/p>\n\n\n\n<p><font style=\"vertical-align: inherit;\"><font style=\"vertical-align: inherit; color: rgb(0, 0, 0);\"><strong>Modelo DRM1127<\/strong><\/font><\/font><\/p>\n<p><font style=\"vertical-align: inherit;\"><font style=\"vertical-align: inherit;\">Filtros vendibles con una m\u00e1quina para tambores de acero o pl\u00e1stico de 75L a 208 L .<\/font><\/font><\/p>\n\n\n\n<p><font style=\"vertical-align: inherit;\"><font style=\"vertical-align: inherit; color: rgb(0, 0, 0);\"><strong>Modelo DRMA138<\/strong><\/font><\/font><\/p>\n<p><font style=\"vertical-align: inherit;\"><font style=\"vertical-align: inherit;\">Embudos para tambores e pl\u00e1stico, contenedores o tanques de acero.<\/font><\/font><\/p>\n\n\n\n\n\n<p><font style=\"vertical-align: inherit;\"><font style=\"vertical-align: inherit; color: rgb(0, 0, 0);\"><strong>Modelo DRM1680<\/strong><\/font><\/font><\/p>\n<p>Embudos para tambores de pl\u00e1sticos de 113 L o 208L con contrafuerte .<\/p>\n\n\n\n<p><font style=\"vertical-align: inherit;\"><font style=\"vertical-align: inherit; color: rgb(0, 0, 0);\"><strong>Modelo DRM452<\/strong><\/font><\/font><\/p>\n<p>Embudo para tambores de acero de 208L de cabeza apretada o tambores de 113 L.<\/p>\n\n\n\n<p><font style=\"vertical-align: inherit;\"><font style=\"vertical-align: inherit; color: rgb(0, 0, 0);\"><strong>Modelo DRM672<\/strong><\/font><\/font><\/p>\n<p>Embudos para tambores de acero o pl\u00e1stico de 208 L de cabeza apretada.<\/p>\n\n\n\n\n\n\n\n\n\n\n\n<p><font style=\"vertical-align: inherit;\"><font style=\"vertical-align: inherit; color: rgb(0, 0, 0);\"><strong>Modelo DRM1020<\/strong><\/font><\/font><\/p>\n<p><font style=\"vertical-align: inherit;\"><font style=\"vertical-align: inherit;\">Llave de tap\u00f3n de tambor deluxe sin chispas , para tambores con l\u00edquidos inflables .<\/font><\/font><\/p>\n\n\n\n<p><font style=\"vertical-align: inherit;\"><font style=\"vertical-align: inherit;\"><font style=\"vertical-align: inherit;\"><font style=\"vertical-align: inherit; color: rgb(0, 0, 0);\"><strong>Modelo DRM315<\/strong><\/font><\/font><\/font><\/font><\/p>\n<p>Llave de tap\u00f3n de tambor de acero y pl\u00e1stico dom\u00e9sticos.<\/p>\n\n\n\n<p><font style=\"vertical-align: inherit;\"><font style=\"vertical-align: inherit; color: rgb(0, 0, 0);\"><strong>Modelo DRM818<\/strong><\/font><\/font><\/p>\n<p>Enchufe de torque del tap\u00f3n del tambor para llave dinamo\u00e9trica de tambor.<\/p>\n\n\n\n\n\n<p><font style=\"vertical-align: inherit;\"><font style=\"vertical-align: inherit; color: rgb(0, 0, 0);\"><strong>Modelo TLS290<\/strong><\/font><\/font><\/p>\n<p>Cuchara antichispa para absorbentes, materiales peligrosos o suelos contaminados.<\/p>\n\n\n\n<p><font style=\"vertical-align: inherit;\"><font style=\"vertical-align: inherit; color: rgb(0, 0, 0);\"><strong>Modelo TLS292<\/strong><\/font><\/font><\/p>\n<p>Cuchara antichispa te ayuda a terminar de forma r\u00e1pida y segura la limpieza de derrames.&nbsp;<\/p>\n\n\n\n<p><font style=\"vertical-align: inherit;\"><font style=\"vertical-align: inherit; color: rgb(0, 0, 0);\"><strong>Modelo GEN305<\/strong><\/font><\/font><\/p>\n<p>Pala antichispa para absorbentes, materiales peligrosos o suelos contaminados.<\/p>\n\n\n\n\n\n\n\n\n<p style=\"text-align: center;\"><font style=\"vertical-align: inherit;\"><font style=\"vertical-align: inherit; color: rgb(255, 255, 255);\">Manual de bombas de tambor<\/font><\/font><\/p>\n\n\n\n<p><font style=\"vertical-align: inherit;\"><font style=\"vertical-align: inherit; color: rgb(0, 0, 0);\"><strong>Modelo DRM1109<\/strong><\/font><\/font><\/p>\n<p>Bombas de tambor manual de pist\u00f3n de acero inoxidable.<\/p>\n\n\n\n<p><font style=\"vertical-align: inherit;\"><font style=\"vertical-align: inherit; color: rgb(0, 0, 0);\"><strong>Modelo DRM222<\/strong><\/font><\/font><\/p>\n<p>Bomba de transferencia manual economica mueve hasta un gal\u00f3n&nbsp; completo de liquido.<\/p>\n\n\n\n<p><font style=\"vertical-align: inherit;\"><font style=\"vertical-align: inherit; color: rgb(0, 0, 0);\"><strong>Modelo DRM343<\/strong><\/font><\/font><\/p>\n<p>Bomba de tambor manual de pist\u00f3n de acero inoxidable para uso diario en aplicaciones con productos quimicos.<\/p>\n\n\n\n\n\n<p><font style=\"vertical-align: inherit;\"><font style=\"vertical-align: inherit; color: rgb(0, 0, 0);\"><strong>Modelo DRM344<\/strong><\/font><\/font><\/p>\n<p><font style=\"vertical-align: inherit;\"><font style=\"vertical-align: inherit;\">Sifones de bomba de servicio pesado de hasta 7 galones por minuto desde tambores de 55 galones.<\/font><\/font><\/p>\n\n\n\n<p><font style=\"vertical-align: inherit;\"><font style=\"vertical-align: inherit; color: rgb(0, 0, 0);\"><strong>Modelo DRM694<\/strong><\/font><\/font><\/p>\n<p>Bomba de cubeta de accci\u00f3n de palanca&nbsp; de acero.<\/p>\n\n\n\n<p><font style=\"vertical-align: inherit;\"><font style=\"vertical-align: inherit; color: rgb(0, 0, 0);\"><strong>Modelo DRM981<\/strong><\/font><\/font><\/p>\n<p>Bomba de tambor giratorio manual de polipropileno.<br><\/p>\n\n\n\n\n\n<p><font style=\"vertical-align: inherit;\"><font style=\"vertical-align: inherit;\"><font style=\"vertical-align: inherit;\"><font style=\"vertical-align: inherit; color: rgb(0, 0, 0);\"><strong>Modelo DRM982<\/strong><\/font><\/font><\/font><\/font><\/p>\n<p>Bomba de tambor giratorio manual Zee Line Ryton ideal para dispensar productos qu\u00edmicos agresivos.<\/p>\n\n\n\n<p><font style=\"vertical-align: inherit;\"><font style=\"vertical-align: inherit; color: rgb(0, 0, 0);\"><strong>Modelo DRM988<\/strong><\/font><\/font><\/p>\n<p>Bomba de tambor giratorio manual de acero para qu\u00edmicos agresivos y combustibles.<\/p>\n\n\n<p><br><\/p>\n\n\n\n\n\n\n\n\n\n\n\n<p><font style=\"vertical-align: inherit;\"><font style=\"vertical-align: inherit; color: rgb(0, 0, 0);\"><strong>Modelo DRM152<\/strong><\/font><\/font><\/p>\n<p>Muestra de Cliwara para recolecci\u00f3n de muestras.<\/p>\n\n\n\n<p><font style=\"vertical-align: inherit;\"><font style=\"vertical-align: inherit; color: rgb(0, 0, 0);\"><strong>Modelo DRM201<\/strong><\/font><\/font><\/p>\n<p style=\"text-align: justify;\">V\u00e1lvula horizontal del tambor para tambores con l\u00edquidos inflamables.<\/p>\n\n\n\n<p><font style=\"vertical-align: inherit;\"><font style=\"vertical-align: inherit; color: rgb(0, 0, 0);\"><strong>Modelo DRM205<\/strong><\/font><\/font><\/p>\n<p style=\"text-align: justify;\">Grifo de tambor de zinc con indicador para tambores horizontales.<\/p>\n\n\n\n\n\n<p><font style=\"vertical-align: inherit;\"><font style=\"vertical-align: inherit; color: rgb(0, 0, 0);\"><strong>Modelo DRM217<\/strong><\/font><\/font><\/p>\n<p style=\"text-align: justify;\">V\u00e1lvula de compuerta de tambor de lat\u00f3n para tambores corrosivos de alta viscosidad.<\/p>\n\n\n\n<p><font style=\"vertical-align: inherit;\"><font style=\"vertical-align: inherit; color: rgb(0, 0, 0);\"><strong>Modelo DRM244<\/strong><\/font><\/font><\/p>\n<p style=\"text-align: justify;\">Grifo de tambor de lat\u00f3n para tambores con l\u00edquidos inflamables y l\u00edquidos no corrosivos.&nbsp;<\/p>\n\n\n\n<p><font style=\"vertical-align: inherit;\"><font style=\"vertical-align: inherit; color: rgb(0, 0, 0);\"><strong>Modelo DRM317<\/strong><\/font><\/font><\/p>\n<p style=\"text-align: justify;\">Indicador de tambor para tambores con aceites, refrigerantes y qu\u00edmicos.<\/p>\n\n\n\n\n\n<p><font style=\"vertical-align: inherit;\"><font style=\"vertical-align: inherit; color: rgb(0, 0, 0);\"><strong>Modelo DRM246<\/strong><\/font><\/font><\/p>\n<p style=\"text-align: justify;\">Indicador de tambor para l\u00edquidos y arom\u00e1ticos a base de petr\u00f3leo.<\/p>\n\n\n\n<p><font style=\"vertical-align: inherit;\"><font style=\"vertical-align: inherit; color: rgb(0, 0, 0);\"><strong>Modelo DRM299<\/strong><\/font><\/font><\/p>\n<p>Calzado de tambor para tambores de 114 L o 208 L.<\/p>\n\n\n\n<p><font style=\"vertical-align: inherit;\"><font style=\"vertical-align: inherit; color: rgb(0, 0, 0);\"><strong>Modelo DRM317<\/strong><\/font><\/font><\/p>\n<p>Indicador de tambor emergente de l\u00edquidos corrosivos.<\/p>\n\n\n\n\n\n<p><font style=\"vertical-align: inherit;\"><font style=\"vertical-align: inherit; color: rgb(0, 0, 0);\"><strong>Modelo DRM322<\/strong><\/font><\/font><\/p>\n<p style=\"text-align: justify;\">Grifo de tambor de polietileno para tambores con l\u00edquidos viscosos.<\/p>\n\n\n\n<p><font style=\"vertical-align: inherit;\"><font style=\"vertical-align: inherit; color: rgb(0, 0, 0);\"><strong>Modelo DRM346<\/strong><\/font><\/font><\/p>\n<p>Grifo de tambor de polietileno para tambores con l\u00edquidos no viscosos.<\/p>\n\n\n\n<p><font style=\"vertical-align: inherit;\"><font style=\"vertical-align: inherit;\"><strong style=\"color: rgb(0, 0, 0);\">Modelo DRM347<\/strong><\/font><\/font><\/p>\n<p style=\"text-align: justify;\"><font style=\"vertical-align: inherit;\"><font style=\"vertical-align: inherit;\">grifo de tambor de polietileno para tambores con l\u00edquidos viscosos.<\/font><\/font><\/p>\n\n\n\n\n\n\n\n\n\n\n<h2><strong style=\"color: rgb(255, 255, 255);\">Marcas<\/strong><\/h2>\n\n\n\n\n\n\n\n\n\n\n","protected":false},"excerpt":{"rendered":"","protected":false},"author":1,"featured_media":0,"parent":0,"menu_order":0,"comment_status":"closed","ping_status":"closed","template":"","meta":{"_siteseo_robots_primary_cat":"","pagelayer_contact_templates":[],"_pagelayer_content":"","footnotes":""},"class_list":["post-1083","page","type-page","status-publish","hentry"],"_links":{"self":[{"href":"https:\/\/eppqro.com\/web\/wp-json\/wp\/v2\/pages\/1083","targetHints":{"allow":["GET"]}}],"collection":[{"href":"https:\/\/eppqro.com\/web\/wp-json\/wp\/v2\/pages"}],"about":[{"href":"https:\/\/eppqro.com\/web\/wp-json\/wp\/v2\/types\/page"}],"author":[{"embeddable":true,"href":"https:\/\/eppqro.com\/web\/wp-json\/wp\/v2\/users\/1"}],"replies":[{"embeddable":true,"href":"https:\/\/eppqro.com\/web\/wp-json\/wp\/v2\/comments?post=1083"}],"version-history":[{"count":35,"href":"https:\/\/eppqro.com\/web\/wp-json\/wp\/v2\/pages\/1083\/revisions"}],"predecessor-version":[{"id":2569,"href":"https:\/\/eppqro.com\/web\/wp-json\/wp\/v2\/pages\/1083\/revisions\/2569"}],"wp:attachment":[{"href":"https:\/\/eppqro.com\/web\/wp-json\/wp\/v2\/media?parent=1083"}],"curies":[{"name":"wp","href":"https:\/\/api.w.org\/{rel}","templated":true}]}}