{"id":1159,"date":"2024-07-31T14:23:33","date_gmt":"2024-07-31T14:23:33","guid":{"rendered":"https:\/\/eppqro.com\/web\/?page_id=1159"},"modified":"2024-08-16T23:30:54","modified_gmt":"2024-08-16T23:30:54","slug":"contencion","status":"publish","type":"page","link":"https:\/\/eppqro.com\/web\/contencion\/","title":{"rendered":"Contencion"},"content":{"rendered":"\n\n\n<p style=\"text-align: center;\"><span style=\"text-align: center;\"><font style=\"vertical-align: inherit;\"><font style=\"vertical-align: inherit;\"><font style=\"vertical-align: inherit;\"><font style=\"vertical-align: inherit; color: rgb(255, 255, 255);\">Tarima derrames &#8211; 4 tambos-BRADY<\/font><\/font><\/font><\/font><\/span><\/p>\n\n<p><font style=\"vertical-align: inherit;\"><font style=\"vertical-align: inherit;\"><strong>Especificaciones<\/strong><\/font><\/font><\/p>\n<p><span\u00a0style=\"text-align: center;\"=\"\"><font style=\"vertical-align: inherit;\"><font style=\"vertical-align: inherit;\"><\/font><\/font><font style=\"vertical-align: inherit;\"><font style=\"vertical-align: inherit;\">Dimensiones: 17 pulgadas de alto x 52 pulgadas de ancho x 52 pulgadas de largo.<\/font><\/font><br><\/span\u00a0style=\"text-align:><\/p>\n\n\n<p style=\"text-align: center;\"><span style=\"text-align: center;\"><font style=\"vertical-align: inherit;\"><font style=\"vertical-align: inherit; color: rgb(255, 255, 255);\">Tarima para derrames &#8211; 2 Tambores -BRADY<\/font><\/font><\/span><br><\/p>\n\n<p><font style=\"vertical-align: inherit;\"><font style=\"vertical-align: inherit;\"><strong>Especificaciones<\/strong><\/font><\/font><\/p>\n<p>Dimensiones: 17 in H x 26 W x 52 in L capacidad de Cabsorci\u00f3n: 69.695 gal (EE. UU.)<br><\/p>\n\n\n<p style=\"text-align: center;\"><span style=\"color: rgb(255, 255, 255); text-align: center; background-color: rgb(0, 103, 255);\"><font style=\"vertical-align: inherit;\"><font style=\"vertical-align: inherit;\">Unidad IBC de polietileno de servicio pesado -PAK467<\/font><\/font><\/span><br><\/p>\n\n<p><font style=\"vertical-align: inherit;\"><font style=\"vertical-align: inherit;\"><strong>Especificaciones<\/strong><\/font><\/font><\/p>\n<p><font style=\"vertical-align: inherit;\"><font style=\"vertical-align: inherit;\">Soporta hasta 6 toneladas. La plataforma de dos secciones est\u00e1 soportada por dos pedestales, la estructura de polietileno de carga densidad resiste los rayos UV.<\/font><\/font><br><\/p>\n\n\n\n\n<p style=\"text-align: center;\"><span style=\"color: rgb(255, 255, 255); text-align: center; background-color: rgb(0, 103, 255);\"><font style=\"vertical-align: inherit;\"><font style=\"vertical-align: inherit;\">Unidad IBC de pl\u00e1stico PAK749<\/font><\/font><\/span><br><\/p>\n\n<p><font style=\"vertical-align: inherit;\"><font style=\"vertical-align: inherit;\"><font style=\"vertical-align: inherit;\"><font style=\"vertical-align: inherit;\"><strong>Especificaciones<\/strong><\/font><\/font><\/font><\/font><\/p>\n<p>Lo suficientemente fuerte para almacenar a largo plazo de contenedores intermedios, Transfiere el peso a los canales de bajo soporte para maximizar la capacidad.<br><\/p>\n\n\n<p style=\"text-align: center;\"><span style=\"color: rgb(255, 255, 255); text-align: center; background-color: rgb(0, 103, 255);\"><font style=\"vertical-align: inherit;\"><font style=\"vertical-align: inherit;\">Contenedor pegable-Collapse -A -Tainer Lite &#8211; PAK720<\/font><\/font><\/span><br><\/p>\n\n<p><font style=\"vertical-align: inherit;\"><font style=\"vertical-align: inherit;\"><font style=\"vertical-align: inherit;\"><font style=\"vertical-align: inherit;\"><strong>Especificaciones<\/strong><\/font><\/font><\/font><\/font><\/p>\n<p><font style=\"vertical-align: inherit;\"><font style=\"vertical-align: inherit;\">Ligero, f\u00e1cil de manejar. duradero y resistente a los qu\u00edmicos. No necesita armado, compacto y f\u00e1cil de instalar.<\/font><\/font><br><\/p>\n\n\n<p style=\"text-align: center;\"><span style=\"color: rgb(255, 255, 255); text-align: center; background-color: rgb(0, 103, 255);\"><font style=\"vertical-align: inherit;\"><font style=\"vertical-align: inherit;\">Piscina port\u00e1til de conetncio de derrames PAK927<\/font><\/font><\/span><br><\/p>\n\n<p><font style=\"vertical-align: inherit;\"><font style=\"vertical-align: inherit;\"><font style=\"vertical-align: inherit;\"><font style=\"vertical-align: inherit;\"><strong>Especificaciones<\/strong><\/font><\/font><\/font><\/font><\/p>\n<p>Almacene nuestra piscina port\u00e1til de contenci\u00f3n en su veh\u00edculo para estar preparado para emergencias por derrames en la carretera.<br><\/p>\n\n\n\n\n<p style=\"text-align: center;\"><span style=\"color: rgb(255, 255, 255); text-align: center; background-color: rgb(0, 103, 255);\"><font style=\"vertical-align: inherit;\"><font style=\"vertical-align: inherit;\">Plataforma miniatura de goteos-PAK327<\/font><\/font><\/span><br><\/p>\n\n<p><font style=\"vertical-align: inherit;\"><font style=\"vertical-align: inherit;\"><font style=\"vertical-align: inherit;\"><font style=\"vertical-align: inherit;\"><strong>Especificaciones<\/strong><\/font><\/font><\/font><\/font><\/p>\n<p>Resiste a los productos qu\u00edmicos, presenta una contenci\u00f3n de sumideros incorporada para atrapar figas y goteos miestras trabaja.<br><\/p>\n\n\n<p style=\"text-align: center;\"><span style=\"color: rgb(255, 255, 255); text-align: center; background-color: rgb(0, 103, 255);\"><font style=\"vertical-align: inherit;\"><font style=\"vertical-align: inherit;\">Tambor doble de polietileno-PAK182<\/font><\/font><\/span><br><\/p>\n\n<p><font style=\"vertical-align: inherit;\"><font style=\"vertical-align: inherit;\"><font style=\"vertical-align: inherit;\"><font style=\"vertical-align: inherit;\"><strong>Especificaciones<\/strong><\/font><\/font><\/font><\/font><\/p>\n<p>Sostiene un par de bidones de 55 galones lado a lado, Construcci\u00f3n de polietileno de una pieza, resistencia a qu\u00edmicos y durarera.<br><\/p>\n\n\n<p style=\"text-align: center;\"><font color=\"#ffffff\">&nbsp;Bandeja de utilidad -PAN404 4 L capacidad.<\/font><\/p>\n\n<p><font style=\"vertical-align: inherit;\"><font style=\"vertical-align: inherit;\"><font style=\"vertical-align: inherit;\"><font style=\"vertical-align: inherit;\"><strong>Especificaciones<\/strong><\/font><\/font><\/font><\/font><\/p>\n<p>Captura goteos, contiene piezas peque\u00f1as, resistentes a qu\u00edmicos pueden usar con una variedad de materiales para el lugar de trabajo.<br><\/p>\n\n\n\n\n<h2><font style=\"vertical-align: inherit;\"><font style=\"vertical-align: inherit; color: rgb(255, 255, 255);\">Marcas<\/font><\/font><\/h2>\n\n\n\n\n\n\n\n\n\n\n","protected":false},"excerpt":{"rendered":"","protected":false},"author":1,"featured_media":0,"parent":0,"menu_order":0,"comment_status":"closed","ping_status":"closed","template":"","meta":{"_siteseo_robots_primary_cat":"","pagelayer_contact_templates":[],"_pagelayer_content":"","footnotes":""},"class_list":["post-1159","page","type-page","status-publish","hentry"],"_links":{"self":[{"href":"https:\/\/eppqro.com\/web\/wp-json\/wp\/v2\/pages\/1159","targetHints":{"allow":["GET"]}}],"collection":[{"href":"https:\/\/eppqro.com\/web\/wp-json\/wp\/v2\/pages"}],"about":[{"href":"https:\/\/eppqro.com\/web\/wp-json\/wp\/v2\/types\/page"}],"author":[{"embeddable":true,"href":"https:\/\/eppqro.com\/web\/wp-json\/wp\/v2\/users\/1"}],"replies":[{"embeddable":true,"href":"https:\/\/eppqro.com\/web\/wp-json\/wp\/v2\/comments?post=1159"}],"version-history":[{"count":15,"href":"https:\/\/eppqro.com\/web\/wp-json\/wp\/v2\/pages\/1159\/revisions"}],"predecessor-version":[{"id":2015,"href":"https:\/\/eppqro.com\/web\/wp-json\/wp\/v2\/pages\/1159\/revisions\/2015"}],"wp:attachment":[{"href":"https:\/\/eppqro.com\/web\/wp-json\/wp\/v2\/media?parent=1159"}],"curies":[{"name":"wp","href":"https:\/\/api.w.org\/{rel}","templated":true}]}}