{"id":1235,"date":"2024-08-01T18:43:43","date_gmt":"2024-08-01T18:43:43","guid":{"rendered":"https:\/\/eppqro.com\/web\/?page_id=1235"},"modified":"2024-08-29T06:55:03","modified_gmt":"2024-08-29T06:55:03","slug":"loto-almecenamiento","status":"publish","type":"page","link":"https:\/\/eppqro.com\/web\/loto-almecenamiento\/","title":{"rendered":"LOTO ALMECENAMIENTO"},"content":{"rendered":"\n\n\n\n\n<p><font style=\"vertical-align: inherit;\"><font style=\"vertical-align: inherit;\"><font style=\"vertical-align: inherit;\"><font style=\"vertical-align: inherit; color: rgb(255, 255, 255);\">Modelo 1457E410KA- Master Look<\/font><\/font><\/font><\/font><\/p>\n<p>Lorem Ipsum has been the industry&#8217;s standard dummy text ever since the 1500s.<\/p>\n<p><span style=\"font-size: 14px;\">Caja de herramientas de bloqueo con un surtido de dispositivos el\u00e9ctricos est\u00e1ndar y tres candados de termopl\u00e1stico Zenex\u2122<\/span><br><\/p>\n\n\n<p><font style=\"vertical-align: inherit;\"><font style=\"vertical-align: inherit;\"><font style=\"vertical-align: inherit;\"><font style=\"vertical-align: inherit; color: rgb(255, 255, 255);\">Modelo 1457E410KABAS &#8211; Master Look<\/font><\/font><\/font><\/font><\/p>\n<p>Lorem Ipsum has been the industry&#8217;s standard dummy text ever since the 1500s.<\/p>\n<p><span style=\"font-size: 14px;\">Caja de herramientas de bloqueo con surtido de dispositivos el\u00e9ctricos b\u00e1sicos y tres candados de termopl\u00e1stico Zenex\u2122<\/span><br><\/p>\n\n\n<p><font style=\"vertical-align: inherit;\"><font style=\"vertical-align: inherit; color: rgb(255, 255, 255);\">Modelo 1457E410KAPRE &#8211; Master Look<\/font><\/font><\/p>\n<p>Lorem Ipsum has been the industry&#8217;s standard dummy text ever since the 1500s.<\/p>\n<p><span style=\"font-size: 14px;\">Caja de herramientas para bloqueo con surtido de dispositivos el\u00e9ctricos b\u00e1sicos y cuatro candados de termopl\u00e1stico Zenex\u2122<\/span><br><\/p>\n\n\n\n\n<p style=\"text-align: center;\"><font style=\"vertical-align: inherit;\"><font style=\"vertical-align: inherit;\"><font style=\"vertical-align: inherit;\"><font style=\"vertical-align: inherit; color: rgb(255, 255, 255);\">Modelo 7129 &#8211; ABUS<\/font><\/font><\/font><\/font><\/p>\n<p>Lorem Ipsum has been the industry&#8217;s standard dummy text ever since the 1500s.<\/p>\n\n<p>El gabinete resistente tiene capacidad para 500 llaves<\/p>\n\n\n\n<p style=\"text-align: center;\"><font style=\"vertical-align: inherit;\"><font style=\"vertical-align: inherit;\"><font style=\"vertical-align: inherit;\"><font style=\"vertical-align: inherit; color: rgb(255, 255, 255);\">Modelo 7130 &#8211; ABUS<\/font><\/font><\/font><\/font><\/p>\n<p>Lorem Ipsum has been the industry&#8217;s standard dummy text ever since the 1500s.<\/p>\n\n<p>El gabinete resistente tiene capacidad para 77130 llaves<\/p>\n\n\n\n\n\n\n\n<p><font style=\"vertical-align: inherit;\"><font style=\"vertical-align: inherit; color: rgb(255, 255, 255);\">Modelo S1010E410KA &#8211; Master Look<\/font><\/font><\/p>\n\n<p><span style=\"font-size: 14px;\"><font style=\"vertical-align: inherit;\"><font style=\"vertical-align: inherit;\">Bolso de bloqueo con surtido de dispositivos el\u00e9ctricos est\u00e1ndar y dos candados de termopl\u00e1stico Zenex.<\/font><\/font><\/span><br><\/p>\n\n\n<p><font style=\"vertical-align: inherit;\"><font style=\"vertical-align: inherit;\"><font style=\"vertical-align: inherit;\"><font style=\"vertical-align: inherit; color: rgb(255, 255, 255);\">Modelo S1023 &#8211; Master Look<\/font><\/font><\/font><\/font><\/p>\n\n<p><span style=\"font-size: 14px;\"><font style=\"vertical-align: inherit;\"><font style=\"vertical-align: inherit;\">Caja de herramientas personal de bloqueo de 23&#8243; (58,4 cm), vac\u00eda.<\/font><\/font><\/span><br><\/p>\n\n\n<p><font style=\"vertical-align: inherit;\"><font style=\"vertical-align: inherit;\"><font style=\"vertical-align: inherit;\"><font style=\"vertical-align: inherit; color: rgb(255, 255, 255);\">Modelo S1506 &#8211; Master Look<\/font><\/font><\/font><\/font><\/p>\n\n<p>Apoyo peque\u00f1o para candado vacio.<\/p>\n\n\n\n\n<p><font style=\"vertical-align: inherit;\"><font style=\"vertical-align: inherit; color: rgb(255, 255, 255);\">Modelo 1457VE410KAPRE &#8211; Master Look<\/font><\/font><\/p>\n\n<p><span style=\"font-size: 14px;\">Caja de herramientas de bloqueo con v\u00e1lvula Premier, surtido de dispositivos el\u00e9ctricos y cuatro candados de termopl\u00e1stico Zenex\u2122.<\/span><br><\/p>\n\n\n<p><font style=\"vertical-align: inherit;\"><font style=\"vertical-align: inherit; color: rgb(255, 255, 255);\">Modelo 1458 &#8211; Master Look<\/font><\/font><\/p>\n\n<p><span style=\"font-size: 14px;\"><font style=\"vertical-align: inherit;\"><font style=\"vertical-align: inherit;\">Kit grande de bloqueo de seguridad, vac\u00edo.<\/font><\/font><\/span><br><\/p>\n\n\n<p><font style=\"vertical-align: inherit;\"><font style=\"vertical-align: inherit; color: rgb(255, 255, 255);\">Modelo 1458E410PRES &#8211; Master Look<\/font><\/font><\/p>\n\n<p><span style=\"font-size: 14px;\">Estuche de bloqueo port\u00e1til con surtido de dispositivos el\u00e9ctricos b\u00e1sicos y seis candados de termopl\u00e1stico Zenex\u2122.<\/span><br><\/p>\n\n\n\n\n<p><font style=\"vertical-align: inherit;\"><font style=\"vertical-align: inherit; color: rgb(255, 255, 255);\">Modelo 1482B &#8211; Master Look<\/font><\/font><\/p>\n\n<p><span style=\"font-size: 14px;\">Estaci\u00f3n cubierta de 4 candados con etiquetas en tres idiomas, vac\u00eda.<\/span><br><\/p>\n\n\n<p><font style=\"vertical-align: inherit;\"><font style=\"vertical-align: inherit;\"><font style=\"vertical-align: inherit;\"><font style=\"vertical-align: inherit; color: rgb(255, 255, 255);\">Modelo 1482BP1106 &#8211;&nbsp; Master Look<\/font><\/font><\/font><\/font><\/p>\n\n<p><span style=\"font-size: 14px;\">Estaci\u00f3n cubierta de 4 candados con candados de aluminio A1106RED.<\/span><br><\/p>\n\n\n<p><font style=\"vertical-align: inherit;\"><font style=\"vertical-align: inherit;\"><font style=\"vertical-align: inherit;\"><font style=\"vertical-align: inherit; color: rgb(255, 255, 255);\">Modelo 1483B &#8211; Master Look<\/font><\/font><\/font><\/font><\/p>\n\n<p><span style=\"font-size: 14px;\">Estaci\u00f3n cubierta de 10 candados con etiquetas en tres idiomas, vac\u00eda.<\/span><br><\/p>\n\n\n\n\n<h2><strong style=\"color: rgb(0, 0, 0);\">Marcas<\/strong><\/h2>\n\n\n\n\n\n\n\n\n\n\n","protected":false},"excerpt":{"rendered":"","protected":false},"author":1,"featured_media":0,"parent":0,"menu_order":0,"comment_status":"closed","ping_status":"closed","template":"","meta":{"_siteseo_robots_primary_cat":"","pagelayer_contact_templates":[],"_pagelayer_content":"","footnotes":""},"class_list":["post-1235","page","type-page","status-publish","hentry"],"_links":{"self":[{"href":"https:\/\/eppqro.com\/web\/wp-json\/wp\/v2\/pages\/1235","targetHints":{"allow":["GET"]}}],"collection":[{"href":"https:\/\/eppqro.com\/web\/wp-json\/wp\/v2\/pages"}],"about":[{"href":"https:\/\/eppqro.com\/web\/wp-json\/wp\/v2\/types\/page"}],"author":[{"embeddable":true,"href":"https:\/\/eppqro.com\/web\/wp-json\/wp\/v2\/users\/1"}],"replies":[{"embeddable":true,"href":"https:\/\/eppqro.com\/web\/wp-json\/wp\/v2\/comments?post=1235"}],"version-history":[{"count":16,"href":"https:\/\/eppqro.com\/web\/wp-json\/wp\/v2\/pages\/1235\/revisions"}],"predecessor-version":[{"id":2561,"href":"https:\/\/eppqro.com\/web\/wp-json\/wp\/v2\/pages\/1235\/revisions\/2561"}],"wp:attachment":[{"href":"https:\/\/eppqro.com\/web\/wp-json\/wp\/v2\/media?parent=1235"}],"curies":[{"name":"wp","href":"https:\/\/api.w.org\/{rel}","templated":true}]}}