{"id":1452,"date":"2024-08-06T23:30:02","date_gmt":"2024-08-06T23:30:02","guid":{"rendered":"https:\/\/eppqro.com\/web\/?page_id=1452"},"modified":"2024-08-27T14:59:06","modified_gmt":"2024-08-27T14:59:06","slug":"proteccion-para-pies","status":"publish","type":"page","link":"https:\/\/eppqro.com\/web\/proteccion-para-pies\/","title":{"rendered":"PROTECCION PARA PIES"},"content":{"rendered":"\n\n\n\n\n<p style=\"text-align: justify;\"><font style=\"vertical-align: inherit;\"><font style=\"vertical-align: inherit; color: rgb(255, 255, 255);\">Es el tipo de calzado m\u00e1s com\u00fan y esencial. Cuenta con una puntera de protecci\u00f3n, generalmente de acero o materiales compuestos, que cubre los dedos del pie y los protege de impactos y aplastamientos.<\/font><\/font><\/p>\n\n\n<p style=\"text-align: justify;\"><font style=\"vertical-align: inherit;\"><font style=\"vertical-align: inherit; color: rgb(255, 255, 255);\">Las rodilleras son dispositivos de protecci\u00f3n que se colocan en las rodillas para amortiguar los impactos y reducir el riesgo de lesiones en esta articulaci\u00f3n. Son especialmente \u00fatiles en trabajos que requieren estar arrodillado o en actividades f\u00edsicas que ejercen presi\u00f3n sobre las rodillas.<\/font><\/font><\/p>\n\n\n<p style=\"text-align: justify;\"><font style=\"vertical-align: inherit;\"><font style=\"vertical-align: inherit;\"><\/font><\/font><span style=\"color:#ffffff;\"><font style=\"vertical-align: inherit;\"><font style=\"vertical-align: inherit;\">Es una pieza de protecci\u00f3n que cubre la parte superior del pie, desde los dedos hasta el empeine. <\/font><\/font><font style=\"vertical-align: inherit;\"><font style=\"vertical-align: inherit;\">Se utiliza en ambientes donde exista riesgo de ca\u00edda de objetos pesados \u200b\u200bsobre el pie.<\/font><\/font><\/span><font style=\"vertical-align: inherit;\"><font style=\"vertical-align: inherit;\"><\/font><\/font><\/p><p style=\"text-align: justify;\"><span style=\"color:#ffffff;\"><font style=\"vertical-align: inherit;\"><font style=\"vertical-align: inherit;\"><br><\/font><\/font><\/span><\/p>\n\n\n\n\n<p style=\"text-align: justify;\"><font style=\"vertical-align: inherit;\"><font style=\"vertical-align: inherit;\"><\/font><\/font><span style=\"color:#ffffff;\"><font style=\"vertical-align: inherit;\"><font style=\"vertical-align: inherit;\">Como ya mencionamos, es la parte del calzado que cubre los dedos del pie. <\/font><\/font><font style=\"vertical-align: inherit;\"><font style=\"vertical-align: inherit;\">Puede ser de acero, <\/font><\/font><font style=\"vertical-align: inherit;\"><font style=\"vertical-align: inherit;\">materiales compuestos (como fibra de carbono) o incluso de pl\u00e1stico. <\/font><\/font><font style=\"vertical-align: inherit;\"><font style=\"vertical-align: inherit;\">Los materiales compuestos son cada vez m\u00e1s populares debido a su ligereza y resistencia.<\/font><\/font><\/span><font style=\"vertical-align: inherit;\"><font style=\"vertical-align: inherit;\"><\/font><\/font><\/p>\n\n\n\n\n\n\n\n\n","protected":false},"excerpt":{"rendered":"","protected":false},"author":1,"featured_media":0,"parent":0,"menu_order":0,"comment_status":"closed","ping_status":"closed","template":"","meta":{"_siteseo_robots_primary_cat":"","pagelayer_contact_templates":[],"_pagelayer_content":"","footnotes":""},"class_list":["post-1452","page","type-page","status-publish","hentry"],"_links":{"self":[{"href":"https:\/\/eppqro.com\/web\/wp-json\/wp\/v2\/pages\/1452","targetHints":{"allow":["GET"]}}],"collection":[{"href":"https:\/\/eppqro.com\/web\/wp-json\/wp\/v2\/pages"}],"about":[{"href":"https:\/\/eppqro.com\/web\/wp-json\/wp\/v2\/types\/page"}],"author":[{"embeddable":true,"href":"https:\/\/eppqro.com\/web\/wp-json\/wp\/v2\/users\/1"}],"replies":[{"embeddable":true,"href":"https:\/\/eppqro.com\/web\/wp-json\/wp\/v2\/comments?post=1452"}],"version-history":[{"count":12,"href":"https:\/\/eppqro.com\/web\/wp-json\/wp\/v2\/pages\/1452\/revisions"}],"predecessor-version":[{"id":2220,"href":"https:\/\/eppqro.com\/web\/wp-json\/wp\/v2\/pages\/1452\/revisions\/2220"}],"wp:attachment":[{"href":"https:\/\/eppqro.com\/web\/wp-json\/wp\/v2\/media?parent=1452"}],"curies":[{"name":"wp","href":"https:\/\/api.w.org\/{rel}","templated":true}]}}