{"id":1520,"date":"2024-08-07T17:25:47","date_gmt":"2024-08-07T17:25:47","guid":{"rendered":"https:\/\/eppqro.com\/web\/?page_id=1520"},"modified":"2024-08-27T15:34:38","modified_gmt":"2024-08-27T15:34:38","slug":"puntera-de-proteccion","status":"publish","type":"page","link":"https:\/\/eppqro.com\/web\/puntera-de-proteccion\/","title":{"rendered":"PUNTERA DE PROTECCION"},"content":{"rendered":"\n\n\n<p style=\"color: rgb(255, 255, 255); text-align: center;\"><font style=\"vertical-align: inherit;\"><font style=\"vertical-align: inherit;\">Puntera de Acero 4.5&nbsp;<\/font><\/font><\/p>\n\n<p><font style=\"vertical-align: inherit;\"><font style=\"vertical-align: inherit; color: rgb(0, 0, 0);\"><strong>Modelo ELL-702-45<\/strong><\/font><\/font><\/p>\n<p style=\"text-align: justify;\"><span style=\"font-size: 14px;\">Las punteras de seguridad se adaptan a cualquier zapato, brindan la m\u00e1xima protecci\u00f3n para los dedos y no causan molestias porque no cubren enteramente el pie. Son lo suficientemente ligeras como para llevarlas c\u00f3modamente todo el d\u00eda.<\/span><br><\/p>\n\n\n<p style=\"text-align: center;\"><font style=\"vertical-align: inherit;\"><font style=\"vertical-align: inherit;\"><font style=\"vertical-align: inherit;\"><font style=\"vertical-align: inherit; color: rgb(255, 255, 255);\"><font style=\"vertical-align: inherit;\"><font style=\"vertical-align: inherit;\">Puntera Plastica PROTEC<\/font><\/font><\/font><\/font><\/font><\/font><\/p>\n\n<p><font style=\"vertical-align: inherit;\"><font style=\"vertical-align: inherit; color: rgb(0, 0, 0);\"><strong>Modelo OSB-OG-3601<\/strong><\/font><\/font><\/p>\n<p style=\"text-align: justify;\"><span style=\"font-size: 14px;\"><font style=\"vertical-align: inherit;\"><font style=\"vertical-align: inherit;\">Cuando no es necesario el calzado con punta de acero, las punteras termopl\u00e1sticas brindan protecci\u00f3n al pie contra objetos que caen y ruedan. Las punteras se mantienen en su lugar mediante una liga de goma ajustable.&nbsp;<\/font><\/font><\/span><br><\/p>\n\n\n<p style=\"text-align: center;\"><font style=\"vertical-align: inherit;\"><font style=\"vertical-align: inherit; color: rgb(255, 255, 255);\"><font style=\"vertical-align: inherit;\"><font style=\"vertical-align: inherit;\">Puntera\/Protector de Pl\u00e1stico&nbsp;<\/font><\/font><\/font><\/font><\/p>\n\n<p><br><\/p>\n<p><span style=\"font-size: 14px;\">Protector para pie.<\/span><\/p><p><span style=\"font-size: 14px;\">Fabricado en pl\u00e1stico Thermo-Foam.<\/span><\/p><p><span style=\"font-size: 14px;\">Bandas de hule para ajuste en suela y tal\u00f3n.<\/span><\/p><span style=\"color:#000000;\"><p><span style=\"font-size: 14px;\"><\/span><\/p><p><span style=\"font-size: 14px;\"><strong style=\"color: rgb(0, 0, 0);\">Talla<\/strong><\/span>: Est\u00e1ndar.<\/p><\/span><p><span style=\"font-size: 14px;\"><span style=\"color:#000000;\"><strong>Presentaci\u00f3n<\/strong><\/span>: Por par.<\/span><\/p><p><span style=\"font-size: 14px;\">Dise\u00f1ado para aguantar un impacto de hasta 30 lb\/<\/span><\/p>\n\n\n\n\n<p style=\"text-align: center;\"><span style=\"color:#ffffff;\">Galocha PVC con casco de Policarbonato Pro Rbber Negro IGB<\/span><br><\/p>\n\n\n\n\n\n<p>Galocha con Casquillo, marca Duramil, modelo IGB. Diel\u00e9ctrico y con casquillo sustituye al calzado de seguridad utilizando su calzado favorito. Inyecci\u00f3n de una sola pieza que impide la filtraci\u00f3n de humedad hacia el interio<br><\/p>\n\n\n<p>Modelo 01898-04<\/p>\n<p>Certificaci\u00f3n: ASTM F2413 M\/I\/C<br><\/p>\n\n\n\n\n\n\n\n\n\n","protected":false},"excerpt":{"rendered":"","protected":false},"author":1,"featured_media":0,"parent":0,"menu_order":0,"comment_status":"closed","ping_status":"closed","template":"","meta":{"_siteseo_robots_primary_cat":"","pagelayer_contact_templates":[],"_pagelayer_content":"","footnotes":""},"class_list":["post-1520","page","type-page","status-publish","hentry"],"_links":{"self":[{"href":"https:\/\/eppqro.com\/web\/wp-json\/wp\/v2\/pages\/1520","targetHints":{"allow":["GET"]}}],"collection":[{"href":"https:\/\/eppqro.com\/web\/wp-json\/wp\/v2\/pages"}],"about":[{"href":"https:\/\/eppqro.com\/web\/wp-json\/wp\/v2\/types\/page"}],"author":[{"embeddable":true,"href":"https:\/\/eppqro.com\/web\/wp-json\/wp\/v2\/users\/1"}],"replies":[{"embeddable":true,"href":"https:\/\/eppqro.com\/web\/wp-json\/wp\/v2\/comments?post=1520"}],"version-history":[{"count":8,"href":"https:\/\/eppqro.com\/web\/wp-json\/wp\/v2\/pages\/1520\/revisions"}],"predecessor-version":[{"id":2236,"href":"https:\/\/eppqro.com\/web\/wp-json\/wp\/v2\/pages\/1520\/revisions\/2236"}],"wp:attachment":[{"href":"https:\/\/eppqro.com\/web\/wp-json\/wp\/v2\/media?parent=1520"}],"curies":[{"name":"wp","href":"https:\/\/api.w.org\/{rel}","templated":true}]}}