{"id":1628,"date":"2024-08-08T16:15:35","date_gmt":"2024-08-08T16:15:35","guid":{"rendered":"https:\/\/eppqro.com\/web\/?page_id=1628"},"modified":"2024-08-28T16:07:32","modified_gmt":"2024-08-28T16:07:32","slug":"proteccion-auditiva","status":"publish","type":"page","link":"https:\/\/eppqro.com\/web\/proteccion-auditiva\/","title":{"rendered":"Proteccion Auditiva"},"content":{"rendered":"\n\n\n<p style=\"text-align: center;\"><font style=\"vertical-align: inherit;\"><font style=\"vertical-align: inherit; color: rgb(255, 255, 255);\">Tap\u00f3n Auditivo Reutilizable con Cord\u00f3n y caja<\/font><\/font><\/p>\n\n<div class=\"std\" style=\"box-sizing: inherit; color: rgb(33, 37, 41); font-family: -apple-system, BlinkMacSystemFont, &quot;Segoe UI&quot;, Roboto, &quot;Helvetica Neue&quot;, Arial, sans-serif, &quot;Apple Color Emoji&quot;, &quot;Segoe UI Emoji&quot;, &quot;Segoe UI Symbol&quot;; font-size: 12px;\"><span style=\"box-sizing: inherit; font-weight: bolder;\">MODELO:<\/span>&nbsp;HA-026-C<\/div><div class=\"std\" style=\"box-sizing: inherit; color: rgb(33, 37, 41); font-family: -apple-system, BlinkMacSystemFont, &quot;Segoe UI&quot;, Roboto, &quot;Helvetica Neue&quot;, Arial, sans-serif, &quot;Apple Color Emoji&quot;, &quot;Segoe UI Emoji&quot;, &quot;Segoe UI Symbol&quot;; font-size: 12px;\"><span style=\"box-sizing: inherit; font-weight: bolder;\">MARCA:<\/span>&nbsp;Derma Care<\/div><div class=\"std\" style=\"box-sizing: inherit; color: rgb(33, 37, 41); font-family: -apple-system, BlinkMacSystemFont, &quot;Segoe UI&quot;, Roboto, &quot;Helvetica Neue&quot;, Arial, sans-serif, &quot;Apple Color Emoji&quot;, &quot;Segoe UI Emoji&quot;, &quot;Segoe UI Symbol&quot;; font-size: 12px;\"><span style=\"box-sizing: inherit; font-weight: bolder;\">UNIDAD:<\/span>&nbsp;CAJA<\/div>\n<p><span style=\"color: rgb(116, 116, 116); font-family: -apple-system, BlinkMacSystemFont, &quot;Segoe UI&quot;, Roboto, &quot;Helvetica Neue&quot;, Arial, sans-serif, &quot;Apple Color Emoji&quot;, &quot;Segoe UI Emoji&quot;, &quot;Segoe UI Symbol&quot;;\"><font style=\"vertical-align: inherit;\"><font style=\"vertical-align: inherit;\">Tap\u00f3n reutilizable, con cord\u00f3n trenzado para mayor comodidad presentaci\u00f3n en caja para almacenaje individual.<\/font><\/font><\/span><br><\/p>\n\n\n<p style=\"text-align: center;\"><font style=\"vertical-align: inherit;\"><font style=\"vertical-align: inherit; color: rgb(255, 255, 255);\">Tap\u00f3n Auditivo reutilizable&nbsp;<\/font><\/font><\/p>\n\n<div class=\"std\" style=\"box-sizing: inherit; color: rgb(33, 37, 41); font-family: -apple-system, BlinkMacSystemFont, &quot;Segoe UI&quot;, Roboto, &quot;Helvetica Neue&quot;, Arial, sans-serif, &quot;Apple Color Emoji&quot;, &quot;Segoe UI Emoji&quot;, &quot;Segoe UI Symbol&quot;; font-size: 12px;\"><span style=\"box-sizing: inherit; font-weight: bolder;\">MODELO:<\/span>&nbsp;HA-026<\/div><div class=\"std\" style=\"box-sizing: inherit; color: rgb(33, 37, 41); font-family: -apple-system, BlinkMacSystemFont, &quot;Segoe UI&quot;, Roboto, &quot;Helvetica Neue&quot;, Arial, sans-serif, &quot;Apple Color Emoji&quot;, &quot;Segoe UI Emoji&quot;, &quot;Segoe UI Symbol&quot;; font-size: 12px;\"><span style=\"box-sizing: inherit; font-weight: bolder;\">MARCA:<\/span>&nbsp;Derma Care<\/div><div class=\"std\" style=\"box-sizing: inherit; color: rgb(33, 37, 41); font-family: -apple-system, BlinkMacSystemFont, &quot;Segoe UI&quot;, Roboto, &quot;Helvetica Neue&quot;, Arial, sans-serif, &quot;Apple Color Emoji&quot;, &quot;Segoe UI Emoji&quot;, &quot;Segoe UI Symbol&quot;; font-size: 12px;\"><span style=\"box-sizing: inherit; font-weight: bolder;\">UNIDAD:<\/span>&nbsp;CAJA<\/div>\n<p><span style=\"color: rgb(116, 116, 116); font-family: -apple-system, BlinkMacSystemFont, &quot;Segoe UI&quot;, Roboto, &quot;Helvetica Neue&quot;, Arial, sans-serif, &quot;Apple Color Emoji&quot;, &quot;Segoe UI Emoji&quot;, &quot;Segoe UI Symbol&quot;;\"><font style=\"vertical-align: inherit;\"><font style=\"vertical-align: inherit;\">Tap\u00f3n reutilizable, con cord\u00f3n trenzado para mayor comodidad, presentaci\u00f3n individual en bolsa.<\/font><\/font><\/span><br><\/p>\n\n\n\n\n<p style=\"text-align: center;\"><font style=\"vertical-align: inherit;\"><font style=\"vertical-align: inherit;\"><font style=\"vertical-align: inherit;\"><font style=\"vertical-align: inherit; color: rgb(255, 255, 255);\">Tap\u00f3n Auditivo Reutilizable con Cord\u00f3n<\/font><\/font><\/font><\/font><\/p>\n\n<div class=\"std\" style=\"box-sizing: inherit; color: rgb(33, 37, 41); font-family: -apple-system, BlinkMacSystemFont, &quot;Segoe UI&quot;, Roboto, &quot;Helvetica Neue&quot;, Arial, sans-serif, &quot;Apple Color Emoji&quot;, &quot;Segoe UI Emoji&quot;, &quot;Segoe UI Symbol&quot;; font-size: 12px;\"><span style=\"box-sizing: inherit; font-weight: bolder;\"><font style=\"vertical-align: inherit;\"><font style=\"vertical-align: inherit;\">MODELO:<\/font><\/font><\/span>&nbsp;<font style=\"vertical-align: inherit;\">&nbsp;<font style=\"vertical-align: inherit;\"><font style=\"vertical-align: inherit;\">&nbsp;Azul 70071515731<\/font><\/font><\/font><\/div><div class=\"std\" style=\"box-sizing: inherit; color: rgb(33, 37, 41); font-family: -apple-system, BlinkMacSystemFont, &quot;Segoe UI&quot;, Roboto, &quot;Helvetica Neue&quot;, Arial, sans-serif, &quot;Apple Color Emoji&quot;, &quot;Segoe UI Emoji&quot;, &quot;Segoe UI Symbol&quot;; font-size: 12px;\"><span style=\"box-sizing: inherit; font-weight: bolder;\"><font style=\"vertical-align: inherit;\"><font style=\"vertical-align: inherit;\">MARCA: <\/font><\/font><\/span>&nbsp;<font style=\"vertical-align: inherit;\">&nbsp;3M<\/font><\/div>\n<p><span style=\"font-size: 14px;\">Su tama\u00f1o \u00fanico se ajusta c\u00f3modamente a la mayor\u00eda de los conductos auditivos y proporciona un alto nivel de atenuaci\u00f3n.<\/span><br><\/p>\n\n\n<p style=\"text-align: center;\"><font style=\"vertical-align: inherit;\"><font style=\"vertical-align: inherit;\"><font style=\"vertical-align: inherit;\"><font style=\"vertical-align: inherit; color: rgb(255, 255, 255);\">Tap\u00f3n Auditivo Desechable EAR-SOFT<\/font><\/font><\/font><\/font><\/p>\n\n<div class=\"std\" style=\"box-sizing: inherit; color: rgb(33, 37, 41); font-family: -apple-system, BlinkMacSystemFont, &quot;Segoe UI&quot;, Roboto, &quot;Helvetica Neue&quot;, Arial, sans-serif, &quot;Apple Color Emoji&quot;, &quot;Segoe UI Emoji&quot;, &quot;Segoe UI Symbol&quot;; font-size: 12px;\"><span style=\"box-sizing: inherit; font-weight: bolder;\"><font style=\"vertical-align: inherit;\"><font style=\"vertical-align: inherit;\">MODELO:<\/font><\/font><\/span>&nbsp;<font style=\"vertical-align: inherit;\">&nbsp;<font style=\"vertical-align: inherit;\"><font style=\"vertical-align: inherit;\">&nbsp;311-1250<\/font><\/font><\/font><\/div><div class=\"std\" style=\"box-sizing: inherit; color: rgb(33, 37, 41); font-family: -apple-system, BlinkMacSystemFont, &quot;Segoe UI&quot;, Roboto, &quot;Helvetica Neue&quot;, Arial, sans-serif, &quot;Apple Color Emoji&quot;, &quot;Segoe UI Emoji&quot;, &quot;Segoe UI Symbol&quot;; font-size: 12px;\"><span style=\"box-sizing: inherit; font-weight: bolder;\"><font style=\"vertical-align: inherit;\"><font style=\"vertical-align: inherit;\">MARCA: <\/font><\/font><\/span>&nbsp;<font style=\"vertical-align: inherit;\">&nbsp;3M<\/font><\/div>\n<p><span style=\"font-size: 14px;\">Suaves tapones auditivos desechables con cord\u00f3n. Dise\u00f1o en forma de bala que brinda gran confort.&nbsp;<\/span><br><\/p>\n\n\n\n\n<p style=\"text-align: center;\"><font style=\"vertical-align: inherit;\"><font style=\"vertical-align: inherit; color: rgb(255, 255, 255);\">Oreja Pl\u00e1stica Ligera Tipo Deadema<\/font><\/font><\/p>\n\n<div class=\"std\" style=\"box-sizing: inherit; color: rgb(33, 37, 41); font-family: -apple-system, BlinkMacSystemFont, &quot;Segoe UI&quot;, Roboto, &quot;Helvetica Neue&quot;, Arial, sans-serif, &quot;Apple Color Emoji&quot;, &quot;Segoe UI Emoji&quot;, &quot;Segoe UI Symbol&quot;; font-size: 12px;\"><span style=\"box-sizing: inherit; font-weight: bolder;\">MODELO:<\/span>&nbsp;<font style=\"vertical-align: inherit;\">&nbsp;<font style=\"vertical-align: inherit;\"><font style=\"vertical-align: inherit;\">&nbsp;Rojo\/Negro JYR-801<\/font><\/font><\/font><\/div><div class=\"std\" style=\"box-sizing: inherit; color: rgb(33, 37, 41); font-family: -apple-system, BlinkMacSystemFont, &quot;Segoe UI&quot;, Roboto, &quot;Helvetica Neue&quot;, Arial, sans-serif, &quot;Apple Color Emoji&quot;, &quot;Segoe UI Emoji&quot;, &quot;Segoe UI Symbol&quot;; font-size: 12px;\"><span style=\"box-sizing: inherit; font-weight: bolder;\">MARCA:&nbsp;<\/span>&nbsp;<font style=\"vertical-align: inherit;\">&nbsp;Jyrsa<\/font><\/div>\n<p><span style=\"font-size: 14px;\">Reduce el riesgo de da\u00f1os irreversibles, causados por la exposici\u00f3n constante a niveles de ruido da\u00f1inos para la salud.<\/span><br><\/p>\n\n\n<p style=\"text-align: center;\"><font style=\"vertical-align: inherit;\"><font style=\"vertical-align: inherit; color: rgb(255, 255, 255);\">Orejas ABS Adaptables&nbsp;<\/font><\/font><\/p>\n\n<div class=\"std\" style=\"box-sizing: inherit; color: rgb(33, 37, 41); font-family: -apple-system, BlinkMacSystemFont, &quot;Segoe UI&quot;, Roboto, &quot;Helvetica Neue&quot;, Arial, sans-serif, &quot;Apple Color Emoji&quot;, &quot;Segoe UI Emoji&quot;, &quot;Segoe UI Symbol&quot;; font-size: 12px;\"><span style=\"box-sizing: inherit; font-weight: bolder;\"><font style=\"vertical-align: inherit;\"><font style=\"vertical-align: inherit;\">MODELO: <\/font><\/font><\/span>&nbsp;<font style=\"vertical-align: inherit;\"><font style=\"vertical-align: inherit;\"><font style=\"vertical-align: inherit;\"><font style=\"vertical-align: inherit;\"><font style=\"vertical-align: inherit;\">&nbsp;Negro\/Verde H7P3E<\/font><\/font><\/font><\/font><\/font><\/div><div class=\"std\" style=\"box-sizing: inherit; color: rgb(33, 37, 41); font-family: -apple-system, BlinkMacSystemFont, &quot;Segoe UI&quot;, Roboto, &quot;Helvetica Neue&quot;, Arial, sans-serif, &quot;Apple Color Emoji&quot;, &quot;Segoe UI Emoji&quot;, &quot;Segoe UI Symbol&quot;; font-size: 12px;\"><span style=\"box-sizing: inherit; font-weight: bolder;\"><font style=\"vertical-align: inherit;\"><font style=\"vertical-align: inherit;\">MARCA: <\/font><\/font>&nbsp;<\/span>&nbsp;<font style=\"vertical-align: inherit;\"><font style=\"vertical-align: inherit;\"><font style=\"vertical-align: inherit;\">&nbsp;3M<\/font><\/font><\/font><\/div>\n<p><span style=\"font-size: 14px;\">Orejeras adaptables a casco. la construcci\u00f3n es resistente a la flexi\u00f3n y la deformaci\u00f3n.<\/span><br><\/p>\n\n\n\n\n<p style=\"text-align: center;\"><font style=\"vertical-align: inherit;\"><font style=\"vertical-align: inherit;\"><font style=\"vertical-align: inherit;\"><font style=\"vertical-align: inherit; color: rgb(255, 255, 255);\">Repuestos de dispensador de Tapones Auditivos<\/font><\/font><\/font><\/font><\/p>\n\n<div class=\"std\" style=\"box-sizing: inherit; color: rgb(33, 37, 41); font-family: -apple-system, BlinkMacSystemFont, &quot;Segoe UI&quot;, Roboto, &quot;Helvetica Neue&quot;, Arial, sans-serif, &quot;Apple Color Emoji&quot;, &quot;Segoe UI Emoji&quot;, &quot;Segoe UI Symbol&quot;; font-size: 12px;\"><span style=\"box-sizing: inherit; font-weight: bolder;\"><font style=\"vertical-align: inherit;\"><font style=\"vertical-align: inherit;\">MODELO:&nbsp; <\/font><\/font><\/span>&nbsp;<font style=\"vertical-align: inherit;\"><font style=\"vertical-align: inherit;\"><font style=\"vertical-align: inherit;\">&nbsp;Modelo 391-1004<\/font><\/font><\/font><\/div><div class=\"std\" style=\"box-sizing: inherit; color: rgb(33, 37, 41); font-family: -apple-system, BlinkMacSystemFont, &quot;Segoe UI&quot;, Roboto, &quot;Helvetica Neue&quot;, Arial, sans-serif, &quot;Apple Color Emoji&quot;, &quot;Segoe UI Emoji&quot;, &quot;Segoe UI Symbol&quot;; font-size: 12px;\"><span style=\"box-sizing: inherit; font-weight: bolder;\"><font style=\"vertical-align: inherit;\"><font style=\"vertical-align: inherit;\"><font style=\"vertical-align: inherit;\"><font style=\"vertical-align: inherit;\">MARCA: <\/font><\/font>&nbsp;<\/font><\/font>&nbsp;<\/span>&nbsp;<font style=\"vertical-align: inherit;\"><font style=\"vertical-align: inherit;\"><font style=\"vertical-align: inherit;\">&nbsp;3M<\/font><\/font><\/font><\/div>\n<p><span style=\"font-size: 14px;\">Repuesto de dispensador One Touch con tapones 3M Yellow Neons. Dise\u00f1o en forma de bala.<\/span><br><\/p>\n\n\n<p style=\"text-align: center;\"><font style=\"vertical-align: inherit;\"><font style=\"vertical-align: inherit; color: rgb(255, 255, 255);\">Tap\u00f3n Auditivo Reutilizable Alta Visibilidad<\/font><\/font><\/p>\n\n<div class=\"std\" style=\"box-sizing: inherit; color: rgb(33, 37, 41); font-family: -apple-system, BlinkMacSystemFont, &quot;Segoe UI&quot;, Roboto, &quot;Helvetica Neue&quot;, Arial, sans-serif, &quot;Apple Color Emoji&quot;, &quot;Segoe UI Emoji&quot;, &quot;Segoe UI Symbol&quot;; font-size: 12px;\"><span style=\"box-sizing: inherit; font-weight: bolder;\"><font style=\"vertical-align: inherit;\"><font style=\"vertical-align: inherit;\">MODELO:&nbsp;&nbsp; <\/font><\/font><\/span>&nbsp;<font style=\"vertical-align: inherit;\"><font style=\"vertical-align: inherit;\"><font style=\"vertical-align: inherit;\">&nbsp;Modelo AS-026CC<\/font><\/font><\/font><\/div><div class=\"std\" style=\"box-sizing: inherit; color: rgb(33, 37, 41); font-family: -apple-system, BlinkMacSystemFont, &quot;Segoe UI&quot;, Roboto, &quot;Helvetica Neue&quot;, Arial, sans-serif, &quot;Apple Color Emoji&quot;, &quot;Segoe UI Emoji&quot;, &quot;Segoe UI Symbol&quot;; font-size: 12px;\"><span style=\"box-sizing: inherit; font-weight: bolder;\"><font style=\"vertical-align: inherit;\"><font style=\"vertical-align: inherit;\"><font style=\"vertical-align: inherit;\"><font style=\"vertical-align: inherit;\"><font style=\"vertical-align: inherit;\"><font style=\"vertical-align: inherit;\">MARCA: <\/font><\/font>&nbsp;<\/font><\/font>&nbsp;<\/font><\/font>&nbsp;<\/span>&nbsp;<font style=\"vertical-align: inherit;\"><font style=\"vertical-align: inherit;\"><font style=\"vertical-align: inherit;\">&nbsp;AP<\/font><\/font><\/font><\/div>\n<p><span style=\"font-size: 14px;\">Es suave de buen ajuste al contacto con el canal auditivo, provee un sello herm\u00e9tico.<\/span><br><\/p>\n\n\n\n\n<p style=\"text-align: center;\"><font style=\"vertical-align: inherit;\"><font style=\"vertical-align: inherit; color: rgb(255, 255, 255);\">Tap\u00f3n Auditivo Reutilizable con Cord\u00f3n ULTRAFIT<\/font><\/font><\/p>\n\n<div class=\"std\" style=\"box-sizing: inherit; color: rgb(33, 37, 41); font-family: -apple-system, BlinkMacSystemFont, &quot;Segoe UI&quot;, Roboto, &quot;Helvetica Neue&quot;, Arial, sans-serif, &quot;Apple Color Emoji&quot;, &quot;Segoe UI Emoji&quot;, &quot;Segoe UI Symbol&quot;; font-size: 12px;\"><span style=\"box-sizing: inherit; font-weight: bolder;\"><font style=\"vertical-align: inherit;\"><font style=\"vertical-align: inherit;\">MODELO:&nbsp;&nbsp; <\/font><\/font><\/span>&nbsp;<font style=\"vertical-align: inherit;\"><font style=\"vertical-align: inherit;\"><font style=\"vertical-align: inherit;\">&nbsp;Modelo 340-4004<\/font><\/font><\/font><\/div><div class=\"std\" style=\"box-sizing: inherit; color: rgb(33, 37, 41); font-family: -apple-system, BlinkMacSystemFont, &quot;Segoe UI&quot;, Roboto, &quot;Helvetica Neue&quot;, Arial, sans-serif, &quot;Apple Color Emoji&quot;, &quot;Segoe UI Emoji&quot;, &quot;Segoe UI Symbol&quot;; font-size: 12px;\"><span style=\"box-sizing: inherit; font-weight: bolder;\"><font style=\"vertical-align: inherit;\"><font style=\"vertical-align: inherit;\"><font style=\"vertical-align: inherit;\"><font style=\"vertical-align: inherit;\"><font style=\"vertical-align: inherit;\"><font style=\"vertical-align: inherit;\">MARCA: <\/font><\/font>&nbsp;<\/font><\/font>&nbsp;<\/font><\/font>&nbsp;<\/span>&nbsp;<font style=\"vertical-align: inherit;\"><font style=\"vertical-align: inherit;\"><font style=\"vertical-align: inherit;\">&nbsp;3M<\/font><\/font><\/font><\/div>\n<p><span style=\"font-size: 14px;\">Tapones reutilizables con v\u00e1stago de f\u00e1cil inserci\u00f3n con cord\u00f3n. Dise\u00f1o ergon\u00f3mico de triple falange para mayor comodida.<\/span><br><\/p>\n\n\n<p style=\"text-align: center;\"><font style=\"vertical-align: inherit;\"><font style=\"vertical-align: inherit;\"><font style=\"vertical-align: inherit;\"><font style=\"vertical-align: inherit; color: rgb(255, 255, 255);\">Tap\u00f3n Auditico Reutlizable&nbsp;<\/font><\/font><\/font><\/font><\/p>\n\n<div class=\"std\" style=\"box-sizing: inherit; color: rgb(33, 37, 41); font-family: -apple-system, BlinkMacSystemFont, &quot;Segoe UI&quot;, Roboto, &quot;Helvetica Neue&quot;, Arial, sans-serif, &quot;Apple Color Emoji&quot;, &quot;Segoe UI Emoji&quot;, &quot;Segoe UI Symbol&quot;; font-size: 12px;\"><span style=\"box-sizing: inherit; font-weight: bolder;\">MODELO:&nbsp;&nbsp;&nbsp;<\/span>&nbsp;<font style=\"vertical-align: inherit;\">&nbsp;Modelo 6405<\/font><\/div><div class=\"std\" style=\"box-sizing: inherit; color: rgb(33, 37, 41); font-family: -apple-system, BlinkMacSystemFont, &quot;Segoe UI&quot;, Roboto, &quot;Helvetica Neue&quot;, Arial, sans-serif, &quot;Apple Color Emoji&quot;, &quot;Segoe UI Emoji&quot;, &quot;Segoe UI Symbol&quot;; font-size: 12px;\"><span style=\"box-sizing: inherit; font-weight: bolder;\"><font style=\"vertical-align: inherit;\"><font style=\"vertical-align: inherit;\"><font style=\"vertical-align: inherit;\"><font style=\"vertical-align: inherit;\"><font style=\"vertical-align: inherit;\"><font style=\"vertical-align: inherit;\">MARCA:&nbsp;<\/font><\/font>&nbsp;<\/font><\/font>&nbsp;<\/font><\/font>&nbsp;<\/span>&nbsp;<font style=\"vertical-align: inherit;\">&nbsp;Moldex<\/font><\/div>\n<p><span style=\"font-size: 14px;\">Tapones lavables y reutilizables con cord\u00f3n y caja para mantenerlos limpios.<\/span><br><\/p>\n\n\n\n\n<p style=\"text-align: center;\"><font style=\"vertical-align: inherit;\"><font style=\"vertical-align: inherit;\"><font style=\"vertical-align: inherit;\"><font style=\"vertical-align: inherit; color: rgb(255, 255, 255);\">Orejas ADS Diadema Twin-Cup<\/font><\/font><\/font><\/font><\/p>\n\n<div class=\"std\" style=\"box-sizing: inherit; color: rgb(33, 37, 41); font-family: -apple-system, BlinkMacSystemFont, &quot;Segoe UI&quot;, Roboto, &quot;Helvetica Neue&quot;, Arial, sans-serif, &quot;Apple Color Emoji&quot;, &quot;Segoe UI Emoji&quot;, &quot;Segoe UI Symbol&quot;; font-size: 12px;\"><span style=\"box-sizing: inherit; font-weight: bolder;\"><font style=\"vertical-align: inherit;\"><font style=\"vertical-align: inherit;\">MODELO:&nbsp;&nbsp;&nbsp; <\/font><\/font><\/span>&nbsp;H10A<\/div><div class=\"std\" style=\"box-sizing: inherit; color: rgb(33, 37, 41); font-family: -apple-system, BlinkMacSystemFont, &quot;Segoe UI&quot;, Roboto, &quot;Helvetica Neue&quot;, Arial, sans-serif, &quot;Apple Color Emoji&quot;, &quot;Segoe UI Emoji&quot;, &quot;Segoe UI Symbol&quot;; font-size: 12px;\"><span style=\"box-sizing: inherit; font-weight: bolder;\"><font style=\"vertical-align: inherit;\"><font style=\"vertical-align: inherit;\"><font style=\"vertical-align: inherit;\"><font style=\"vertical-align: inherit;\"><font style=\"vertical-align: inherit;\"><font style=\"vertical-align: inherit;\"><font style=\"vertical-align: inherit;\"><font style=\"vertical-align: inherit;\">MARCA: <\/font><\/font>&nbsp;<\/font><\/font>&nbsp;<\/font><\/font>&nbsp;<\/font><\/font>&nbsp;<\/span>&nbsp;<font style=\"vertical-align: inherit;\"><font style=\"vertical-align: inherit;\"><font style=\"vertical-align: inherit;\">&nbsp;3M<\/font><\/font><\/font><\/div>\n<p><span style=\"font-size: 14px;\">La construcci\u00f3n es resistente a la flexi\u00f3n y la deformaci\u00f3n. Los puntos de giro se inclinan para comodidad y eficiencia \u00f3ptimas.<\/span><br><\/p>\n\n\n<p style=\"text-align: center;\"><font style=\"vertical-align: inherit;\"><font style=\"vertical-align: inherit; color: rgb(255, 255, 255);\">Dispensador de buj\u00edas Moldex<\/font><\/font><\/p>\n\n<div class=\"std\" style=\"box-sizing: inherit; color: rgb(33, 37, 41); font-family: -apple-system, BlinkMacSystemFont, &quot;Segoe UI&quot;, Roboto, &quot;Helvetica Neue&quot;, Arial, sans-serif, &quot;Apple Color Emoji&quot;, &quot;Segoe UI Emoji&quot;, &quot;Segoe UI Symbol&quot;; font-size: 12px;\"><span style=\"box-sizing: inherit; font-weight: bolder;\"><font style=\"vertical-align: inherit;\"><font style=\"vertical-align: inherit;\">MODELO:&nbsp;&nbsp;&nbsp;&nbsp; <\/font><\/font><\/span><font style=\"vertical-align: inherit;\"><font style=\"vertical-align: inherit;\"><font style=\"vertical-align: inherit;\">&nbsp;Sparkplugs 664<\/font><\/font><\/font><\/div><div class=\"std\" style=\"box-sizing: inherit; color: rgb(33, 37, 41); font-family: -apple-system, BlinkMacSystemFont, &quot;Segoe UI&quot;, Roboto, &quot;Helvetica Neue&quot;, Arial, sans-serif, &quot;Apple Color Emoji&quot;, &quot;Segoe UI Emoji&quot;, &quot;Segoe UI Symbol&quot;; font-size: 12px;\"><span style=\"box-sizing: inherit; font-weight: bolder;\"><font style=\"vertical-align: inherit;\"><font style=\"vertical-align: inherit;\"><font style=\"vertical-align: inherit;\"><font style=\"vertical-align: inherit;\"><font style=\"vertical-align: inherit;\"><font style=\"vertical-align: inherit;\"><font style=\"vertical-align: inherit;\"><font style=\"vertical-align: inherit;\"><font style=\"vertical-align: inherit;\"><font style=\"vertical-align: inherit;\">MARCA: <\/font><\/font>&nbsp;<\/font><\/font>&nbsp;<\/font><\/font>&nbsp;<\/font><\/font>&nbsp;<\/font><\/font>&nbsp;<\/span>&nbsp;<font style=\"vertical-align: inherit;\"><font style=\"vertical-align: inherit;\"><font style=\"vertical-align: inherit;\">&nbsp;Moldex<\/font><\/font><\/font><\/div>\n<p><span style=\"font-size: 14px;\">Dispensador de 250 pares de tapones auditivos,Brinda a los trabajadores un f\u00e1cil acceso a la protecci\u00f3n auditiva.<\/span><br><\/p>\n\n\n\n\n<p style=\"text-align: center;\"><font style=\"vertical-align: inherit;\"><font style=\"vertical-align: inherit; color: rgb(255, 255, 255);\">Orejas diadema<\/font><\/font><\/p>\n\n<div class=\"std\" style=\"box-sizing: inherit; color: rgb(33, 37, 41); font-family: -apple-system, BlinkMacSystemFont, &quot;Segoe UI&quot;, Roboto, &quot;Helvetica Neue&quot;, Arial, sans-serif, &quot;Apple Color Emoji&quot;, &quot;Segoe UI Emoji&quot;, &quot;Segoe UI Symbol&quot;; font-size: 12px;\"><span style=\"box-sizing: inherit; font-weight: bolder;\">MODELO:&nbsp;&nbsp;&nbsp;&nbsp;<\/span><font style=\"vertical-align: inherit;\">&nbsp;PELTOR X4,XAA-37273(AAD)<\/font><\/div><div class=\"std\" style=\"box-sizing: inherit; color: rgb(33, 37, 41); font-family: -apple-system, BlinkMacSystemFont, &quot;Segoe UI&quot;, Roboto, &quot;Helvetica Neue&quot;, Arial, sans-serif, &quot;Apple Color Emoji&quot;, &quot;Segoe UI Emoji&quot;, &quot;Segoe UI Symbol&quot;; font-size: 12px;\"><span style=\"box-sizing: inherit; font-weight: bolder;\"><font style=\"vertical-align: inherit;\"><font style=\"vertical-align: inherit;\"><font style=\"vertical-align: inherit;\"><font style=\"vertical-align: inherit;\"><font style=\"vertical-align: inherit;\"><font style=\"vertical-align: inherit;\"><font style=\"vertical-align: inherit;\"><font style=\"vertical-align: inherit;\">MARCA:&nbsp;<\/font><\/font>&nbsp;<\/font><\/font>&nbsp;<\/font><\/font>&nbsp;<\/font><\/font>&nbsp;<\/span>&nbsp;<font style=\"vertical-align: inherit;\">&nbsp;3M<\/font><\/div>\n<p><span style=\"font-size: 14px;\">Orejeras 3M\u2122 PELTOR\u2122 X4, X4A\/37273(AAD), Diadema Superior, 10\/Caja.<\/span><br><\/p>\n\n\n<p style=\"text-align: center;\"><font style=\"vertical-align: inherit;\"><font style=\"vertical-align: inherit;\"><font style=\"vertical-align: inherit;\"><font style=\"vertical-align: inherit; color: rgb(255, 255, 255);\">Orejas Peltor&nbsp;<\/font><\/font><\/font><\/font><\/p>\n\n<div class=\"std\" style=\"box-sizing: inherit; color: rgb(33, 37, 41); font-family: -apple-system, BlinkMacSystemFont, &quot;Segoe UI&quot;, Roboto, &quot;Helvetica Neue&quot;, Arial, sans-serif, &quot;Apple Color Emoji&quot;, &quot;Segoe UI Emoji&quot;, &quot;Segoe UI Symbol&quot;; font-size: 12px;\"><span style=\"box-sizing: inherit; font-weight: bolder;\"><font style=\"vertical-align: inherit;\"><font style=\"vertical-align: inherit;\">MODELO:&nbsp;&nbsp;&nbsp; <\/font><\/font><\/span>&nbsp;<font style=\"vertical-align: inherit;\"><font style=\"vertical-align: inherit;\"><font style=\"vertical-align: inherit;\">&nbsp;Modelo X2P5E<\/font><\/font><\/font><\/div><div class=\"std\" style=\"box-sizing: inherit; color: rgb(33, 37, 41); font-family: -apple-system, BlinkMacSystemFont, &quot;Segoe UI&quot;, Roboto, &quot;Helvetica Neue&quot;, Arial, sans-serif, &quot;Apple Color Emoji&quot;, &quot;Segoe UI Emoji&quot;, &quot;Segoe UI Symbol&quot;; font-size: 12px;\"><span style=\"box-sizing: inherit; font-weight: bolder;\"><font style=\"vertical-align: inherit;\"><font style=\"vertical-align: inherit;\"><font style=\"vertical-align: inherit;\"><font style=\"vertical-align: inherit;\"><font style=\"vertical-align: inherit;\"><font style=\"vertical-align: inherit;\"><font style=\"vertical-align: inherit;\"><font style=\"vertical-align: inherit;\">MARCA: <\/font><\/font>&nbsp;<\/font><\/font>&nbsp;<\/font><\/font>&nbsp;<\/font><\/font>&nbsp;<\/span>&nbsp;<font style=\"vertical-align: inherit;\"><font style=\"vertical-align: inherit;\"><font style=\"vertical-align: inherit;\">&nbsp;3M<\/font><\/font><\/font><\/div>\n<p><span style=\"font-size: 14px;\">3M\u00ae Orejera Peltor\u2122 montable a Casco, doble copa, X2P5E.<\/span><br><\/p>\n\n\n\n\n<p style=\"text-align: center;\"><font style=\"vertical-align: inherit;\"><font style=\"vertical-align: inherit;\"><font style=\"vertical-align: inherit;\"><font style=\"vertical-align: inherit; font-size: x-large;\"><strong style=\"color: rgb(0, 0, 0);\"><font style=\"vertical-align: inherit;\"><font style=\"vertical-align: inherit; color: rgb(255, 255, 255);\">Marcas<\/font><\/font><\/strong><\/font><\/font><\/font><\/font><\/p>\n\n\n\n\n\n\n\n\n\n\n\n\n\n\n\n\n\n\n\n","protected":false},"excerpt":{"rendered":"","protected":false},"author":1,"featured_media":0,"parent":0,"menu_order":0,"comment_status":"closed","ping_status":"closed","template":"","meta":{"_siteseo_robots_primary_cat":"","pagelayer_contact_templates":[],"_pagelayer_content":"","footnotes":""},"class_list":["post-1628","page","type-page","status-publish","hentry"],"_links":{"self":[{"href":"https:\/\/eppqro.com\/web\/wp-json\/wp\/v2\/pages\/1628","targetHints":{"allow":["GET"]}}],"collection":[{"href":"https:\/\/eppqro.com\/web\/wp-json\/wp\/v2\/pages"}],"about":[{"href":"https:\/\/eppqro.com\/web\/wp-json\/wp\/v2\/types\/page"}],"author":[{"embeddable":true,"href":"https:\/\/eppqro.com\/web\/wp-json\/wp\/v2\/users\/1"}],"replies":[{"embeddable":true,"href":"https:\/\/eppqro.com\/web\/wp-json\/wp\/v2\/comments?post=1628"}],"version-history":[{"count":10,"href":"https:\/\/eppqro.com\/web\/wp-json\/wp\/v2\/pages\/1628\/revisions"}],"predecessor-version":[{"id":2359,"href":"https:\/\/eppqro.com\/web\/wp-json\/wp\/v2\/pages\/1628\/revisions\/2359"}],"wp:attachment":[{"href":"https:\/\/eppqro.com\/web\/wp-json\/wp\/v2\/media?parent=1628"}],"curies":[{"name":"wp","href":"https:\/\/api.w.org\/{rel}","templated":true}]}}