{"id":2274,"date":"2024-08-27T20:20:25","date_gmt":"2024-08-27T20:20:25","guid":{"rendered":"https:\/\/eppqro.com\/web\/?page_id=2274"},"modified":"2024-08-28T00:30:04","modified_gmt":"2024-08-28T00:30:04","slug":"mascaras-de-proteccion","status":"publish","type":"page","link":"https:\/\/eppqro.com\/web\/mascaras-de-proteccion\/","title":{"rendered":"Mascaras de protecci\u00f3n"},"content":{"rendered":"\n\n\n<p style=\"text-align: center;\"><span style=\"color:#ffffff;\">Powered Air-Purifying Respirator<\/span><br><\/p>\n\n\nTubo de respiraci\u00f3n a prueba de aplastamientos.\nAjuste autom\u00e1tico de caudal\nAlarmas audibles y visuales para la indicaci\u00f3n de bajo flujo y bater\u00eda baja\nMenor volumen y mejor distribuci\u00f3n del peso mejora la eficiencia de los trabajadores\n\n\n\n<p style=\"text-align: center;\"><span style=\"color:#ffffff;\">M\u00e1scara Advantage\u00ae 3100<\/span><br><\/p>\n\n\nConexi\u00f3n \u00fanica, rosca est\u00e1ndar para acoplar el filtro\nCualquier componente puede ser cambiado a mano en cuesti\u00f3n de segundos\nEl visor resistente al rayado permite un amplio campo de visi\u00f3n\n\n\n\n<p style=\"text-align: center;\"><span style=\"color:#ffffff;\">Respiradores de Cara Completa Advantage\u00ae 1000<\/span><br><\/p>\n\n\nGran variedad de estilos que incluyen protecci\u00f3n total de la cabeza\n<div>F\u00e1cil de poner, quitar y ajustar<br><\/div>\n<div>Lente flexible con un campo de visi\u00f3n m\u00e1s ampli\u00f3 para una mejor visibilidad<br><\/div>\n<div>Atrae, recupera y neutraliza los contaminantes<br><\/div>\n\n\n\n\n\n<p style=\"text-align: center;\"><span style=\"color:#ffffff;\">kit de respirador purificador de aire alimentado por Versaflo<\/span><br><\/p>\n\n\nRespirador marca 3M\nPurificador de aire&nbsp;\n\n\n\n<p style=\"text-align: center;\"><span style=\"color:#ffffff;\">Respirador purificador de aire Optrel G300 de alta eficiencia<\/span><br><\/p>\n\n\n<div>Clase de seguridad m\u00e1s alta (TH3)<br><\/div>\n<div>Protege de forma fiable contra el humo, los aerosoles y el polvo<br><\/div>\n<div>Integrado, control de flujo de aire autom\u00e1tico<br><\/div>\nPrescindible con filtro de olor de brisa de monta\u00f1a\n\n\n\n\n\n<p style=\"color: rgb(255, 255, 255); text-align: center; font-size: medium;\">Respirador de Soldadura<\/p>\n\n<p><br><\/p>\n\n\n<p><br><\/p>\n<p><br><\/p>\n<p><br><\/p>\n<p><br><\/p>\n\n\n<p style=\"color: rgb(0, 0, 0);\"><strong>Incluye:<\/strong><\/p>\n\nSello frontal FR\n<div>Tubo de respiraci\u00f3n PX5\u00ae<br><\/div>\n<div>PAPR PX5\u00ae<br><\/div>\nOrejeras Quiet-Slim\u2122\n\n\n\n<p><br><\/p>\n<p>Certificado NIOSH: 42 CFR 84, Approval Numbers TC-19C-0577, TC-19C-0578<br><\/p>\n\n\n\n\n\n\n<p style=\"color: rgb(255, 255, 255); text-align: center; font-size: large;\">Marcas<\/p>\n\n\n\n\n\n\n\n\n\n\n\n\n\n","protected":false},"excerpt":{"rendered":"","protected":false},"author":1,"featured_media":0,"parent":0,"menu_order":0,"comment_status":"closed","ping_status":"closed","template":"","meta":{"_siteseo_robots_primary_cat":"","pagelayer_contact_templates":[],"_pagelayer_content":"","footnotes":""},"class_list":["post-2274","page","type-page","status-publish","hentry"],"_links":{"self":[{"href":"https:\/\/eppqro.com\/web\/wp-json\/wp\/v2\/pages\/2274","targetHints":{"allow":["GET"]}}],"collection":[{"href":"https:\/\/eppqro.com\/web\/wp-json\/wp\/v2\/pages"}],"about":[{"href":"https:\/\/eppqro.com\/web\/wp-json\/wp\/v2\/types\/page"}],"author":[{"embeddable":true,"href":"https:\/\/eppqro.com\/web\/wp-json\/wp\/v2\/users\/1"}],"replies":[{"embeddable":true,"href":"https:\/\/eppqro.com\/web\/wp-json\/wp\/v2\/comments?post=2274"}],"version-history":[{"count":4,"href":"https:\/\/eppqro.com\/web\/wp-json\/wp\/v2\/pages\/2274\/revisions"}],"predecessor-version":[{"id":2344,"href":"https:\/\/eppqro.com\/web\/wp-json\/wp\/v2\/pages\/2274\/revisions\/2344"}],"wp:attachment":[{"href":"https:\/\/eppqro.com\/web\/wp-json\/wp\/v2\/media?parent=2274"}],"curies":[{"name":"wp","href":"https:\/\/api.w.org\/{rel}","templated":true}]}}