{"id":2280,"date":"2024-08-27T20:33:13","date_gmt":"2024-08-27T20:33:13","guid":{"rendered":"https:\/\/eppqro.com\/web\/?page_id=2280"},"modified":"2024-08-29T01:20:00","modified_gmt":"2024-08-29T01:20:00","slug":"almacenamiento-de-quimicos","status":"publish","type":"page","link":"https:\/\/eppqro.com\/web\/almacenamiento-de-quimicos\/","title":{"rendered":"Almacenamiento de quimicos"},"content":{"rendered":"\n\n\n<p style=\"text-align: center;\"><span style=\"color:#ffffff;\">Gabinete de seguridad inflamables<\/span><br><\/p>\n\n<p><span style=\"color:#000000;\">Los gabinetes de seguridad inflamables PIG est\u00e1n construidos con caracter\u00edsticas l\u00edderes en su clase y respaldados por nuestra garant\u00eda de por vida.<\/span><br><\/p>\n\n<div>Estilo de puerta de cierre manual<br><\/div>\n<div>Capacidad de 114 L.&nbsp;<br><\/div>\n110 cm. x 47cm L x 112cm Al.\n\n\n\n<p style=\"text-align: center;\"><span style=\"color:#ffffff;\">Gabinete de Seguridad para L\u00edquidos Inflamables 2 puertas Amarillo<\/span><br><\/p>\n\n<p><span style=\"color:#000000;\">Los armarios de altura est\u00e1ndar son de 35 pulgadas o m\u00e1s altos y no tienen rodapi\u00e9.&nbsp;<\/span><br><\/p>\n\n<div>Capacidad 45 gal.<br><\/div>\n<div>Profundidad 18&#8243;<br><\/div>\n<div>Incluye (4) Pies Niveladores Ajustables y Etiqueta de Advertencia de Peligro<br><\/div>\n<div>Art\u00edculo Gabinete de Seguridad para L\u00edquidos Inflamables<br><\/div>\n\n\n\n<p style=\"text-align: center;\"><span style=\"color:#ffffff;\">Gabinete de Seguridad para L\u00edquidos Inflamables 2 puertas Amarillo<\/span><br><\/p>\n\n<p><span style=\"color:#000000;\">El gabinete de seguridad para l\u00edquidos inflamables color amarillo.&nbsp;<\/span><br><\/p>\n\n<div>Capacidad 90 gal.<br><\/div>\n<div>Profundidad 34&#8243;<br><\/div>\n<div>Color Amarillo<br><\/div>\nAltura 65&#8243;\nMaterial Acero\n\n\n\n\n\n<p style=\"text-align: center;\"><span style=\"color:#ffffff;\">Gabinete de Seguridad para L\u00edquidos Inflamables 2 puertas Rojo<\/span><br><\/p>\n\n\n<div>Capacidad 45 gal.<br><\/div>\n<div>Acabado Pulvirrevestido<br><\/div>\n<div>Altura 65&#8243;<br><\/div>\n<div>Profundidad 18&#8243;<br><\/div>\nN\u00famero de Puertas 2\n\n\n\n<p style=\"text-align: center;\"><span style=\"color:#ffffff;\">Gabinete de Seguridad para L\u00edquidos Inflamables 2 puertas Amarillo<\/span><br><\/p>\n\n\n<div>Capacidad 22 gal.<br><\/div>\n<div>Profundidad 22&#8243;<br><\/div>\n<div>Tipo de Mango Palanca<br><\/div>\n<div>Material Acero<br><\/div>\nAltura 35&#8243;\nAltura de Abertura de la Puerta 29&#8243;\n\n\n\n<p style=\"text-align: center;\"><span style=\"color:#ffffff;\">Bid\u00f3n de Seguridad Tipo II<\/span><br><\/p>\n\n\n<div>Altura 17-1\/2&#8243;<br><\/div>\n<div>Incluye Manguera<br><\/div>\n<div>Art\u00edculo Bid\u00f3n de Seguridad Tipo II<br><\/div>\n<div>Longitud 17&#8243;<br><\/div>\nAncho 11-1\/2&#8243;\nLongitud de Manguera 9&#8243;\nNormas FM, UL, ULC, TUV\n\n\n\n\n\n<p style=\"text-align: center;\"><span style=\"color:#ffffff;\">Bid\u00f3n de Seguridad Tipo II 1 gal. Rojo para Inflamables<\/span><br><\/p>\n\n\n<div>Incluye Arrestallamas de Acero Inoxidable, Tapa Herm\u00e9tica de Fuga de Auto-Cerrado<br><\/div>\nAltura 10-1\/2&#8243;\nNormas FM, TUV, UL, ULC\nFluidos Compatibles Flammables\n\n\n\n<p style=\"text-align: center;\"><span style=\"color:#ffffff;\">Recipiente de \u00c9mbolo 0.25 gal. Acero Rojo<\/span><br><\/p>\n\n\n<div>Capacidad 1 cuarto<br><\/div>\n<p>Art\u00edculo Recipiente de \u00c9mbolo<br><\/p>\n<div>Altura 5-5\/8&#8243;<br><\/div>\nAcabado Capa de Polvo\nMaterial Acero Galvanizado\n\n\n\n<p><br><\/p>\n\n\n\n\n<p style=\"font-size: medium; text-align: center; color: rgb(255, 255, 255);\">Marcas<\/p>\n\n\n\n\n\n\n\n\n\n\n\n\n\n","protected":false},"excerpt":{"rendered":"","protected":false},"author":1,"featured_media":0,"parent":0,"menu_order":0,"comment_status":"closed","ping_status":"closed","template":"","meta":{"_siteseo_robots_primary_cat":"","pagelayer_contact_templates":[],"_pagelayer_content":"","footnotes":""},"class_list":["post-2280","page","type-page","status-publish","hentry"],"_links":{"self":[{"href":"https:\/\/eppqro.com\/web\/wp-json\/wp\/v2\/pages\/2280","targetHints":{"allow":["GET"]}}],"collection":[{"href":"https:\/\/eppqro.com\/web\/wp-json\/wp\/v2\/pages"}],"about":[{"href":"https:\/\/eppqro.com\/web\/wp-json\/wp\/v2\/types\/page"}],"author":[{"embeddable":true,"href":"https:\/\/eppqro.com\/web\/wp-json\/wp\/v2\/users\/1"}],"replies":[{"embeddable":true,"href":"https:\/\/eppqro.com\/web\/wp-json\/wp\/v2\/comments?post=2280"}],"version-history":[{"count":7,"href":"https:\/\/eppqro.com\/web\/wp-json\/wp\/v2\/pages\/2280\/revisions"}],"predecessor-version":[{"id":2511,"href":"https:\/\/eppqro.com\/web\/wp-json\/wp\/v2\/pages\/2280\/revisions\/2511"}],"wp:attachment":[{"href":"https:\/\/eppqro.com\/web\/wp-json\/wp\/v2\/media?parent=2280"}],"curies":[{"name":"wp","href":"https:\/\/api.w.org\/{rel}","templated":true}]}}