{"id":2367,"date":"2024-08-28T17:21:41","date_gmt":"2024-08-28T17:21:41","guid":{"rendered":"https:\/\/eppqro.com\/web\/?page_id=2367"},"modified":"2024-08-30T00:51:45","modified_gmt":"2024-08-30T00:51:45","slug":"kit-para-espacios-confinados","status":"publish","type":"page","link":"https:\/\/eppqro.com\/web\/kit-para-espacios-confinados\/","title":{"rendered":"Kit para espacios confinados"},"content":{"rendered":"\n\n\n\n\n<p style=\"text-align: center;\"><span style=\"color: rgb(255, 255, 255);\">Kit para Ingreso a Espacios Confinados<\/span><br><\/p>\n\n<p style=\"text-align: justify;\">Contienen el equipo necesario para un ingreso seguro y controlado a diferentes tipos de espacios confinados.<br><\/p>\n\n<div>Entrada y salida de espacios confinados controlados.<br><\/div>\nGran movilidad y portabilidad.\n\n\n\n<p style=\"text-align: center;\"><span style=\"color:#ffffff;\">Cabrestante para espacios confinados DBI-SALA 8518558<\/span><br><\/p>\n\n<p style=\"text-align: justify;\">Maximiza la eficiencia y la seguridad en lugares de dif\u00edcil acceso y en las situaciones de protecci\u00f3n contra ca\u00eddas m\u00e1s complicadas.<br><\/p>\n\nOperaci\u00f3n manual con ventaja mec\u00e1nica de 9:1 y 4:1.\n<div>Sistema de frenado redundante triple.<br><\/div>\nGancho giratorio con indicador de impacto integrado.\n\n\n\n<p style=\"text-align: center;\"><span style=\"color:#ffffff;\">Petzl NEST Camilla de rescate<\/span><br><\/p>\n\n<p style=\"text-align: justify;\">Permite transportar a un herido en posici\u00f3n horizontal, vertical o inclinada. F\u00e1cil de manipular, simplifica la colocaci\u00f3n del herido.<br><\/p>\n\nArn\u00e9s de sujeci\u00f3n completo integrado en el interior.\nPermite transportar a un herido en posici\u00f3n horizontal, vertical o inclinada.\n\n\n\n\n\n<p style=\"text-align: center;\"><span style=\"color:#ffffff;\">Sistema de m\u00e1stil montacargas Advanced de 5 piezas 8518000<\/span><br><\/p>\n\n<p>De construcci\u00f3n resistente con materiales livianos, incluido aluminio de alta resistencia.<br><\/p>\n\nM\u00e1stil telesc\u00f3pico con punto de anclaje integrado de 5000 lb (22 kN).\nDistancia ajustable de 29.2 cm a 69.8 cm (11 \u00bd\u201d a 27 \u00bd\u201d).\nAltura regulable de 83.8 cm a 109.2 cm (33\u2033 a 43\u2033).\n\n\n\n<p style=\"text-align: center;\"><span style=\"color:#ffffff;\">Polea DBI-SALA 8003238<\/span><br><\/p>\n\n<p>La polea de enrutamiento DBI-SALA 8003238 se fija a la pata del tr\u00edpode de la serie 8000000 y encamina la l\u00ednea de vida de un cabrestante<br><\/p>\n\n<div>Polea para acceso y recuperaci\u00f3n en espacios confinados.<br><\/div>\n<div>Se utiliza con el tripi\u00e9 DBI-SALA 8000000.<br><\/div>\nGu\u00eda el cable del cabrestante o de la l\u00ednea de vida autorretr\u00e1ctil.\n\n\n\n<p style=\"text-align: center;\"><span style=\"color:#ffffff;\">Sistema de tripi\u00e9 para espacios confinados<\/span><br><\/p>\n\n<p>Dise\u00f1ado para ingreso, evacuaci\u00f3n y rescate seguros en lugares de dif\u00edcil acceso.<br><\/p>\n\n<div>Barra separadora integrada.<br><\/div>\n<div>Soportes de montaje para l\u00ednea retr\u00e1ctil y cabrestante.<br><\/div>\n<div>L\u00ednea de vida autorretr\u00e1ctil de 3 v\u00edas de cable de acero galvanizado.<br><\/div>\n<div>Poleas incorporadas al cabezal.<br><\/div>\n<div>Cabrestante de cable de acero galvanizado.<br><\/div>\n\n\n\n\n\n<p style=\"text-align: center;\"><span style=\"color:#ffffff;\">Equipos de respiraci\u00f3n aut\u00f3noma (SCBA)<\/span><br><\/p>\n\n<p>Estos sistemas pueden utilizarse para trabajar en, o escapar de, riesgos que incluyen aquellos que son inmediatamente peligrosos para la vida y la salud.<br><\/p>\n\n<div>Conjunto de estructura de la espalda.<br><\/div>\n<div>M\u00e1scara facial.<br><\/div>\nCilindro.\n\n\n\n<p style=\"text-align: center;\"><span style=\"color:#ffffff;\">Sistemas de aire suministrado (SAR)<\/span><br><\/p>\n\n<p>Los respiradores con suministro de aire pueden ser de flujo constante o de demanda por presi\u00f3n.<br><\/p>\n\n<div>Conjunto de arn\u00e9s.<br><\/div>\n<div>M\u00e1scara facial.<br><\/div>\nCilindro (Respiradores 3m Scott Ska-Pak).\n\n\n\n<p style=\"text-align: center;\"><strong style=\"color: rgb(255, 255, 255);\">Respirador Purificador de Aire Motorizado<\/strong><br><\/p>\n\n<p>El nuevo est\u00e1ndar en protecci\u00f3n intr\u00ednsecamente segura: el TR-800 es un soplador PAPR clasificado en la Divisi\u00f3n I para las Clases I, II y III seg\u00fan el est\u00e1ndar UL m\u00e1s actual (UL 60079, 6.a edici\u00f3n, 2013).<br><\/p>\n\n\n\n\n<p style=\"text-align: center;\"><span style=\"color:#ffffff;\">Kit de Respirador Purificador de Aire Motorizado Limpieza F\u00e1cil<\/span><br><\/p>\n\n<p>Convenientemente desechable: ahorre tiempo en la limpieza con nuestra capucha desechable sin mantenimiento.<br><\/p>\n\nAplicaci\u00f3n Recomendada: Manejo de Polvo, Operaciones de M\u00e1quina.\nTama\u00f1o: Est\u00e1ndar.\n\n\n\n<p style=\"text-align: center;\"><span style=\"color:#ffffff;\">CleanSpace HALO<\/span><br><\/p>\n\n<p>Proporciona un nivel elevado de protecci\u00f3n respiratoria en entornos sanitarios esenciales donde es crucialmente necesario.<br><\/p>\n\n<div>Tapa de control de sellado.<br><\/div>\nCargador de bater\u00eda universal.\n<div>Soporte de cuello x 2 (peque\u00f1o y mediano).<br><\/div>\n<div>Bolsa de transporte.<br><\/div>\n\n\n\n<p style=\"text-align: center;\"><span style=\"color:#ffffff;\">Detector de gases m\u00faltiples<\/span><br><\/p>\n\n<p>Puede monitorear hasta 6 gases de manera simult\u00e1nea. Incorpora una bomba de succi\u00f3n integrada para realizar monitoreo remoto<br><\/p>\n\n<div>Capacidad de monitorear hasta 6 gases a la vez.<br><\/div>\n<div>Capacidad de monitorear Vapores Org\u00e1nicos Vol\u00e1tiles<br><\/div>\n\n\n\n\n\n<p style=\"text-align: center;\"><span style=\"color:#ffffff;\">Detector Multigas ALTAIR 5X. Con pantalla de color.<\/span><br><\/p>\n\n<p>Incluye sensores XCell LEL, O2, CO y H2S; l\u00ednea de muestreo de 3 m. y sonda de 30 cm. Rango IP65, advertencia de t\u00e9rmino de vida del sensor, resistente a ca\u00eddas de 3 metros, sensores r\u00e1pidos y de alto desempe\u00f1o.<br><\/p>\n\n\n<p style=\"text-align: center;\"><span style=\"color:#ffffff;\">Kit de espacios confinados para explosimetro Gas<\/span><br><\/p>\n\n<p>Una soluci\u00f3n integral que simplifica y optimiza la entrada segura a entornos confinados.<br><\/p>\n\n<div>Funda protectora de piel.<br><\/div>\nKit de conectividad IR.\n\n\n\n<p style=\"text-align: center;\"><span style=\"color:#ffffff;\">Ultra Detector multigas<\/span><br><\/p>\n\n<p>Un detector port\u00e1til de cinco gases dise\u00f1ado espec\u00edficamente para su uso en un espacio confinado<br><\/p>\n\nCinco sensores para los peligros en su entorno.\n\n\n\n\n\n\n\n<p style=\"text-align: center;\"><span style=\"color:#ffffff;\">Arn\u00e9s Protecta 1161550 para espacios confinados<\/span><br><\/p>\n\n<p>Cuenta con un anillo \u201cD\u201d en espalda fijo para minimizar el reajuste en cada jornada laboral y uno en cada hombro para aplicaciones en lugares de dif\u00edcil acceso.<br><\/p>\n\n<div>Anillo \u201cD\u201d dorsal.<br><\/div>\n<div>Anillos \u201cD\u201d en hombros.<br><\/div>\n<div>Soportes porta eslingas integrados que cumplen con OSHA.<br><\/div>\nAjustadores verticales tipo paraca\u00eddas.\n\n\n\n<p style=\"text-align: center;\"><span style=\"color:#000000;\">Arn\u00e9s para espacios confinados Golden Eagle PC100K-P5<\/span><br><\/p>\n\n<p>Est\u00e1 elaborado de banda de poli\u00e9ster de alta tenacidad con bordes absorbentes lo que permite al usuario una m\u00e1xima y c\u00f3moda movilidad sin dejar de lado su seguridad.<br><\/p>\n\n<div>Cintur\u00f3n con anillos \u201cD\u201d laterales y hebilla de pasador.<br><\/div>\n<div>Banda de poli\u00e9ster de alta tenacidad de 1 \u00be\u201d de ancho.<br><\/div>\n<div>Hombreras acojinadas Y Porta eslingas integrados.<br><\/div>\n\n\n\n\n\n<p style=\"color: rgb(255, 255, 255); text-align: center;\"><strong style=\"font-size: medium;\">Marcas<\/strong><\/p>\n\n\n\n\n\n<p><br><\/p>\n\n\n\n<p><br><\/p>\n\n\n\n<p><br><\/p>\n\n\n\n<p><br><\/p>\n\n\n\n<p><br><\/p>\n<p><br><\/p>\n\n\n\n\n\n","protected":false},"excerpt":{"rendered":"","protected":false},"author":1,"featured_media":0,"parent":0,"menu_order":0,"comment_status":"closed","ping_status":"closed","template":"","meta":{"_siteseo_robots_primary_cat":"","pagelayer_contact_templates":[],"_pagelayer_content":"","footnotes":""},"class_list":["post-2367","page","type-page","status-publish","hentry"],"_links":{"self":[{"href":"https:\/\/eppqro.com\/web\/wp-json\/wp\/v2\/pages\/2367","targetHints":{"allow":["GET"]}}],"collection":[{"href":"https:\/\/eppqro.com\/web\/wp-json\/wp\/v2\/pages"}],"about":[{"href":"https:\/\/eppqro.com\/web\/wp-json\/wp\/v2\/types\/page"}],"author":[{"embeddable":true,"href":"https:\/\/eppqro.com\/web\/wp-json\/wp\/v2\/users\/1"}],"replies":[{"embeddable":true,"href":"https:\/\/eppqro.com\/web\/wp-json\/wp\/v2\/comments?post=2367"}],"version-history":[{"count":8,"href":"https:\/\/eppqro.com\/web\/wp-json\/wp\/v2\/pages\/2367\/revisions"}],"predecessor-version":[{"id":2658,"href":"https:\/\/eppqro.com\/web\/wp-json\/wp\/v2\/pages\/2367\/revisions\/2658"}],"wp:attachment":[{"href":"https:\/\/eppqro.com\/web\/wp-json\/wp\/v2\/media?parent=2367"}],"curies":[{"name":"wp","href":"https:\/\/api.w.org\/{rel}","templated":true}]}}