{"id":434,"date":"2024-07-03T00:21:21","date_gmt":"2024-07-03T00:21:21","guid":{"rendered":"https:\/\/eppqro.com\/web\/?page_id=434"},"modified":"2024-08-29T07:01:42","modified_gmt":"2024-08-29T07:01:42","slug":"mangueras-y-accesorios","status":"publish","type":"page","link":"https:\/\/eppqro.com\/web\/mangueras-y-accesorios\/","title":{"rendered":"Mangueras y Accesorios"},"content":{"rendered":"\n\n\n\n\n\n\n<p>Lorem Ipsum has been the industry&#8217;s standard dummy text ever since the 1500s.<\/p>\n<p><a href=\"https:\/\/extin-flam.org\/product\/manguera-kfh-rack-hose-1-5-x-30-m-nst-aluminio\/\" class=\"woocommerce-LoopProduct-link woocommerce-loop-product__link\" style=\"background-color: rgb(255, 255, 255); color: rgb(204, 51, 102); box-shadow: none; display: block; position: relative; font-family: -apple-system, BlinkMacSystemFont, &quot;Segoe UI&quot;, Roboto, &quot;Helvetica Neue&quot;, Arial, &quot;Noto Sans&quot;, sans-serif, &quot;Apple Color Emoji&quot;, &quot;Segoe UI Emoji&quot;, &quot;Segoe UI Symbol&quot;, &quot;Noto Color Emoji&quot;; font-size: 16px;\"><\/a><\/p><h2 class=\"woocommerce-loop-product__title\" style=\"box-sizing: border-box; margin-block: 0.5rem 1rem; font-family: inherit; font-weight: 500; line-height: 1.2; color: inherit; font-size: 1em; padding: 0.5em 0px; margin: 0px 0px 10px;\">MANGUERA KFH RACK HOSE 1.5\u2033 X 30 M NST ALUMINIO<\/h2>\n<p>Lorem Ipsum has been the industry&#8217;s standard dummy text ever since the 1500s.<\/p>\n<p><a href=\"https:\/\/extin-flam.org\/product\/manguera-kfh-rack-hose-1-5-x-30-m-ipt-bce\/\" class=\"woocommerce-LoopProduct-link woocommerce-loop-product__link\" style=\"background-color: rgb(255, 255, 255); color: rgb(204, 51, 102); box-shadow: none; display: block; position: relative; font-family: -apple-system, BlinkMacSystemFont, &quot;Segoe UI&quot;, Roboto, &quot;Helvetica Neue&quot;, Arial, &quot;Noto Sans&quot;, sans-serif, &quot;Apple Color Emoji&quot;, &quot;Segoe UI Emoji&quot;, &quot;Segoe UI Symbol&quot;, &quot;Noto Color Emoji&quot;; font-size: 16px;\"><\/a><\/p><h2 class=\"woocommerce-loop-product__title\" style=\"box-sizing: border-box; margin-block: 0.5rem 1rem; font-family: inherit; font-weight: 500; line-height: 1.2; color: inherit; font-size: 1em; padding: 0.5em 0px; margin: 0px 0px 10px;\">MANGUERA KFH RACK HOSE 1.5\u2033 X 30 M IPT BCE<\/h2>\n\n\n<p>Lorem Ipsum has been the industry&#8217;s standard dummy text ever since the 1500s.<\/p>\n<p><a href=\"https:\/\/extin-flam.org\/product\/manguera-kfh-rack-hose-1-5-x-30-m-ipt-aluminio\/\" class=\"woocommerce-LoopProduct-link woocommerce-loop-product__link\" style=\"background-color: rgb(255, 255, 255); color: rgb(204, 51, 102); box-shadow: none; display: block; position: relative; font-family: -apple-system, BlinkMacSystemFont, &quot;Segoe UI&quot;, Roboto, &quot;Helvetica Neue&quot;, Arial, &quot;Noto Sans&quot;, sans-serif, &quot;Apple Color Emoji&quot;, &quot;Segoe UI Emoji&quot;, &quot;Segoe UI Symbol&quot;, &quot;Noto Color Emoji&quot;; font-size: 16px;\"><\/a><\/p><h2 class=\"woocommerce-loop-product__title\" style=\"box-sizing: border-box; margin-block: 0.5rem 1rem; font-family: inherit; font-weight: 500; line-height: 1.2; color: inherit; font-size: 1em; padding: 0.5em 0px; margin: 0px 0px 10px;\">MANGUERA KFH RACK HOSE 1.5\u2033 X 30 M IPT ALUMINIO<\/h2>\n<p>Lorem Ipsum has been the industry&#8217;s standard dummy text ever since the 1500s.<\/p>\n<p><a href=\"https:\/\/extin-flam.org\/product\/manguera-kfh-rack-hose-1-5-x-30-m-nst-bce\/\" class=\"woocommerce-LoopProduct-link woocommerce-loop-product__link\" style=\"background-color: rgb(255, 255, 255); color: rgb(204, 51, 102); box-shadow: none; display: block; position: relative; font-family: -apple-system, BlinkMacSystemFont, &quot;Segoe UI&quot;, Roboto, &quot;Helvetica Neue&quot;, Arial, &quot;Noto Sans&quot;, sans-serif, &quot;Apple Color Emoji&quot;, &quot;Segoe UI Emoji&quot;, &quot;Segoe UI Symbol&quot;, &quot;Noto Color Emoji&quot;; font-size: 16px;\"><\/a><\/p><h2 class=\"woocommerce-loop-product__title\" style=\"box-sizing: border-box; margin-block: 0.5rem 1rem; font-family: inherit; font-weight: 500; line-height: 1.2; color: inherit; font-size: 1em; padding: 0.5em 0px; margin: 0px 0px 10px;\">MANGUERA KFH RACK HOSE 1.5\u2033 X 30 M NST BCE<\/h2>\n\n\n<p>Lorem Ipsum has been the industry&#8217;s standard dummy text ever since the 1500s.<\/p>\n<p><a href=\"https:\/\/extin-flam.org\/product\/manguera-kfh-rack-hose-1-5-x-15-m-nst-aluminio\/\" class=\"woocommerce-LoopProduct-link woocommerce-loop-product__link\" style=\"background-color: rgb(255, 255, 255); color: rgb(204, 51, 102); box-shadow: none; display: block; position: relative; font-family: -apple-system, BlinkMacSystemFont, &quot;Segoe UI&quot;, Roboto, &quot;Helvetica Neue&quot;, Arial, &quot;Noto Sans&quot;, sans-serif, &quot;Apple Color Emoji&quot;, &quot;Segoe UI Emoji&quot;, &quot;Segoe UI Symbol&quot;, &quot;Noto Color Emoji&quot;; font-size: 16px;\"><\/a><\/p><h2 class=\"woocommerce-loop-product__title\" style=\"box-sizing: border-box; margin-block: 0.5rem 1rem; font-family: inherit; font-weight: 500; line-height: 1.2; color: inherit; font-size: 1em; padding: 0.5em 0px; margin: 0px 0px 10px;\">MANGUERA KFH RACK HOSE 1.5\u2033 X 15 M NST ALUMINIO<\/h2>\n<p>Lorem Ipsum has been the industry&#8217;s standard dummy text ever since the 1500s.<\/p>\n<p><a href=\"https:\/\/extin-flam.org\/product\/manguera-kfh-eco-flam-dj-2-5-x-15-m-nst-bronce\/\" class=\"woocommerce-LoopProduct-link woocommerce-loop-product__link\" style=\"background-color: rgb(255, 255, 255); color: rgb(51, 51, 102); box-shadow: none; display: block; position: relative; font-family: -apple-system, BlinkMacSystemFont, &quot;Segoe UI&quot;, Roboto, &quot;Helvetica Neue&quot;, Arial, &quot;Noto Sans&quot;, sans-serif, &quot;Apple Color Emoji&quot;, &quot;Segoe UI Emoji&quot;, &quot;Segoe UI Symbol&quot;, &quot;Noto Color Emoji&quot;; font-size: 16px;\"><\/a><\/p><h2 class=\"woocommerce-loop-product__title\" style=\"box-sizing: border-box; margin-block: 0.5rem 1rem; font-family: inherit; font-weight: 500; line-height: 1.2; color: inherit; font-size: 1em; padding: 0.5em 0px; margin: 0px 0px 10px;\">MANGUERA KFH ECO FLAM DJ 2.5\u201d X 15 M NST BRONCE<\/h2>\n\n\n<p>Lorem Ipsum has been the industry&#8217;s standard dummy text ever since the 1500s.<\/p>\n<p><a href=\"https:\/\/extin-flam.org\/product\/manguera-kfh-rack-hose-1-5-x-15-m-ipt-aluminio\/\" class=\"woocommerce-LoopProduct-link woocommerce-loop-product__link\" style=\"background-color: rgb(255, 255, 255); color: rgb(204, 51, 102); box-shadow: none; display: block; position: relative; font-family: -apple-system, BlinkMacSystemFont, &quot;Segoe UI&quot;, Roboto, &quot;Helvetica Neue&quot;, Arial, &quot;Noto Sans&quot;, sans-serif, &quot;Apple Color Emoji&quot;, &quot;Segoe UI Emoji&quot;, &quot;Segoe UI Symbol&quot;, &quot;Noto Color Emoji&quot;; font-size: 16px;\"><\/a><\/p><h2 class=\"woocommerce-loop-product__title\" style=\"box-sizing: border-box; margin-block: 0.5rem 1rem; font-family: inherit; font-weight: 500; line-height: 1.2; color: inherit; font-size: 1em; padding: 0.5em 0px; margin: 0px 0px 10px;\">MANGUERA KFH RACK HOSE 1.5\u2033 X 15 M IPT ALUMINIO<\/h2>\n<p>Lorem Ipsum has been the industry&#8217;s standard dummy text ever since the 1500s.<\/p>\n<p><a href=\"https:\/\/extin-flam.org\/product\/manguera-kfh-eco-flam-dj-2-5-x-30-m-nst-bronce\/\" class=\"woocommerce-LoopProduct-link woocommerce-loop-product__link\" style=\"background-color: rgb(255, 255, 255); color: rgb(51, 51, 102); box-shadow: none; display: block; position: relative; font-family: -apple-system, BlinkMacSystemFont, &quot;Segoe UI&quot;, Roboto, &quot;Helvetica Neue&quot;, Arial, &quot;Noto Sans&quot;, sans-serif, &quot;Apple Color Emoji&quot;, &quot;Segoe UI Emoji&quot;, &quot;Segoe UI Symbol&quot;, &quot;Noto Color Emoji&quot;; font-size: 16px;\"><\/a><\/p><h2 class=\"woocommerce-loop-product__title\" style=\"box-sizing: border-box; margin-block: 0.5rem 1rem; font-family: inherit; font-weight: 500; line-height: 1.2; color: inherit; font-size: 1em; padding: 0.5em 0px; margin: 0px 0px 10px;\">MANGUERA KFH ECO FLAM DJ 2.5\u201d X 30 M NST BRONCE<\/h2>\n\n\n\n\n\n\n\n\n<p style=\"text-align: center;\"><font style=\"vertical-align: inherit;\"><font style=\"vertical-align: inherit; color: rgb(255, 255, 255);\"><strong>Probador para detector de humo<\/strong><\/font><\/font><\/p>\n<p>Lorem Ipsum has been the industry&#8217;s standard dummy text ever since the 1500s.<\/p>\n\n\n<p style=\"text-align: center;\"><font style=\"vertical-align: inherit;\"><font style=\"vertical-align: inherit;\"><font style=\"vertical-align: inherit;\"><font style=\"vertical-align: inherit; color: rgb(255, 255, 255);\">Detector de gases First Alert<\/font><\/font><\/font><\/font><\/p>\n<p>Lorem Ipsum has been the industry&#8217;s standard dummy text ever since the 1500s.<\/p>\n<p>Modelo GC 01CN<\/p>\n\n\n\n\n<p style=\"text-align: center;\"><font style=\"vertical-align: inherit;\"><font style=\"vertical-align: inherit; color: rgb(255, 255, 255);\"><strong>Detector de Humo Kidde Blanco<\/strong><\/font><\/font><\/p>\n\n\n\n<p><br><\/p>\n<p>Detector De Humo Marca Kidde Modelo Fire Sentry I9040E. De f\u00e1cil instalaci\u00f3n, no requiere cableado adicional. Bater\u00eda 9V incluida. Incluye bot\u00f3n de prueba de funcionamiento.<br><\/p>\n\n\n<p>Descarga la ficha T\u00e9cnica aqu\u00ed<\/p>\n\n\n\n\n\n\n\n\n\n\n\n\n\n\n\n\n\n<p><a href=\"https:\/\/extin-flam.org\/product\/kit-de-accesorios-con-ul-p-manguera-1-5x30m-cuerda-ipt\/\" class=\"woocommerce-LoopProduct-link woocommerce-loop-product__link\" style=\"background-color: rgb(255, 255, 255); color: rgb(204, 51, 102); box-shadow: none; display: block; position: relative; font-family: -apple-system, BlinkMacSystemFont, &quot;Segoe UI&quot;, Roboto, &quot;Helvetica Neue&quot;, Arial, &quot;Noto Sans&quot;, sans-serif, &quot;Apple Color Emoji&quot;, &quot;Segoe UI Emoji&quot;, &quot;Segoe UI Symbol&quot;, &quot;Noto Color Emoji&quot;; font-size: 16px;\"><\/a><\/p><h2 class=\"woocommerce-loop-product__title\" style=\"box-sizing: border-box; margin-block: 0.5rem 1rem; font-family: inherit; font-weight: 500; line-height: 1.2; color: inherit; font-size: 1em; padding: 0.5em 0px; margin: 0px 0px 10px;\">KIT DE ACCESORIOS CON UL P\/MANGUERA 1.5X30M CUERDA IPT<\/h2>\n<p>Lorem Ipsum has been the industry&#8217;s standard dummy text ever since the 1500s.<\/p>\n\n\n<p><a href=\"https:\/\/extin-flam.org\/product\/kit-de-accesorios-con-ul-p-manguera-1-5x30m-cuerda-nst\/\" class=\"woocommerce-LoopProduct-link woocommerce-loop-product__link\" style=\"background-color: rgb(255, 255, 255); color: rgb(51, 51, 102); box-shadow: none; display: block; position: relative; font-family: -apple-system, BlinkMacSystemFont, &quot;Segoe UI&quot;, Roboto, &quot;Helvetica Neue&quot;, Arial, &quot;Noto Sans&quot;, sans-serif, &quot;Apple Color Emoji&quot;, &quot;Segoe UI Emoji&quot;, &quot;Segoe UI Symbol&quot;, &quot;Noto Color Emoji&quot;; font-size: 16px;\"><\/a><\/p><h2 class=\"woocommerce-loop-product__title\" style=\"box-sizing: border-box; margin-block: 0.5rem 1rem; font-family: inherit; font-weight: 500; line-height: 1.2; color: inherit; font-size: 1em; padding: 0.5em 0px; margin: 0px 0px 10px;\">KIT DE ACCESORIOS CON UL P\/MANGUERA 1.5X30M CUERDA NST<\/h2>\n<p>Lorem Ipsum has been the industry&#8217;s standard dummy text ever since the 1500s.<\/p>\n\n\n\n\n\n\n\n\n\n\n<h2><font style=\"vertical-align: inherit;\"><font style=\"vertical-align: inherit;\"><strong style=\"color: rgb(255, 255, 255);\">Marcas<\/strong><\/font><\/font><\/h2>\n\n\n\n\n\n\n\n\n\n\n\n\n\n\n\n\n\n\n\n<h2><font style=\"vertical-align: inherit;\"><font style=\"vertical-align: inherit;\"><font style=\"vertical-align: inherit;\"><font style=\"vertical-align: inherit;\"><u>Solicita tu cotizaci\u00f3n dando clic aqu\u00ed<\/u><\/font><\/font><\/font><\/font><\/h2>\n<p style=\"text-align: center;\">Algunos de nuestros asesores de venta te atendera.<\/p>\n\n\n","protected":false},"excerpt":{"rendered":"","protected":false},"author":1,"featured_media":0,"parent":0,"menu_order":0,"comment_status":"closed","ping_status":"closed","template":"","meta":{"_siteseo_robots_primary_cat":"","pagelayer_contact_templates":[],"_pagelayer_content":"","footnotes":""},"class_list":["post-434","page","type-page","status-publish","hentry"],"_links":{"self":[{"href":"https:\/\/eppqro.com\/web\/wp-json\/wp\/v2\/pages\/434","targetHints":{"allow":["GET"]}}],"collection":[{"href":"https:\/\/eppqro.com\/web\/wp-json\/wp\/v2\/pages"}],"about":[{"href":"https:\/\/eppqro.com\/web\/wp-json\/wp\/v2\/types\/page"}],"author":[{"embeddable":true,"href":"https:\/\/eppqro.com\/web\/wp-json\/wp\/v2\/users\/1"}],"replies":[{"embeddable":true,"href":"https:\/\/eppqro.com\/web\/wp-json\/wp\/v2\/comments?post=434"}],"version-history":[{"count":19,"href":"https:\/\/eppqro.com\/web\/wp-json\/wp\/v2\/pages\/434\/revisions"}],"predecessor-version":[{"id":2571,"href":"https:\/\/eppqro.com\/web\/wp-json\/wp\/v2\/pages\/434\/revisions\/2571"}],"wp:attachment":[{"href":"https:\/\/eppqro.com\/web\/wp-json\/wp\/v2\/media?parent=434"}],"curies":[{"name":"wp","href":"https:\/\/api.w.org\/{rel}","templated":true}]}}