{"id":520,"date":"2024-07-10T18:52:06","date_gmt":"2024-07-10T18:52:06","guid":{"rendered":"https:\/\/eppqro.com\/web\/?page_id=520"},"modified":"2024-08-29T01:27:43","modified_gmt":"2024-08-29T01:27:43","slug":"aterrizamiento-personal","status":"publish","type":"page","link":"https:\/\/eppqro.com\/web\/aterrizamiento-personal\/","title":{"rendered":"ATERRIZAMIENTO PERSONAL"},"content":{"rendered":"\n\n\n\n\n\n\n\n\n<p style=\"text-align: center;\"><font style=\"vertical-align: inherit;\"><font style=\"vertical-align: inherit;\"><strong style=\"color: rgb(255, 255, 255);\">&nbsp; &nbsp; Pulsera Cl\u00e1sica&nbsp;<\/strong><\/font><\/font><br><\/p>\n\n<p style=\"text-align: justify;\">La pulsera cl\u00e1sica&nbsp; funciona con monitores contin\u00faos de una sola v\u00eda.&nbsp; &nbsp;Modelo cl\u00e1sico plug tipo banana con conector tipo caim\u00e1n para conexiones directas a cables conectados a tierra.<\/p>\n\n<p style=\"padding: 0px; overflow-wrap: break-word;\">Pulsera ESD con caim\u00e1n 6 ft.<br><\/p>\n<p style=\"padding: 0px; overflow-wrap: break-word;\">Pulsera ESD con caim\u00e1n 12 ft.<br><\/p>\n<span style=\"color: rgb(97, 97, 97); font-size: 14px;\">Resistencia 1 Mohms.<\/span>\n\n\n\n<p style=\"text-align: center;\"><font style=\"vertical-align: inherit;\"><font style=\"vertical-align: inherit;\"><strong style=\"color: rgb(255, 255, 255);\">Pulsera Dual&nbsp;<\/strong><\/font><\/font><br><\/p>\n\n<p>La pulsera dual&nbsp; permite el aterrizamiento v\u00eda un equipo de monitoreo continuo de resistencia.&nbsp;<\/p>\n\n<span style=\"color: rgb(97, 97, 97); font-size: 14px;\">Pulsera ergon\u00f3mica dual ESD de 1 conector est\u00e9reo &#8211; 10ft.<\/span>\n<span style=\"color: rgb(97, 97, 97); font-size: 14px;\">Pulsera ergon\u00f3mica dual ESD de 1 conector de doble snap &#8211; 6ft.<\/span>\n<p style=\"padding: 0px; overflow-wrap: break-word;\">Resistencia 1 Mohms.<br><\/p>\n\n\n\n\n\n<p style=\"text-align: center;\"><font style=\"vertical-align: inherit;\"><font style=\"vertical-align: inherit;\"><strong>Mu\u00f1equera<\/strong><\/font><\/font><\/p>\n\n\n\n<p style=\"text-align: center;\"><font style=\"vertical-align: inherit;\"><font style=\"vertical-align: inherit;\"><strong>Cables<\/strong><\/font><\/font><\/p>\n\n\n\n<p style=\"text-align: center;\"><font style=\"vertical-align: inherit;\"><font style=\"vertical-align: inherit;\"><strong>Jacks de Aterrizaje&nbsp;<\/strong><\/font><\/font><\/p>\n\n\n\n\n\n\n\n\n\n\n\n<p style=\"text-align: center;\"><font style=\"vertical-align: inherit;\"><font style=\"vertical-align: inherit;\"><strong style=\"color: rgb(255, 255, 255);\">Talonera antiest\u00e1tica<\/strong><\/font><\/font><\/p>\n\n\n<span style=\"color: rgb(97, 97, 97); font-size: 14px;\">Talonera ESD cl\u00e1sica azul rey<\/span>\n<span style=\"color: rgb(97, 97, 97); font-size: 14px;\">Resistencia 1 Mohms<\/span>\n\n<p style=\"text-align: center; color: rgb(255, 255, 255);\"><font style=\"vertical-align: inherit;\"><font style=\"vertical-align: inherit;\"><strong>Puntera&nbsp;<\/strong><\/font><\/font>antiest\u00e1tica<strong>&nbsp;<\/strong><\/p>\n\n\n<span style=\"color: rgb(97, 97, 97); font-size: 14px;\">Puntera ESD plus azul rey<\/span>\n<span style=\"color: rgb(97, 97, 97); font-size: 14px;\">Unitalla<\/span>\n\n\n\n<p style=\"text-align: center; color: rgb(255, 255, 255);\"><font style=\"vertical-align: inherit;\"><font style=\"vertical-align: inherit;\"><strong>Suela&nbsp;<\/strong><\/font><\/font>antiest\u00e1tica<\/p>\n\n\n<span style=\"color: rgb(97, 97, 97); font-size: 14px;\">Suela ESD plus azul rey<\/span>\n<span style=\"color: rgb(97, 97, 97); font-size: 14px;\">Tallas: CH | M | GDE<\/span>\n\n<p style=\"text-align: center; color: rgb(255, 255, 255);\">Cuebre zapato desechables<\/p>\n\n\n<span style=\"color: rgb(97, 97, 97); font-size: 14px;\">Cubre zapato ESD con cinta conductiva<\/span>\n<span style=\"color: rgb(97, 97, 97); font-size: 14px;\">Cubre zapato ESD con cinta disipativa<\/span>\n\n\n\n\n\n\n\n\n\n<p style=\"text-align: center;\"><span style=\"text-align: center; color: rgb(255, 255, 255);\">Zapatillas Estashoes 4.0&nbsp;<\/span><br><\/p>\n\n\n\n\n\n<p style=\"text-align: justify;\">El calzado Estashoes 4.0 se utiliza para aterrizar al personal sobre superficies conductivas o disipativas de forma confortable.<br><\/p>\n\n\n\n\n<p style=\"text-align: center;\"><font style=\"vertical-align: inherit;\"><font style=\"vertical-align: inherit;\"><strong>Etiqueta ESD<\/strong><\/font><\/font><\/p>\n\n\n\n<p style=\"text-align: center;\"><font style=\"vertical-align: inherit;\"><font style=\"vertical-align: inherit;\"><strong>Plantilla Ergon\u00f3mica<\/strong><\/font><\/font><\/p>\n\n\n\n<p style=\"text-align: center;\"><font style=\"vertical-align: inherit;\"><font style=\"vertical-align: inherit;\"><strong>Lavables<\/strong><\/font><\/font><\/p>\n\n\n\n\n\n\n\n\n\n","protected":false},"excerpt":{"rendered":"","protected":false},"author":1,"featured_media":0,"parent":0,"menu_order":0,"comment_status":"closed","ping_status":"closed","template":"","meta":{"_siteseo_robots_primary_cat":"","pagelayer_contact_templates":[],"_pagelayer_content":"","footnotes":""},"class_list":["post-520","page","type-page","status-publish","hentry"],"_links":{"self":[{"href":"https:\/\/eppqro.com\/web\/wp-json\/wp\/v2\/pages\/520","targetHints":{"allow":["GET"]}}],"collection":[{"href":"https:\/\/eppqro.com\/web\/wp-json\/wp\/v2\/pages"}],"about":[{"href":"https:\/\/eppqro.com\/web\/wp-json\/wp\/v2\/types\/page"}],"author":[{"embeddable":true,"href":"https:\/\/eppqro.com\/web\/wp-json\/wp\/v2\/users\/1"}],"replies":[{"embeddable":true,"href":"https:\/\/eppqro.com\/web\/wp-json\/wp\/v2\/comments?post=520"}],"version-history":[{"count":14,"href":"https:\/\/eppqro.com\/web\/wp-json\/wp\/v2\/pages\/520\/revisions"}],"predecessor-version":[{"id":2512,"href":"https:\/\/eppqro.com\/web\/wp-json\/wp\/v2\/pages\/520\/revisions\/2512"}],"wp:attachment":[{"href":"https:\/\/eppqro.com\/web\/wp-json\/wp\/v2\/media?parent=520"}],"curies":[{"name":"wp","href":"https:\/\/api.w.org\/{rel}","templated":true}]}}