{"id":553,"date":"2024-07-10T23:06:12","date_gmt":"2024-07-10T23:06:12","guid":{"rendered":"https:\/\/eppqro.com\/web\/?page_id=553"},"modified":"2024-08-27T14:57:18","modified_gmt":"2024-08-27T14:57:18","slug":"ropa","status":"publish","type":"page","link":"https:\/\/eppqro.com\/web\/ropa\/","title":{"rendered":"Ropa"},"content":{"rendered":"\n\n\n\n\n\n\n\n\n\n\n\n<p><font style=\"vertical-align: inherit;\"><font style=\"vertical-align: inherit;\"><strong>Batas ESD<\/strong><\/font><\/font><\/p>\n<p>Las Batas ESD sirven para eliminar la inducci\u00f3n de cargas electrost\u00e1ticas a los componentes en una mesa de trabajo. A\u00edsla los campos electrost\u00e1ticos que se generan por la fricci\u00f3n del cuerpo humano con la tela de la ropa ordinaria.<\/p><p><br><\/p><p>Cumple normas ANSI\/ESD S20.20 y ANSI\/ESD STM 2.1<\/p>\n\n\n\n\n<p style=\"text-align: center;\"><font style=\"vertical-align: inherit;\"><font style=\"vertical-align: inherit;\"><strong>TELAS<\/strong><\/font><\/font><\/p>\n\n\n\n\n\n<p style=\"text-align: center;\">TecStat PA<br><\/p>\n\n\n\n<p style=\"text-align: center;\"><font style=\"vertical-align: inherit;\"><font style=\"vertical-align: inherit;\">TecStat Nivel 1<\/font><\/font><br><\/p>\n\n\n\n<p style=\"text-align: center;\"><font style=\"vertical-align: inherit;\"><font style=\"vertical-align: inherit;\">Anuncio CleanStat<\/font><\/font><br><\/p>\n\n\n\n\n\n\n\n\n\n\n\n\n\n<p style=\"text-align: justify;\">El overol ESD cubre el cuerpo de pies a cabeza para una mayor protecci\u00f3n de \u00e1reas controladas, de pintura, medica, farmac\u00e9utica, fabricaci\u00f3n de pl\u00e1sticos y m\u00e1s. A\u00edsla los campos electrost\u00e1ticos que se generan por la fricci\u00f3n del cuerpo humano con la tela de la ropa ordinaria, evita la atracci\u00f3n de polvo y otros contaminantes a fin de evitar la transferencia de micropart\u00edculas (cabello, piel o gotas de sudor) del portador hacia su entorno.<\/p><p style=\"text-align: justify;\"><br><\/p><p style=\"text-align: justify;\">Cumple normas ANSI\/ESD S20.20 y ANSI\/ESD STM 2.1<\/p>\n\n\n\n\n\n<p style=\"text-align: center;\"><font style=\"vertical-align: inherit;\"><font style=\"vertical-align: inherit;\">CleanStat HD<\/font><\/font><br><\/p>\n\n\n\n<p style=\"text-align: center;\"><font style=\"vertical-align: inherit;\"><font style=\"vertical-align: inherit;\">Anuncio CleanStat<\/font><\/font><br><\/p>\n\n\n\n\n\n\n\n\n<p style=\"text-align: center; color: rgb(255, 255, 255); font-size: x-large;\"><strong>Marcas<\/strong><\/p>\n\n\n\n\n\n\n\n\n\n\n\n\n","protected":false},"excerpt":{"rendered":"","protected":false},"author":1,"featured_media":0,"parent":0,"menu_order":0,"comment_status":"closed","ping_status":"closed","template":"","meta":{"_siteseo_robots_primary_cat":"","pagelayer_contact_templates":[],"_pagelayer_content":"","footnotes":""},"class_list":["post-553","page","type-page","status-publish","hentry"],"_links":{"self":[{"href":"https:\/\/eppqro.com\/web\/wp-json\/wp\/v2\/pages\/553","targetHints":{"allow":["GET"]}}],"collection":[{"href":"https:\/\/eppqro.com\/web\/wp-json\/wp\/v2\/pages"}],"about":[{"href":"https:\/\/eppqro.com\/web\/wp-json\/wp\/v2\/types\/page"}],"author":[{"embeddable":true,"href":"https:\/\/eppqro.com\/web\/wp-json\/wp\/v2\/users\/1"}],"replies":[{"embeddable":true,"href":"https:\/\/eppqro.com\/web\/wp-json\/wp\/v2\/comments?post=553"}],"version-history":[{"count":9,"href":"https:\/\/eppqro.com\/web\/wp-json\/wp\/v2\/pages\/553\/revisions"}],"predecessor-version":[{"id":2219,"href":"https:\/\/eppqro.com\/web\/wp-json\/wp\/v2\/pages\/553\/revisions\/2219"}],"wp:attachment":[{"href":"https:\/\/eppqro.com\/web\/wp-json\/wp\/v2\/media?parent=553"}],"curies":[{"name":"wp","href":"https:\/\/api.w.org\/{rel}","templated":true}]}}