{"id":593,"date":"2024-07-11T15:03:58","date_gmt":"2024-07-11T15:03:58","guid":{"rendered":"https:\/\/eppqro.com\/web\/?page_id=593"},"modified":"2024-08-26T23:36:24","modified_gmt":"2024-08-26T23:36:24","slug":"botas-dielectricas","status":"publish","type":"page","link":"https:\/\/eppqro.com\/web\/botas-dielectricas\/","title":{"rendered":"BOTAS DIELECTRICAS"},"content":{"rendered":"\n\n\n\n\n<h2><font style=\"vertical-align: inherit;\"><font style=\"vertical-align: inherit;\">BOTAS DIEL\u00c9CTRICAS<\/font><\/font><\/h2>\n\n<p [object NamedNodeMap]>Combinaci\u00f3n de botas de trabajo y diel\u00e9ctricas para protecci\u00f3n primaria contra el potencial de paso, dise\u00f1adas para proporcionar comodidad notable y rendimiento.<br><\/p>\n\n\n\n\n\n\n\n<p><font style=\"vertical-align: inherit;\"><font style=\"vertical-align: inherit; color: rgb(0, 0, 0);\"><strong><font style=\"vertical-align: inherit;\"><font style=\"vertical-align: inherit; color: rgb(255, 255, 255);\"><font style=\"vertical-align: inherit;\"><font style=\"vertical-align: inherit;\">BOTAS AISLANTES<\/font><\/font><\/font><\/font><\/strong><\/font><\/font><\/p>\n<p><font style=\"vertical-align: inherit;\"><font style=\"vertical-align: inherit; color: rgb(0, 0, 0);\"><font style=\"vertical-align: inherit;\"><font style=\"vertical-align: inherit;\">Para los usuarios que dependen de una sola bota c\u00f3moda para brindar protecci\u00f3n primaria contra el riesgo de descarga el\u00e9ctrica. Las botas diel\u00e9ctricas electrigrip brinda una tracci\u00f3n excepcional junto con una confianza en el cumplimiento de nuestras m\u00e1s altas normas de seguridad.<\/font><\/font><\/font><\/font><\/p>\n<p>Lorem Ipsum has been the industry&#8217;s standard dummy text ever since the 1500s.<\/p>\n<p>Lorem Ipsum has been the industry&#8217;s standard dummy text ever since the 1500s.<\/p>\n\n\n\n<p [object NamedNodeMap]><font style=\"vertical-align: inherit;\"><font style=\"vertical-align: inherit; color: rgb(0, 0, 0);\"><font style=\"vertical-align: inherit;\"><font style=\"vertical-align: inherit; color: rgb(255, 255, 255);\">SOBREBOTAS DIEL\u00c9CTRICAS<\/font><\/font><\/font><\/font><\/p>\n\n\n<p [object NamedNodeMap]>Sobrebotas dielectricas para usarse con\u00a0 bola o zapatos de seguridad con casquillo .\u00a0 Estan recomendadas para uso en ambientes de alto potencial dielectrico ya que esta probadas desde 750 V hasta 20 KV.<\/p>\n\n\n<p><br><\/p>\n\n\n\n<p>Lorem Ipsum has been the industry&#8217;s standard dummy text ever since the 1500s.<\/p>\n\n\n<p>Lorem Ipsum has been the industry&#8217;s standard dummy text ever since the 1500s.<\/p>\n\n\n\n\n\n\n<h2><font style=\"vertical-align: inherit;\"><font style=\"vertical-align: inherit; color: rgb(255, 255, 255);\">Marcas<\/font><\/font><\/h2>\n\n\n\n\n\n\n\n\n\n<p style=\"text-align: center; font-size: x-large; color: rgb(0, 0, 0);\"><u>Solicita tu cotizaci\u00f3n aqu\u00ed<\/u><\/p>\n\n\n\n\n\n","protected":false},"excerpt":{"rendered":"","protected":false},"author":1,"featured_media":0,"parent":0,"menu_order":0,"comment_status":"closed","ping_status":"closed","template":"","meta":{"_siteseo_robots_primary_cat":"","pagelayer_contact_templates":[],"_pagelayer_content":"","footnotes":""},"class_list":["post-593","page","type-page","status-publish","hentry"],"_links":{"self":[{"href":"https:\/\/eppqro.com\/web\/wp-json\/wp\/v2\/pages\/593","targetHints":{"allow":["GET"]}}],"collection":[{"href":"https:\/\/eppqro.com\/web\/wp-json\/wp\/v2\/pages"}],"about":[{"href":"https:\/\/eppqro.com\/web\/wp-json\/wp\/v2\/types\/page"}],"author":[{"embeddable":true,"href":"https:\/\/eppqro.com\/web\/wp-json\/wp\/v2\/users\/1"}],"replies":[{"embeddable":true,"href":"https:\/\/eppqro.com\/web\/wp-json\/wp\/v2\/comments?post=593"}],"version-history":[{"count":11,"href":"https:\/\/eppqro.com\/web\/wp-json\/wp\/v2\/pages\/593\/revisions"}],"predecessor-version":[{"id":2167,"href":"https:\/\/eppqro.com\/web\/wp-json\/wp\/v2\/pages\/593\/revisions\/2167"}],"wp:attachment":[{"href":"https:\/\/eppqro.com\/web\/wp-json\/wp\/v2\/media?parent=593"}],"curies":[{"name":"wp","href":"https:\/\/api.w.org\/{rel}","templated":true}]}}