{"id":698,"date":"2024-07-17T15:12:04","date_gmt":"2024-07-17T15:12:04","guid":{"rendered":"https:\/\/eppqro.com\/web\/?page_id=698"},"modified":"2024-08-29T06:07:48","modified_gmt":"2024-08-29T06:07:48","slug":"detectores-de-voltaje","status":"publish","type":"page","link":"https:\/\/eppqro.com\/web\/detectores-de-voltaje\/","title":{"rendered":"DETECTORES DE VOLTAJE"},"content":{"rendered":"\n\n\n\n\n\n\n<p style=\"text-align: center;\"><font style=\"vertical-align: inherit;\"><font style=\"vertical-align: inherit; color: rgb(0, 0, 0);\"><font style=\"vertical-align: inherit;\"><font style=\"vertical-align: inherit; font-size: medium;\"><strong><font style=\"vertical-align: inherit;\"><font style=\"vertical-align: inherit;\">Est\u00e1n dise\u00f1ados para detectar la presencia de alto voltaje sin contacto f\u00edsico. Un interruptor giratorio de ocho posiciones selecciona el rango de detecci\u00f3n.<\/font><\/font><\/strong><\/font><\/font><\/font><\/font><\/p>\n\n\n\n\n\n\n\n\n\n\n\n\n\n\n\n\n\n<p style=\"text-align: center;\"><font style=\"vertical-align: inherit;\"><font style=\"vertical-align: inherit; color: rgb(0, 0, 0);\"><font style=\"vertical-align: inherit;\"><font style=\"vertical-align: inherit;\"><strong><font style=\"vertical-align: inherit;\"><font style=\"vertical-align: inherit;\">Su diodo electroluminiscente permite observar hasta 50 mt. En iluminaci\u00f3n directa. La se\u00f1al sonora intermitente con potencia mayor a 60Db(A\/2M).Tiene una bater\u00eda de 9 voltios la cual mediante un LED indica su estado.<\/font><\/font><\/strong><\/font><\/font><\/font><\/font><\/p>\n\n\n\n\n\n\n\n\n<p style=\"text-align: center;\"><font style=\"vertical-align: inherit;\"><font style=\"vertical-align: inherit; color: rgb(0, 0, 0);\"><strong><font style=\"vertical-align: inherit;\"><font style=\"vertical-align: inherit; color: rgb(255, 255, 255);\">FAS\u00d3METRO DIGITAL<\/font><\/font><\/strong><\/font><\/font><\/p>\n\n<font style=\"vertical-align: inherit;\"><font style=\"vertical-align: inherit;\">Volt\u00edmetro digital de 0 a 40 KV.<\/font><\/font>\n<font style=\"vertical-align: inherit;\"><font style=\"vertical-align: inherit;\">Estuche de transporte.<\/font><\/font>\n<font style=\"vertical-align: inherit;\"><font style=\"vertical-align: inherit;\">2 p\u00e9rtigas de 6 pies c\/funda.<\/font><\/font>\n<font style=\"vertical-align: inherit;\"><font style=\"vertical-align: inherit;\">Se puede ampliar el rango del fas\u00f3metro al agregar el par de resistencia hasta 240 KV (5 pares de resistencia).<\/font><\/font>\n\n<p><br><\/p>\n\n\n\n<p style=\"text-align: center;\"><font style=\"vertical-align: inherit;\"><font style=\"vertical-align: inherit; color: rgb(0, 0, 0);\"><strong style=\"color: rgb(255, 255, 255);\">FASEADOR INAL\u00c1MBRICO DIGITAL<\/strong><\/font><\/font><\/p>\n<p><font style=\"vertical-align: inherit;\"><font style=\"vertical-align: inherit; color: rgb(0, 0, 0);\"><font style=\"vertical-align: inherit;\"><font style=\"vertical-align: inherit;\"><strong><font style=\"vertical-align: inherit;\"><font style=\"vertical-align: inherit;\">El fa\u00f3metro inalambrico, detecta tensiones de l\u00edneas monof\u00e1sicas, bif\u00e1sicas o trifasicas. Adem\u00e1s de dar lecturas de \u00e1ngulos entre fases de media y baja tensi\u00f3n as\u00ed como en los bornes capacitivos en las conexiones subterr\u00e1neas y delta \/estrella.<\/font><\/font><\/strong><\/font><\/font><\/font><\/font><\/p>\n\n\n\n<p style=\"text-align: center;\"><font style=\"vertical-align: inherit;\"><font style=\"vertical-align: inherit; color: rgb(0, 0, 0);\"><strong style=\"color: rgb(255, 255, 255);\">FASEADOR INAL\u00c1MBRICO 6722<\/strong><\/font><\/font><\/p>\n\nFaseador inal\u00e1mbrico con indicador de fases de modo sencillo deoperaci\u00f3n compuesto dos unidades.\n<font style=\"vertical-align: inherit;\"><font style=\"vertical-align: inherit;\">Tiene pareja para sujeci\u00f3n con p\u00e9rtiga universal. Con capacidad de pruebas de voltaje para sistemas desde 13.2 &#8211; 155kV.<\/font><\/font>\n\n<p><br><\/p>\n\n\n\n\n\n\n\n\n\n<p style=\"text-align: center;\"><font style=\"vertical-align: inherit;\"><font style=\"vertical-align: inherit;\"><strong style=\"font-size: medium;\"><font style=\"vertical-align: inherit;\"><font style=\"vertical-align: inherit; color: rgb(0, 0, 0);\">F\u00e1cil de usar, probador port\u00e1til y ligero, tiene un bot\u00f3n de prueba para comprobar la unidad antes de aplicarlo al transformador, 3 LED brillantes indican la funci\u00f3n del transformador.<\/font><\/font><\/strong><\/font><\/font><\/p>\n\nVerde Correcto\nAmarillo Abierto\nRojo Corto\n\n\n\n\n\n\n\n\n\n\n<p style=\"text-align: center;\"><font style=\"vertical-align: inherit;\"><font style=\"vertical-align: inherit;\"><font style=\"vertical-align: inherit;\"><font style=\"vertical-align: inherit; color: rgb(255, 255, 255);\">Medidor de resistencia de tierra FT6380-<\/font><\/font><\/font><\/font><\/p>\n\n\n\n<p style=\"text-align: center;\"><font style=\"vertical-align: inherit;\"><font style=\"vertical-align: inherit;\"><font style=\"vertical-align: inherit;\"><font style=\"vertical-align: inherit; color: rgb(255, 255, 255);\">Pinza de potencia con detecci\u00f3n de robo energ\u00e9tico<\/font><\/font><\/font><\/font><\/p>\n<p><font style=\"vertical-align: inherit;\"><font style=\"vertical-align: inherit; color: rgb(0, 0, 0);\"><strong>Voltaje, corriente, voltaje\/pico de corriente, potencia activa\/reactiva\/aparente, factor de potencia, \u00e1ngulo de fase, reactividad, frecuencia, consumo.<\/strong><\/font><\/font><\/p>\n\n\n\n\n\n\n\n","protected":false},"excerpt":{"rendered":"","protected":false},"author":1,"featured_media":0,"parent":0,"menu_order":0,"comment_status":"closed","ping_status":"closed","template":"","meta":{"_siteseo_robots_primary_cat":"","pagelayer_contact_templates":[],"_pagelayer_content":"","footnotes":""},"class_list":["post-698","page","type-page","status-publish","hentry"],"_links":{"self":[{"href":"https:\/\/eppqro.com\/web\/wp-json\/wp\/v2\/pages\/698","targetHints":{"allow":["GET"]}}],"collection":[{"href":"https:\/\/eppqro.com\/web\/wp-json\/wp\/v2\/pages"}],"about":[{"href":"https:\/\/eppqro.com\/web\/wp-json\/wp\/v2\/types\/page"}],"author":[{"embeddable":true,"href":"https:\/\/eppqro.com\/web\/wp-json\/wp\/v2\/users\/1"}],"replies":[{"embeddable":true,"href":"https:\/\/eppqro.com\/web\/wp-json\/wp\/v2\/comments?post=698"}],"version-history":[{"count":16,"href":"https:\/\/eppqro.com\/web\/wp-json\/wp\/v2\/pages\/698\/revisions"}],"predecessor-version":[{"id":2531,"href":"https:\/\/eppqro.com\/web\/wp-json\/wp\/v2\/pages\/698\/revisions\/2531"}],"wp:attachment":[{"href":"https:\/\/eppqro.com\/web\/wp-json\/wp\/v2\/media?parent=698"}],"curies":[{"name":"wp","href":"https:\/\/api.w.org\/{rel}","templated":true}]}}