{"id":780,"date":"2024-07-23T21:38:12","date_gmt":"2024-07-23T21:38:12","guid":{"rendered":"https:\/\/eppqro.com\/web\/?page_id=780"},"modified":"2024-08-27T04:41:25","modified_gmt":"2024-08-27T04:41:25","slug":"pertigas","status":"publish","type":"page","link":"https:\/\/eppqro.com\/web\/pertigas\/","title":{"rendered":"PERTIGAS"},"content":{"rendered":"\n\n\n\n\n\n\n<p style=\"text-align: center;\"><font style=\"vertical-align: inherit;\"><font style=\"vertical-align: inherit;\"><font style=\"vertical-align: inherit;\"><font style=\"vertical-align: inherit; color: rgb(255, 255, 255); font-size: large;\"><strong>P\u00e9rtigas Telesc\u00f3picas circulares<\/strong><\/font><\/font><\/font><\/font><\/p>\n<p><font style=\"vertical-align: inherit;\"><font style=\"vertical-align: inherit; color: rgb(0, 0, 0);\">Est\u00e1n dise\u00f1ados para tener un largo alcance, para mayor comodidad y seguridad, est\u00e1n construidos de fibra de vidrio color amarillo brillante para una mayor resistencia y altas prioridades diel\u00e9ctricas, fabricados bajo la norma ASTM F711 ,probados a 100 kV por pie durante 5 min.<\/font><\/font><\/p>\n\n\n\n\n\n\n\n\n\n\n\n<p style=\"text-align: center;\"><font style=\"vertical-align: inherit;\"><font style=\"vertical-align: inherit;\"><font style=\"vertical-align: inherit;\"><font style=\"vertical-align: inherit; color: rgb(255, 255, 255);\"><strong><font style=\"vertical-align: inherit;\"><font style=\"vertical-align: inherit; font-size: medium;\">P\u00e9rtigas Telesc\u00f3picas Triangulares<\/font><\/font><\/strong><\/font><\/font><\/font><\/font><\/p>\n<p><font style=\"vertical-align: inherit;\"><font style=\"vertical-align: inherit;\"><font style=\"vertical-align: inherit;\"><font style=\"vertical-align: inherit; color: rgb(0, 0, 0);\">Ofrecen operaci\u00f3n modular es decir, pueden quitar temporalmente las secciones que no requieren en una operaci\u00f3n adem\u00e1s de activar los botones en forma instant\u00e1nea probadas a 100 kv pie durante 5 min.<\/font><\/font><\/font><\/font><\/p>\n\n\n\n\n\n\n\n<p style=\"text-align: center;\"><font style=\"vertical-align: inherit;\"><font style=\"vertical-align: inherit;\"><font style=\"vertical-align: inherit;\"><font style=\"vertical-align: inherit; color: rgb(255, 255, 255);\"><strong><font style=\"vertical-align: inherit;\"><font style=\"vertical-align: inherit; font-size: medium;\">P\u00e9rtigas Telesc\u00f3picas Medidoras.<\/font><\/font><\/strong><\/font><\/font><\/font><\/font><\/p>\n<p><font style=\"vertical-align: inherit;\"><font style=\"vertical-align: inherit; color: rgb(0, 0, 0);\">Ofrecen operaci\u00f3n modular es decir, pueden quitar temporalmente las secciones que no requieren en una operaci\u00f3n adem\u00e1s de activar los botones en forma instant\u00e1nea probadas a 100kv x pie durante 5 min.Con un gancho desconectador y cabeza universal.<\/font><\/font><\/p>\n\n\n\n\n\n\n\n<p style=\"text-align: center;\"><font style=\"vertical-align: inherit;\"><font style=\"vertical-align: inherit;\"><font style=\"vertical-align: inherit;\"><font style=\"vertical-align: inherit; color: rgb(255, 255, 255);\"><strong><font style=\"vertical-align: inherit;\"><font style=\"vertical-align: inherit; font-size: medium;\">P\u00e9rtigas Ensamblables<\/font><\/font><\/strong><\/font><\/font><\/font><\/font><\/p>\n\n\n\n\n\n\n\n<p style=\"text-align: center;\"><font style=\"vertical-align: inherit;\"><font style=\"vertical-align: inherit;\"><font style=\"vertical-align: inherit;\"><font style=\"vertical-align: inherit; color: rgb(255, 255, 255);\"><strong><font style=\"vertical-align: inherit;\"><font style=\"vertical-align: inherit; font-size: medium;\">P\u00e9rtigas Ensamblables en kit<\/font><\/font><\/strong><\/font><\/font><\/font><\/font><\/p>\n<p><font style=\"vertical-align: inherit;\"><font style=\"vertical-align: inherit; color: rgb(0, 0, 0);\">Algunos de los modelos m\u00e1s populares son los siguientes:<\/font><\/font><\/p>\n\nDe 3 Secciones de 1 \/4&#8243; x 6 \u00b4(Incluyendo secci\u00f3n con cabeza universal)\nDe 4 Secciones 1 1\/4&#8243; x 4&#8242; c\/u(Incluyendo secci\u00f3n con cabeza universal)\nDe 5 secciones de 1 1\/4 x 4&#8217;c\/u(incluyendo secci\u00f3n con cabeza universal)\n\n\n\n\n\n\n\n\n<p style=\"text-align: center;\"><font style=\"vertical-align: inherit;\"><font style=\"vertical-align: inherit;\"><font style=\"vertical-align: inherit;\"><font style=\"vertical-align: inherit; color: rgb(255, 255, 255);\"><strong><font style=\"vertical-align: inherit;\"><font style=\"vertical-align: inherit; font-size: medium;\">Pertigas Escopetas<\/font><\/font><\/strong><\/font><\/font><\/font><\/font><\/p>\n\n\n\n\n\n\n\n\n\n\n\n<p style=\"text-align: center;\"><font style=\"vertical-align: inherit;\"><font style=\"vertical-align: inherit;\"><font style=\"vertical-align: inherit;\"><font style=\"vertical-align: inherit; color: rgb(255, 255, 255);\"><strong><font style=\"vertical-align: inherit;\"><font style=\"vertical-align: inherit; font-size: medium;\">Escopetas plegables<\/font><\/font><\/strong><\/font><\/font><\/font><\/font><\/p>\n<p style=\"text-align: center;\"><font style=\"vertical-align: inherit;\"><font style=\"vertical-align: inherit; color: rgb(0, 0, 0);\"><font style=\"vertical-align: inherit;\"><font style=\"vertical-align: inherit;\">Vers\u00e1til ya que ofrece 2 cualidades: Escopeta y F\u00e1cil Transporte<\/font><\/font><\/font><\/font><\/p>\n\n\n\n\n\n\n\n\n\n\n\n\n\n\n\n\n\n\n<p style=\"text-align: center;\"><font style=\"vertical-align: inherit;\"><font style=\"vertical-align: inherit;\"><font style=\"vertical-align: inherit;\"><font style=\"vertical-align: inherit; color: rgb(255, 255, 255);\"><strong><font style=\"vertical-align: inherit;\"><font style=\"vertical-align: inherit; font-size: medium;\">Escopetas Telescopicas<\/font><\/font><\/strong><\/font><\/font><\/font><\/font><\/p>\n<p><font style=\"vertical-align: inherit;\"><font style=\"vertical-align: inherit; color: rgb(0, 0, 0);\">Vers\u00e1til ya que ofrecen 2 cualidades:<\/font><\/font><\/p>\n<p><font style=\"vertical-align: inherit;\"><font style=\"vertical-align: inherit; color: rgb(0, 0, 0);\">Escopetas y Longitudes diferentes seg\u00fan sus necesidades sin requerir escaleras grandes de alturas.<\/font><\/font><\/p>\n\n\n\n\n\n\n\n<p style=\"text-align: center;\"><font style=\"vertical-align: inherit;\"><font style=\"vertical-align: inherit;\"><font style=\"vertical-align: inherit;\"><font style=\"vertical-align: inherit; color: rgb(255, 255, 255);\"><strong><font style=\"vertical-align: inherit;\"><font style=\"vertical-align: inherit; font-size: medium;\">Accesorios con Terminaci\u00f3n Universal<\/font><\/font><\/strong><\/font><\/font><\/font><\/font><\/p>\n\n\n<p style=\"text-align: center;\"><font style=\"vertical-align: inherit;\"><font style=\"vertical-align: inherit; color: rgb(255, 255, 255);\"><strong><font style=\"vertical-align: inherit;\"><font style=\"vertical-align: inherit;\">Podadora de \u00c1rbol Universal con Pertiga D\/EXPOXIGLAS<\/font><\/font><\/strong><\/font><\/font><\/p>\n\n\n<p><br><\/p>\n<p><br><\/p>\n\n\n\n\n\n\n\n\n\n\n<p style=\"text-align: center;\"><font style=\"vertical-align: inherit;\"><font style=\"vertical-align: inherit; color: rgb(255, 255, 255);\"><strong>Sierra para Podar<\/strong><\/font><\/font><\/p>\n<p><span style=\"color: rgb(0, 0, 0);\">Para cortes r\u00e1pidos de 16&#8243; de Longitud de 7 Dientes por pulgada ,permite cortar ramas de \u00e1rboles.<\/span><br><\/p>\n\n\n\n\n\n\n\n<p><br><\/p>\n<p><br><\/p>\n<p><br><\/p>\n\n\n\n\n\n\n\n\n\n<p style=\"text-align: center;\"><font style=\"vertical-align: inherit;\"><font style=\"vertical-align: inherit; color: rgb(255, 255, 255);\"><strong><\/strong><strong><font style=\"vertical-align: inherit;\"><font style=\"vertical-align: inherit; font-size: medium;\">P\u00e9rtiga de rescate&nbsp;<\/font><\/font><\/strong><\/font><\/font><\/p>\n<p><font style=\"vertical-align: inherit;\"><font style=\"vertical-align: inherit; color: rgb(0, 0, 0);\">Es una herramienta invaluable cuando se debe retirar a un \u00e1rea con riesgo el\u00e9ctrico. Posee un mango aislante con FRB relleno con espuma y cuenta con un gancho templado de 18&#8243;(460mm) de apertura para tomar al operario del cuerpo y alejarlo de la zona peligrosa. .<\/font><\/font><br><\/p>\n\n\n\n\n\n\n\n\n\n\n\n\n\n\n\n\n","protected":false},"excerpt":{"rendered":"","protected":false},"author":1,"featured_media":0,"parent":0,"menu_order":0,"comment_status":"closed","ping_status":"closed","template":"","meta":{"_siteseo_robots_primary_cat":"","pagelayer_contact_templates":[],"_pagelayer_content":"","footnotes":""},"class_list":["post-780","page","type-page","status-publish","hentry"],"_links":{"self":[{"href":"https:\/\/eppqro.com\/web\/wp-json\/wp\/v2\/pages\/780","targetHints":{"allow":["GET"]}}],"collection":[{"href":"https:\/\/eppqro.com\/web\/wp-json\/wp\/v2\/pages"}],"about":[{"href":"https:\/\/eppqro.com\/web\/wp-json\/wp\/v2\/types\/page"}],"author":[{"embeddable":true,"href":"https:\/\/eppqro.com\/web\/wp-json\/wp\/v2\/users\/1"}],"replies":[{"embeddable":true,"href":"https:\/\/eppqro.com\/web\/wp-json\/wp\/v2\/comments?post=780"}],"version-history":[{"count":21,"href":"https:\/\/eppqro.com\/web\/wp-json\/wp\/v2\/pages\/780\/revisions"}],"predecessor-version":[{"id":2187,"href":"https:\/\/eppqro.com\/web\/wp-json\/wp\/v2\/pages\/780\/revisions\/2187"}],"wp:attachment":[{"href":"https:\/\/eppqro.com\/web\/wp-json\/wp\/v2\/media?parent=780"}],"curies":[{"name":"wp","href":"https:\/\/api.w.org\/{rel}","templated":true}]}}