{"id":870,"date":"2024-07-26T17:36:25","date_gmt":"2024-07-26T17:36:25","guid":{"rendered":"https:\/\/eppqro.com\/web\/?page_id=870"},"modified":"2024-08-28T16:32:49","modified_gmt":"2024-08-28T16:32:49","slug":"derrames-universales","status":"publish","type":"page","link":"https:\/\/eppqro.com\/web\/derrames-universales\/","title":{"rendered":"DERRAMES UNIVERSALES"},"content":{"rendered":"\n\n\n\n\n\n\n<p style=\"text-align: center; color: rgb(255, 255, 255);\">Rollo de tapete Universal PIG Hamo-MAT116<\/p>\n\n\n\n\n\n\n<p><font color=\"#000000\"><font style=\"vertical-align: inherit;\"><font style=\"vertical-align: inherit; color: rgb(0, 0, 0);\"><strong style=\"font-size: medium;\">Especificaciones<\/strong><\/font><\/font><\/font><\/p>\n\n\n\n<p><font color=\"#000000\"><font style=\"vertical-align: inherit;\"><font style=\"vertical-align: inherit; color: rgb(0, 0, 0);\"><strong>Descripci\u00f3n<\/strong><\/font><\/font><\/font><\/p>\n\n\n<p><font style=\"vertical-align: inherit;\"><font style=\"vertical-align: inherit;\"><font style=\"vertical-align: inherit;\"><font style=\"vertical-align: inherit;\">\u00a1La capa superior oculta la mugre y siempre luce limpia! La exclusiva capa superior con dise\u00f1o de \u00abcamuflaje\u00bb permite ahorrar costos de productos.<\/font><\/font><\/font><\/font><\/p><p><br><\/p>\n\n\n\n\n\n\n\n\n\n\n<p style=\"text-align: center;\"><font style=\"vertical-align: inherit;\"><font style=\"vertical-align: inherit; color: rgb(255, 255, 255);\"><strong>Tapete Universal PIG-MAT203<\/strong><\/font><\/font><\/p>\n\n\n\n\n\n\n<p><font style=\"vertical-align: inherit;\"><font style=\"vertical-align: inherit; color: rgb(0, 0, 0);\"><font style=\"vertical-align: inherit;\"><font style=\"vertical-align: inherit;\"><strong style=\"font-size: medium;\">Especificaciones<\/strong><\/font><\/font><\/font><\/font><\/p>\n\n\n\n<p><font style=\"vertical-align: inherit;\"><font style=\"vertical-align: inherit; color: rgb(0, 0, 0);\"><font style=\"vertical-align: inherit;\"><font style=\"vertical-align: inherit;\"><strong>Descripci\u00f3n:<\/strong><\/font><\/font><\/font><\/font><\/p>\n<p>Para fugas y derrames grandes.&nbsp; Los tapetes y rollos PIG de uso pesado brindan mayor durabilidad y absorbencia para tareas&nbsp; demandantes y limpiezas de grandes vol\u00famenes.<br><\/p>\n\n\n\n\n\n\n<p style=\"text-align: center; color: rgb(255, 255, 255);\"><strong>Tapete absorbente con faltd\u00f3n para barril de 210 litros PIG-MAT182<\/strong><\/p>\n\n\n\n\n\n<p><font style=\"vertical-align: inherit;\"><font style=\"vertical-align: inherit; color: rgb(0, 0, 0);\"><font style=\"vertical-align: inherit;\"><font style=\"vertical-align: inherit;\"><strong style=\"font-size: medium;\">Especificaciones<\/strong><\/font><\/font><\/font><\/font><\/p>\n\n\n\n<p><font style=\"vertical-align: inherit;\"><font style=\"vertical-align: inherit; color: rgb(0, 0, 0);\"><font style=\"vertical-align: inherit;\"><font style=\"vertical-align: inherit;\"><strong>Descripci\u00f3n:<\/strong><\/font><\/font><\/font><\/font><\/p>\n<p><font color=\"#545454\" face=\"Open Sans, sans-serif\"><span style=\"font-size: 13px;\"><b>Mantiene los goteos fuera de las tapas de los tambores y de los pisos.&nbsp; Ayuda a evitar deslizamiento y se encarga de los desastres por goteos en las bombas, a fin de tener lugares de trabajo m\u00e1s limpios y seguros.&nbsp; El Tapete es altamente absorbente es circular, para ajustarse a las tapas de los tambores, y tiene orificios precortados para las bocas de los tambores.<\/b><\/span><\/font><br><\/p>\n\n\n\n\n\n\n<p style=\"text-align: center;\"><font style=\"vertical-align: inherit;\"><font style=\"vertical-align: inherit; color: rgb(255, 255, 255);\">Manga absorbente PIG originales-PIG209<\/font><\/font><\/p>\n\n\n\n\n\n<p><font style=\"vertical-align: inherit;\"><font style=\"vertical-align: inherit; color: rgb(0, 0, 0);\"><font style=\"vertical-align: inherit;\"><font style=\"vertical-align: inherit;\"><strong style=\"font-size: medium;\">Especificaciones<\/strong><\/font><\/font><\/font><\/font><\/p>\n\n\n\n<p><font style=\"vertical-align: inherit;\"><font style=\"vertical-align: inherit; color: rgb(0, 0, 0);\"><font style=\"vertical-align: inherit;\"><font style=\"vertical-align: inherit;\"><strong>Descripci\u00f3n:<\/strong><\/font><\/font><\/font><\/font><\/p>\n<p>Protecci\u00f3n diaria contra las fugas.&nbsp; Las Mangas rodean las esquinas y las bases de las m\u00e1quinas para absorber y retener aceites, refrigerantes, solventes y agua.<br><\/p>\n\n\n\n\n\n\n<p style=\"text-align: center;\"><span style=\"text-align: center; color: rgb(255, 255, 255);\">Recipientes PIG &#8211; 241PP-01<\/span><br><\/p>\n\n\n\n\n\n\n<p><font style=\"vertical-align: inherit;\"><font style=\"vertical-align: inherit;\"><strong style=\"color: rgb(0, 0, 0); font-size: medium;\">Especificaciones:<\/strong><\/font><\/font><\/p>\n\n\n\n<p><font style=\"vertical-align: inherit;\"><font style=\"vertical-align: inherit;\"><strong>Descripci\u00f3n:<\/strong><\/font><\/font><\/p>\n<p>Atrapan goteos y no se voltean&nbsp; de tama\u00f1o compacto, los recipientes para goteos y a prueba de derrames se ajustan debajo de las llaves de tambores, v\u00e1lvulas y otros espacios angostos.&nbsp; La cubierta de polipropileno evita las salpicaduras y evita que el relleno se salga.<br><\/p>\n\n\n\n\n\n\n<p style=\"text-align: center; color: rgb(255, 255, 255);\"><font style=\"vertical-align: inherit;\"><font style=\"vertical-align: inherit;\">Cojin Absorbente PIG 43 cm An. x 53 cm IA PIL201&nbsp;<\/font><\/font><\/p>\n\n\n\n\n\n<p style=\"color: rgb(0, 0, 0);\"><font style=\"vertical-align: inherit;\"><font style=\"vertical-align: inherit;\"><strong style=\"font-size: medium;\">Especificaciones:<\/strong><\/font><\/font><\/p>\n\n\n\n<p style=\"color: rgb(0, 0, 0);\"><font style=\"vertical-align: inherit;\"><font style=\"vertical-align: inherit;\"><strong>Descripci\u00f3n:<\/strong><\/font><\/font><\/p>\n<p>El relleno de celulosa es altamente absorbente para uso a largo plazo o limpieza de derrames grandes<\/p><p>El dise\u00f1o compacto es ideal para detectar goteos y fugas persistentes en espacios peque\u00f1os o agregar absorbencia para la respuesta al derrame.<\/p>\n\n\n\n\n\n\n<p style=\"text-align: center; color: rgb(255, 255, 255);\">Cubre tambos absorbentes universales<\/p>\n\n\n\n\n\n<p style=\"color: rgb(0, 0, 0); text-align: center;\"><font style=\"vertical-align: inherit;\"><font style=\"vertical-align: inherit;\"><strong style=\"font-size: medium;\">Especificaciones:<\/strong><\/font><\/font><\/p>\n\nCapacidad de absorbencia:\nDi\u00e1m. ext. 56cm\nMaterial: Polipropileno\nClase: Universal\n\n\n\n\n\n\n\n\n\n<p style=\"text-align: center; color: rgb(255, 255, 255);\">Calcetas Universales<\/p>\n\n\n\n<p style=\"color: rgb(0, 0, 0);\"><font style=\"vertical-align: inherit;\"><font style=\"vertical-align: inherit;\"><strong style=\"font-size: medium;\">Especificaciones<\/strong><\/font><\/font><\/p>\n\n<p>Modelo&nbsp;&nbsp;Manga absorbente PIG\u00ae Blue &#8211; PIG203<\/p>\n\n\n\n<p style=\"color: rgb(0, 0, 0);\"><font style=\"vertical-align: inherit;\"><font style=\"vertical-align: inherit;\"><strong style=\"font-size: medium;\">Especificaciones<\/strong><\/font><\/font><\/p>\n\nClase universal\nCapacidad de Absorbencia: 12 GAL\nDimensi\u00f3n 3 IN DIA X 4 FT L\n\n\n\n<p style=\"color: rgb(0, 0, 0);\"><font style=\"vertical-align: inherit;\"><font style=\"vertical-align: inherit;\"><strong>Descripci\u00f3n<\/strong><\/font><\/font><\/p>\n<p>Multiusos para limpieza de aceites, refrigerantes, solventes y l\u00edquidos a base de agua en cualquier lugar de su planta. Algunas opciones de calcetas son adecuadas para l\u00edquidos agresivos. Adem\u00e1s, son de color gris para ayudar a ocultar las manchas, lo que ayuda a que se dejen en uso hasta que est\u00e9n saturadas por completo.<br><\/p>\n\n\n\n\n\n\n<p style=\"color: rgb(255, 255, 255); text-align: center;\">Almohada Universal<\/p>\n\n\n\n\n\n<p><font style=\"vertical-align: inherit;\"><font style=\"vertical-align: inherit;\"><strong style=\"color: rgb(0, 0, 0); font-size: medium;\">Especificaciones:<\/strong><\/font><\/font><\/p>\n\nClase: Universal\nDimensiones: 18 in W x 18 in L\n\n\n\n\n\n\n\n\n\n\n\n<h2><font style=\"vertical-align: inherit;\"><font style=\"vertical-align: inherit; color: rgb(255, 255, 255);\">\u00a1OTRAS MARCAS!<\/font><\/font><\/h2>\n\n\n\n\n\n\n\n\n\n\n","protected":false},"excerpt":{"rendered":"","protected":false},"author":1,"featured_media":0,"parent":0,"menu_order":0,"comment_status":"closed","ping_status":"closed","template":"","meta":{"_siteseo_robots_primary_cat":"","pagelayer_contact_templates":[],"_pagelayer_content":"","footnotes":""},"class_list":["post-870","page","type-page","status-publish","hentry"],"_links":{"self":[{"href":"https:\/\/eppqro.com\/web\/wp-json\/wp\/v2\/pages\/870","targetHints":{"allow":["GET"]}}],"collection":[{"href":"https:\/\/eppqro.com\/web\/wp-json\/wp\/v2\/pages"}],"about":[{"href":"https:\/\/eppqro.com\/web\/wp-json\/wp\/v2\/types\/page"}],"author":[{"embeddable":true,"href":"https:\/\/eppqro.com\/web\/wp-json\/wp\/v2\/users\/1"}],"replies":[{"embeddable":true,"href":"https:\/\/eppqro.com\/web\/wp-json\/wp\/v2\/comments?post=870"}],"version-history":[{"count":25,"href":"https:\/\/eppqro.com\/web\/wp-json\/wp\/v2\/pages\/870\/revisions"}],"predecessor-version":[{"id":2363,"href":"https:\/\/eppqro.com\/web\/wp-json\/wp\/v2\/pages\/870\/revisions\/2363"}],"wp:attachment":[{"href":"https:\/\/eppqro.com\/web\/wp-json\/wp\/v2\/media?parent=870"}],"curies":[{"name":"wp","href":"https:\/\/api.w.org\/{rel}","templated":true}]}}