{"id":911,"date":"2024-07-26T23:01:23","date_gmt":"2024-07-26T23:01:23","guid":{"rendered":"https:\/\/eppqro.com\/web\/?page_id=911"},"modified":"2024-08-30T00:40:24","modified_gmt":"2024-08-30T00:40:24","slug":"absorbente-solo-aceite","status":"publish","type":"page","link":"https:\/\/eppqro.com\/web\/absorbente-solo-aceite\/","title":{"rendered":"ABSORBENTE SOLO ACEITE"},"content":{"rendered":"\n\n\n\n\n\n\n<p style=\"text-align: center;\"><font style=\"vertical-align: inherit;\"><font style=\"vertical-align: inherit; color: rgb(255, 255, 255);\"><font style=\"vertical-align: inherit;\"><font style=\"vertical-align: inherit;\">Rollo de tapete solo aceites blanco\/1 rollo&nbsp;<\/font><\/font><\/font><\/font><\/p>\n\n\n\n<p>Modelo MAT401<\/p>\n\n\n<p><font style=\"vertical-align: inherit;\"><font style=\"vertical-align: inherit; color: rgb(0, 0, 0);\"><strong>Especificaciones<\/strong><\/font><\/font><\/p>\n\n\n\n<p><font style=\"vertical-align: inherit;\"><font style=\"vertical-align: inherit; color: rgb(0, 0, 0);\"><strong>Descripci\u00f3n&nbsp;<\/strong><\/font><\/font><\/p>\n<p><font style=\"vertical-align: inherit;\"><font style=\"vertical-align: inherit; color: rgb(0, 0, 0);\">Excelente para limpiezas de grandes vol\u00famenes. Ahorre dinero cuando solo necesito absorber aceite. El Tapete S\u00f3lo Aceites PIG absorbe y retiene los aceites y los l\u00edquidos basados \u200b\u200ben aceite sin dejar que ingrese una gota de agua.&nbsp;&nbsp;<\/font><\/font><\/p>\n\nPeso pesado.\n76 cm de ancho x46m de largo.\nAbsorbe hasta 152.4L \/Bolsa.\n1 Rollo\/Bolsa\n\n\n\n\n\n\n\n<p style=\"text-align: center;\"><font style=\"vertical-align: inherit;\"><font style=\"vertical-align: inherit; color: rgb(255, 255, 255);\"><font style=\"vertical-align: inherit;\"><font style=\"vertical-align: inherit;\">Tapetes solo acites blanco\/100 tapetes<\/font><\/font><\/font><\/font><\/p>\n\n\n\n<p>Modelo MAT403<\/p>\n\n\n<p><font style=\"vertical-align: inherit;\"><font style=\"vertical-align: inherit;\"><font style=\"vertical-align: inherit;\"><font style=\"vertical-align: inherit; color: rgb(0, 0, 0);\"><strong>Especificaciones.<\/strong><\/font><\/font><\/font><\/font><\/p>\n\n\n\n\n\n\n\n<p><font style=\"vertical-align: inherit;\"><font style=\"vertical-align: inherit; color: rgb(0, 0, 0);\"><strong>Descripci\u00f3n<\/strong><\/font><\/font><\/p>\n<p><font style=\"vertical-align: inherit;\"><font style=\"vertical-align: inherit; color: rgb(0, 0, 0);\">Excelente para limpiezas de grandes vol\u00famenes. Ahorre dinero cuando solo necesito absorber aceite. El Tapete Solo Aceites PIG absorbe y retiene los aceites y los l\u00edquidos basados \u200b\u200ben aceite sin dejar que ingrese una gota de agua.&nbsp;&nbsp;<\/font><\/font><\/p>\n\nPeso pesado\n38 cm de ancho x 51 cm de largo\nAbsorbente hasta 83.6L\/Bolsa\n100 Tapetes\/Bolsa\n\n\n\n\n\n\n\n<p style=\"text-align: center;\"><font color=\"#000000\" style=\"color: rgb(255, 255, 255);\">&nbsp;Cogines separadores&nbsp;<\/font><\/p>\n\n\n\n<p><font style=\"vertical-align: inherit;\"><font style=\"vertical-align: inherit; color: rgb(0, 0, 0);\"><strong>Modelo PIL203<\/strong><\/font><\/font><\/p>\n\n\n<p><font style=\"vertical-align: inherit;\"><font style=\"vertical-align: inherit; color: rgb(0, 0, 0);\"><strong>Especificaciones:<\/strong><\/font><\/font><\/p>\n\n\n\n<p><font style=\"vertical-align: inherit;\"><font style=\"vertical-align: inherit;\"><strong style=\"color: rgb(0, 0, 0);\">Descripci\u00f3n&nbsp;<\/strong><\/font><\/font><\/p>\n<p><font style=\"vertical-align: inherit;\"><font style=\"vertical-align: inherit; color: rgb(0, 0, 0);\">Resista los qu\u00edmicos y absorba el aceite. Su amplia superficie, su alta capacidad y su relleno altamente absorbente succionan r\u00e1pidamente los aceites y repelen el agua. Flota para retirarlo f\u00e1cilmente.&nbsp;&nbsp;<\/font><\/font><\/p>\n\n41 cm ancho x43 cm largo x 5cm alto.\nAbsorbente hasta 38 L\/Caja\n10 Cojines\/Caja&nbsp;\n\n\n\n\n\n\n\n<p style=\"text-align: center;\"><font style=\"vertical-align: inherit;\"><font style=\"vertical-align: inherit; color: rgb(255, 255, 255);\">Separadores para sumidero solo para aceites -SKM403<\/font><\/font><\/p>\n\n\n\n\n\n<p><font style=\"vertical-align: inherit;\"><font style=\"vertical-align: inherit; color: rgb(0, 0, 0);\"><strong>Especificaciones<\/strong><\/font><\/font><\/p>\n\n<p>Modelo SKM403<\/p>\n\n\n<p><font style=\"vertical-align: inherit;\"><font style=\"vertical-align: inherit; color: rgb(0, 0, 0);\"><strong>Descripci\u00f3n&nbsp;<\/strong><\/font><\/font><\/p>\n<p><font style=\"vertical-align: inherit;\"><font style=\"vertical-align: inherit; color: rgb(0, 0, 0);\">Separe el aceite de los sumideros, tanques o ca\u00f1os. Atrape los aceites, pero no el agua, de cualquier recipiente con l\u00edquidos a base de agua. El color blanco brillante muestra f\u00e1cilmente el nivel de saturaci\u00f3n.&nbsp;&nbsp;<\/font><\/font><\/p>\n\n20 cm de di\u00e1metro x 46 cm de largo\nAbsorbente hasta 81,6 L\/caja\n12 mangas \/caja.\n\n\n\n\n\n\n\n<p style=\"text-align: center;\"><font style=\"vertical-align: inherit;\"><font style=\"vertical-align: inherit; color: rgb(255, 255, 255);\">Separadores para sumidero solo aceite -SKM404<\/font><\/font><\/p>\n\n\n\n<p>Modelo&nbsp; SKM404<\/p>\n\n\n<p style=\"color: rgb(0, 0, 0);\"><strong>Especificaciones&nbsp;<\/strong><\/p>\n\n\n\n<p><font style=\"vertical-align: inherit;\"><font style=\"vertical-align: inherit; color: rgb(255, 255, 255);\"><strong>Descripci\u00f3n<\/strong><\/font><\/font><\/p>\n<p style=\"color: rgb(0, 0, 0);\"><strong>Descripci\u00f3n&nbsp;<\/strong><\/p>\n<p><font style=\"vertical-align: inherit;\"><font style=\"vertical-align: inherit; color: rgb(0, 0, 0);\">Separe el aceite de los sumideros, tanques o ca\u00f1os. Atrape los aceites, pero no el agua, de cualquier recipiente con l\u00edquidos a base de agua. El color blanco brillante muestra f\u00e1cilmente el nivel de saturaci\u00f3n.&nbsp;&nbsp;<\/font><\/font><\/p>\n\n8 cm de di\u00e1metro x46cm de largo.&nbsp;\nAbsorbente hasta 35 L\/Caja.\n25 Mangas\/Caja.\n\n\n\n\n\n\n\n<p style=\"text-align: center;\"><font style=\"vertical-align: inherit;\"><font style=\"vertical-align: inherit; color: rgb(255, 255, 255);\">Barrera oscura absorbente solo para aceite -BOM414<\/font><\/font><\/p>\n\n\n\n<p>Modelo BOM414<\/p>\n\n\n<p><font style=\"vertical-align: inherit;\"><font style=\"vertical-align: inherit; color: rgb(0, 0, 0);\"><strong>Especificaciones<\/strong><\/font><\/font><\/p>\n\n\n\n<p><font style=\"vertical-align: inherit;\"><font style=\"vertical-align: inherit;\"><font style=\"vertical-align: inherit;\"><font style=\"vertical-align: inherit; color: rgb(0, 0, 0);\"><strong>Descripci\u00f3n&nbsp;<\/strong><\/font><\/font><\/font><\/font><\/p>\n<p><font style=\"vertical-align: inherit;\"><font style=\"vertical-align: inherit; color: rgb(0, 0, 0);\">Controle los derrames con las barreras probadas en campo. Flotan para confinar y absorber los derrames en agua; rodea el suelo para los derrames en tierra. La malla exterior resistente a prueba de rayos UV, para uso a largo plazo en exteriores sin degradarse. La barrera de color oscuro se nota menos cuando se instala en tierra.&nbsp;&nbsp;<\/font><\/font><\/p>\n\n20 cm de di\u00e1metro x 3m de largo.\nAbsorbente hasta 181.6L\/Bolsa.\n4 Barreras\/Bolsa.\n\n\n\n\n\n\n\n<p style=\"text-align: center;\"><font style=\"vertical-align: inherit;\"><font style=\"vertical-align: inherit; color: rgb(255, 255, 255);\"><font style=\"vertical-align: inherit;\"><font style=\"vertical-align: inherit;\">Tapete absorbente solo aceite para vias ferreas rollo<\/font><\/font><\/font><\/font><\/p>\n\n\n\n<p>Modelo MAT465<\/p>\n\n\n<p><font style=\"vertical-align: inherit;\"><font style=\"vertical-align: inherit; color: rgb(0, 0, 0);\"><strong>Especificaciones:<\/strong><\/font><\/font><\/p>\n\n\n\n<p><font style=\"vertical-align: inherit;\"><font style=\"vertical-align: inherit; color: rgb(0, 0, 0);\"><strong>Descripci\u00f3n<\/strong><\/font><\/font><\/p>\n<p style=\"text-align: justify;\"><font style=\"vertical-align: inherit;\"><font style=\"vertical-align: inherit; color: rgb(0, 0, 0);\">Proteja el suelo de los l\u00edquidos basados \u200b\u200ben aceite. El tapete de uso pesado y de tres capas est\u00e1 dise\u00f1ado espec\u00edficamente para absorber los l\u00edquidos basados \u200b\u200ben aceite durante el mantenimiento a las v\u00edas f\u00e9rreas. La capa superior est\u00e1 hecha de una fibra geotextil punzonada con aguja para darle mayor durabilidad, y es resistente a los rayos UV para uso en exteriores.&nbsp;<\/font><\/font><\/p>\n\nPeso pesado\n150 cm de ancho x 30 m&nbsp; de largo\nAbsorbente hasta 227.1 L\/Bolsa\n\n\n\n\n\n\n\n<p style=\"text-align: center;\"><font style=\"vertical-align: inherit;\"><font style=\"vertical-align: inherit;\"><font style=\"vertical-align: inherit;\"><font style=\"vertical-align: inherit; color: rgb(255, 255, 255);\">Absorbente de turba solo para aceite &#8211; Bolsa de 5 kg<\/font><\/font><\/font><\/font><\/p>\n\n\n\n<p>Modelo PLP404<\/p>\n\n\n<font style=\"vertical-align: inherit;\"><font style=\"vertical-align: inherit;\"><strong style=\"font-size: small;\">Especificaciones<\/strong><\/font><\/font>\n\n\n\n<p><font style=\"vertical-align: inherit;\"><font style=\"vertical-align: inherit; color: rgb(0, 0, 0);\"><strong>Descripci\u00f3n<\/strong><\/font><\/font><\/p>\n<p><font style=\"vertical-align: inherit;\"><font style=\"vertical-align: inherit; color: rgb(0, 0, 0);\">\u00a1Funciona en interiores y exteriores! El musgo de turba es s\u00faper absorbente, completamente natural y absorbe \u00fanicamente los l\u00edquidos a base de aceite, no el agua. Incluso elimina el brillo aceitoso. No es abrasivo; no da\u00f1a los pisos ni la maquinaria.&nbsp;&nbsp;<\/font><\/font><\/p>\n\nAbsorbente hasta 30L\/Bolsa\nBolsa de 5 kg\n\n\n\n\n\n<h2><font style=\"vertical-align: inherit;\"><font style=\"vertical-align: inherit; color: rgb(255, 255, 255);\">Marcas<\/font><\/font><\/h2>\n\n\n\n\n\n\n\n\n\n\n\n\n\n\n\n\n\n\n\n<h2><u>Solicita tu cotizaci\u00f3n dando click aqu\u00ed.<\/u><\/h2>\n\n\n","protected":false},"excerpt":{"rendered":"","protected":false},"author":1,"featured_media":0,"parent":0,"menu_order":0,"comment_status":"closed","ping_status":"closed","template":"","meta":{"_siteseo_robots_primary_cat":"","pagelayer_contact_templates":[],"_pagelayer_content":"","footnotes":""},"class_list":["post-911","page","type-page","status-publish","hentry"],"_links":{"self":[{"href":"https:\/\/eppqro.com\/web\/wp-json\/wp\/v2\/pages\/911","targetHints":{"allow":["GET"]}}],"collection":[{"href":"https:\/\/eppqro.com\/web\/wp-json\/wp\/v2\/pages"}],"about":[{"href":"https:\/\/eppqro.com\/web\/wp-json\/wp\/v2\/types\/page"}],"author":[{"embeddable":true,"href":"https:\/\/eppqro.com\/web\/wp-json\/wp\/v2\/users\/1"}],"replies":[{"embeddable":true,"href":"https:\/\/eppqro.com\/web\/wp-json\/wp\/v2\/comments?post=911"}],"version-history":[{"count":23,"href":"https:\/\/eppqro.com\/web\/wp-json\/wp\/v2\/pages\/911\/revisions"}],"predecessor-version":[{"id":2652,"href":"https:\/\/eppqro.com\/web\/wp-json\/wp\/v2\/pages\/911\/revisions\/2652"}],"wp:attachment":[{"href":"https:\/\/eppqro.com\/web\/wp-json\/wp\/v2\/media?parent=911"}],"curies":[{"name":"wp","href":"https:\/\/api.w.org\/{rel}","templated":true}]}}