{"id":959,"date":"2024-07-29T21:09:04","date_gmt":"2024-07-29T21:09:04","guid":{"rendered":"https:\/\/eppqro.com\/web\/?page_id=959"},"modified":"2024-08-29T06:39:04","modified_gmt":"2024-08-29T06:39:04","slug":"hazmat-absorbente","status":"publish","type":"page","link":"https:\/\/eppqro.com\/web\/hazmat-absorbente\/","title":{"rendered":"HazMat Absorbente"},"content":{"rendered":"\n\n\n\n\n\n\n<p style=\"text-align: center;\"><font style=\"vertical-align: inherit;\"><font style=\"vertical-align: inherit; color: rgb(255, 255, 255);\">Tapete HazMat 100 tapetes<\/font><\/font><\/p>\n\n\n\n<p>Modelo MAT301<\/p>\n\n\n<p><font style=\"vertical-align: inherit;\"><font style=\"vertical-align: inherit; color: rgb(0, 0, 0);\"><strong>Especificaciones:<\/strong><\/font><\/font><\/p>\n\n\n\n<p><font style=\"vertical-align: inherit;\"><font style=\"vertical-align: inherit; color: rgb(0, 0, 0);\"><strong>Descripci\u00f3n&nbsp;<\/strong><\/font><\/font><\/p>\n<p><font style=\"vertical-align: inherit;\"><font style=\"vertical-align: inherit; color: rgb(0, 0, 0);\">Absorba qu\u00edmicos concentrados. Especialmente tratado para absorber \u00e1cidos altamente concentrados y derrames de c\u00e1usticos.<\/font><\/font><\/p>\n\nPeso pesado\n38 cm de ancho x 51 cm de largo\nAbsorbe hasta 83.6 L\/Bolsa\n100 Tapetes\/Bolsa\n\n\n\n\n\n\n\n<p style=\"text-align: center;\"><font style=\"vertical-align: inherit;\"><font style=\"vertical-align: inherit; color: rgb(255, 255, 255);\">Rollo de tapete HazMat\/1 rollo\/bolsa<\/font><\/font><\/p>\n\n\n\n<p>Modelo MAT309<\/p>\n\n\n<p><font style=\"vertical-align: inherit;\"><font style=\"vertical-align: inherit; color: rgb(0, 0, 0);\"><strong>Especificaciones<\/strong><\/font><\/font><\/p>\n\n\n\n<p><font style=\"vertical-align: inherit;\"><font style=\"vertical-align: inherit; color: rgb(0, 0, 0);\"><strong>Descripci\u00f3n<\/strong><\/font><\/font><\/p>\n<p><font style=\"vertical-align: inherit;\"><font style=\"vertical-align: inherit; color: rgb(0, 0, 0);\">Absorba qu\u00edmicos concentrados. Especialmente tratado para absorber \u00e1cidos altamente concentrados y derrames de c\u00e1usticos.<\/font><\/font><\/p>\n\nPeso pesado\n76 cm de ancho x 46 m de largo\nAbsorbe hasta 15.4 L\/Bolsa\n1 Rollo\/Bolsa\n\n\n\n\n\n\n\n<p style=\"text-align: center;\"><font style=\"vertical-align: inherit;\"><font style=\"vertical-align: inherit;\">Tapete para esterilizaci\u00f3n y neutralizaci\u00f3n \u00e1cida<\/font><\/font><\/p>\n\n\n\n<p>Modelo MAT304<\/p>\n\n\n<p><font style=\"vertical-align: inherit;\"><font style=\"vertical-align: inherit; color: rgb(0, 0, 0);\"><strong>Especificaciones<\/strong><\/font><\/font><\/p>\n\n\n\n<p><font style=\"vertical-align: inherit;\"><font style=\"vertical-align: inherit; color: rgb(0, 0, 0);\"><strong>Descripci\u00f3n&nbsp;<\/strong><\/font><\/font><\/p>\n<p><font style=\"vertical-align: inherit;\"><font style=\"vertical-align: inherit; color: rgb(0, 0, 0);\">Absorba, encapsule y neutralice los corrosivos en un solo paso para una limpieza m\u00e1s segura de derrames. La indicaci\u00f3n de color identifica el mejor momento para manejar.<\/font><\/font><\/p>\n\nPeso mediano\n28 cm de ancho x 30.5 cm de largo\nAbsorbe hasta 2.4L\/Caja\n25 Tapetes\/Caja\n\n\n\n\n\n\n\n<p style=\"text-align: center;\"><font style=\"vertical-align: inherit;\"><font style=\"vertical-align: inherit; color: rgb(255, 255, 255);\">Cojines para qu\u00edmicos HazMat 43cm x 41 cm<\/font><\/font><\/p>\n\n\n\n<p>Modelo HR7015<\/p>\n\n\n<p><font style=\"vertical-align: inherit;\"><font style=\"vertical-align: inherit; color: rgb(0, 0, 0);\"><strong>Especificaciones<\/strong><\/font><\/font><\/p>\n\n\n\n<p><font style=\"vertical-align: inherit;\"><font style=\"vertical-align: inherit; color: rgb(0, 0, 0);\"><strong>Descripci\u00f3n&nbsp;<\/strong><\/font><\/font><\/p>\n<p><font style=\"vertical-align: inherit;\"><font style=\"vertical-align: inherit; color: rgb(0, 0, 0);\">Maximice su poder absorbente. Su amplia superficie, su alta capacidad y su relleno altamente absorbente succionan r\u00e1pidamente los qu\u00edmicos corrosivos.&nbsp;&nbsp;<\/font><\/font><\/p>\n\n43 cm ancho x 41 cm largo x 5cm alto.\nAbsorbe hasta 38 L\/Caja\n10 Cojines\/Caja\n\n\n\n\n\n\n\n<p style=\"text-align: center;\"><font style=\"vertical-align: inherit;\"><font style=\"vertical-align: inherit; color: rgb(255, 255, 255);\">Manga absorbente para qu\u00edmicos HazMat 8cm X 3m<\/font><\/font><\/p>\n\n\n\n\n\n<p><font style=\"vertical-align: inherit;\"><font style=\"vertical-align: inherit; color: rgb(0, 0, 0);\"><strong>Especificaciones<\/strong><\/font><\/font><\/p>\n\n<p>Modelo PIG301<\/p>\n\n\n<p><font style=\"vertical-align: inherit;\"><font style=\"vertical-align: inherit; color: rgb(0, 0, 0);\"><strong style=\"color: rgb(0, 0, 0);\">Descripci\u00f3n<\/strong><\/font><\/font><\/p>\n<p><font style=\"vertical-align: inherit;\"><font style=\"vertical-align: inherit; color: rgb(0, 0, 0);\">Detenga el derrame de \u00e1cidos y c\u00e1usticos. Utilice las mangas para derrames peque\u00f1os de concentrados qu\u00edmicos. Los diques son perfectos para los derrames de mayor volumen.&nbsp;<\/font><\/font><\/p>\n\n8 cm de diametro x 3m de largo\nAbsorbe hasta 45 L\/caja\n6 mangas\/caja\n\n\n\n\n\n\n\n<p style=\"text-align: center;\"><font style=\"vertical-align: inherit;\"><font style=\"vertical-align: inherit; color: rgb(255, 255, 255);\">Kit de tratamiento c\u00e1ustico Spill-X 6\/Contenedores&nbsp;<\/font><\/font><\/p>\n\n\n\n\n\n<p><font style=\"vertical-align: inherit;\"><font style=\"vertical-align: inherit; color: rgb(0, 0, 0);\"><strong>Especificaciones<\/strong><\/font><\/font><\/p>\n\n<p>Modelo HA1010<\/p>\n\n\n<p><font style=\"vertical-align: inherit;\"><font style=\"vertical-align: inherit;\"><font style=\"vertical-align: inherit;\"><font style=\"vertical-align: inherit; color: rgb(0, 0, 0);\"><strong>Descripci\u00f3n&nbsp;<\/strong><\/font><\/font><\/font><\/font><\/p>\n<p><font style=\"vertical-align: inherit;\"><font style=\"vertical-align: inherit; color: rgb(0, 0, 0);\">Spill-X para c\u00e1usticos neutraliza los derrames m\u00e1s peque\u00f1os para una limpieza y manipulaci\u00f3n m\u00e1s segura, ideal para laboratorios.<\/font><\/font><\/p>\n\nAbsorbe hasta 1.9 L\/Contenedor\n6 Contenedores por caja.\n\n\n\n\n\n\n\n\n\n<h2><font style=\"vertical-align: inherit;\"><font style=\"vertical-align: inherit; color: rgb(255, 255, 255);\">Marca<\/font><\/font><\/h2>\n\n\n\n\n\n\n\n\n\n\n","protected":false},"excerpt":{"rendered":"","protected":false},"author":1,"featured_media":0,"parent":0,"menu_order":0,"comment_status":"closed","ping_status":"closed","template":"","meta":{"_siteseo_robots_primary_cat":"","pagelayer_contact_templates":[],"_pagelayer_content":"","footnotes":""},"class_list":["post-959","page","type-page","status-publish","hentry"],"_links":{"self":[{"href":"https:\/\/eppqro.com\/web\/wp-json\/wp\/v2\/pages\/959","targetHints":{"allow":["GET"]}}],"collection":[{"href":"https:\/\/eppqro.com\/web\/wp-json\/wp\/v2\/pages"}],"about":[{"href":"https:\/\/eppqro.com\/web\/wp-json\/wp\/v2\/types\/page"}],"author":[{"embeddable":true,"href":"https:\/\/eppqro.com\/web\/wp-json\/wp\/v2\/users\/1"}],"replies":[{"embeddable":true,"href":"https:\/\/eppqro.com\/web\/wp-json\/wp\/v2\/comments?post=959"}],"version-history":[{"count":16,"href":"https:\/\/eppqro.com\/web\/wp-json\/wp\/v2\/pages\/959\/revisions"}],"predecessor-version":[{"id":2554,"href":"https:\/\/eppqro.com\/web\/wp-json\/wp\/v2\/pages\/959\/revisions\/2554"}],"wp:attachment":[{"href":"https:\/\/eppqro.com\/web\/wp-json\/wp\/v2\/media?parent=959"}],"curies":[{"name":"wp","href":"https:\/\/api.w.org\/{rel}","templated":true}]}}