{"id":980,"date":"2024-07-29T22:03:19","date_gmt":"2024-07-29T22:03:19","guid":{"rendered":"https:\/\/eppqro.com\/web\/?page_id=980"},"modified":"2024-08-27T18:22:39","modified_gmt":"2024-08-27T18:22:39","slug":"tapetes-grippy","status":"publish","type":"page","link":"https:\/\/eppqro.com\/web\/tapetes-grippy\/","title":{"rendered":"Tapetes Grippy"},"content":{"rendered":"\n\n\n\n\n\n\n<p style=\"text-align: center;\"><font style=\"vertical-align: inherit;\"><font style=\"vertical-align: inherit; color: rgb(255, 255, 255);\"><strong><font style=\"vertical-align: inherit;\"><font style=\"vertical-align: inherit; font-size: medium;\">Tepete Absorbente Grippy<\/font><\/font><\/strong><\/font><\/font><\/p>\n\n\n\n<p><font style=\"vertical-align: inherit;\"><font style=\"vertical-align: inherit; color: rgb(0, 0, 0);\">Modelo MAT1625<\/font><\/font><\/p>\n\n\n<p><font style=\"vertical-align: inherit;\"><font style=\"vertical-align: inherit; color: rgb(0, 0, 0);\"><strong>Especificaciones<\/strong><\/font><\/font><\/p>\n\n\n\n<p><font style=\"vertical-align: inherit;\"><font style=\"vertical-align: inherit;\"><font style=\"vertical-align: inherit;\"><font style=\"vertical-align: inherit; color: rgb(0, 0, 0);\"><font style=\"vertical-align: inherit;\"><font style=\"vertical-align: inherit;\"><strong>Descripci\u00f3n&nbsp;<\/strong><\/font><\/font><\/font><\/font><\/font><\/font><\/p>\n<p><font style=\"vertical-align: inherit;\"><font style=\"vertical-align: inherit; color: rgb(0, 0, 0);\">\u00a1Se queda en su lugar, pase lo que pase! Nuestro exclusivo respaldo adhesivo se mantiene el lugar para evitar deslizamientos, resbalones y ca\u00eddas alrededor de las estaciones de trabajo y los pasillos cerca de la maquinaria en lugares de trabajo industriales.<\/font><\/font><\/p>\n\n<font style=\"vertical-align: inherit;\"><font style=\"vertical-align: inherit;\">Pedio medio<\/font><\/font>\n41 cm de ancho x 7.6 m de largo\nAbsorbe hasta 5 L\/Bolsa\n1 Rollo\/Bolsa\n\n\n\n\n\n\n\n<p style=\"text-align: center;\"><font style=\"vertical-align: inherit;\"><font style=\"vertical-align: inherit; color: rgb(255, 255, 255);\"><font style=\"vertical-align: inherit;\"><font style=\"vertical-align: inherit; font-size: medium;\">Rollo de tapte para suelo Grippy<\/font><\/font><\/font><\/font><\/p>\n\n\n\n<p>Modelo GRP36200<\/p>\n\n\n<p><font style=\"vertical-align: inherit;\"><font style=\"vertical-align: inherit; color: rgb(0, 0, 0);\"><strong>Especificaciones&nbsp;<\/strong><\/font><\/font><\/p>\n\n\n\n<p><font style=\"vertical-align: inherit;\"><font style=\"vertical-align: inherit; color: rgb(0, 0, 0);\"><strong>Descripci\u00f3n&nbsp;<\/strong><\/font><\/font><\/p>\n<p><font style=\"vertical-align: inherit;\"><font style=\"vertical-align: inherit; color: rgb(0, 0, 0);\">&nbsp;Evite los deslizamientos, resbalones y ca\u00eddas en \u00e1reas de tr\u00e1fico elevado con nuestro tapete para pisos comerciales con respaldo adhesivo y f\u00e1cil de limpiar. Perfecto para tiendas de abarrotes y comercio al menudeo.<\/font><\/font><\/p>\n\nPeso mediano\n91 cm de ancho x 30 m de largo\nAbsorbe hasta 30 L\/Bolsa\n1 Rollo\/Bolsa\n\n\n\n\n\n\n\n<p style=\"text-align: center;\"><font style=\"vertical-align: inherit;\"><font style=\"vertical-align: inherit;\"><font style=\"vertical-align: inherit;\"><font style=\"vertical-align: inherit; color: rgb(255, 255, 255);\"><font style=\"vertical-align: inherit;\"><font style=\"vertical-align: inherit; font-size: medium;\">Tapetes precortados para pisar Grippy -GRP36203<\/font><\/font><\/font><\/font><\/font><\/font><\/p>\n\n\n\n<p><font style=\"vertical-align: inherit;\"><font style=\"vertical-align: inherit; color: rgb(0, 0, 0);\">Modelo GRP36201<\/font><\/font><\/p>\n\n\n<p><font style=\"vertical-align: inherit;\"><font style=\"vertical-align: inherit; color: rgb(0, 0, 0);\"><font style=\"vertical-align: inherit;\"><font style=\"vertical-align: inherit;\"><strong>Especificaciones<\/strong><\/font><\/font><\/font><\/font><\/p>\n\n\n\n<p><font style=\"vertical-align: inherit;\"><font style=\"vertical-align: inherit;\"><font style=\"vertical-align: inherit;\"><font style=\"vertical-align: inherit; color: rgb(0, 0, 0);\"><font style=\"vertical-align: inherit;\"><font style=\"vertical-align: inherit;\"><strong>Descripci\u00f3n&nbsp;<\/strong><\/font><\/font><\/font><\/font><\/font><\/font><\/p>\n<p><font style=\"vertical-align: inherit;\"><font style=\"vertical-align: inherit; color: rgb(0, 0, 0);\">&nbsp;Evite los deslizamientos, resbalones y ca\u00eddas en \u00e1reas de tr\u00e1fico elevado con nuestro tapete para pisos comerciales con respaldo adhesivo y f\u00e1cil de limpiar. Perfecto para tiendas de abarrotes y comercio al menudeo.<\/font><\/font><\/p>\n\nPeso mediano\n91 cm de ancho x 15 m de largo\nAbsorbe hasta 15L\/Bolsa\n5 Tapetes\/Rollo\n\n\n\n\n\n\n\n<p style=\"text-align: center;\"><font style=\"vertical-align: inherit;\"><font style=\"vertical-align: inherit;\"><font style=\"vertical-align: inherit;\"><font style=\"vertical-align: inherit; color: rgb(255, 255, 255);\"><font style=\"vertical-align: inherit;\"><font style=\"vertical-align: inherit; font-size: medium;\">Rollo de tapete para pisar Grippy<\/font><\/font><\/font><\/font><\/font><\/font><\/p>\n\n\n\n\n<p><font style=\"vertical-align: inherit;\"><font style=\"vertical-align: inherit; color: rgb(0, 0, 0);\">Modelo GRP36201<\/font><\/font><\/p>\n\n\n<p><font style=\"vertical-align: inherit;\"><font style=\"vertical-align: inherit; color: rgb(0, 0, 0);\"><font style=\"vertical-align: inherit;\"><font style=\"vertical-align: inherit;\"><strong>Especificaciones<\/strong><\/font><\/font><\/font><\/font><\/p>\n\n\n\n<p><font style=\"vertical-align: inherit;\"><font style=\"vertical-align: inherit; color: rgb(0, 0, 0);\"><font style=\"vertical-align: inherit;\"><font style=\"vertical-align: inherit;\"><strong>Descripci\u00f3n&nbsp;<\/strong><\/font><\/font><\/font><\/font><\/p>\n<p><font style=\"vertical-align: inherit;\"><font style=\"vertical-align: inherit; color: rgb(0, 0, 0);\">Tenga paz mental con sus pisos. Evite los deslizamientos, resbalones y ca\u00eddas en \u00e1reas de tr\u00e1fico elevado con nuestro tapete para pisos comerciales con respaldo adhesivo y f\u00e1cil de limpiar. Perfecto para tiendas de abarrotes y comercio al menudeo.<\/font><\/font><\/p>\n\nPeso mediano\n91 cm de ancho x 15 m de largo\n<font style=\"vertical-align: inherit;\"><font style=\"vertical-align: inherit;\">EAbsorbe hasta 15 L<\/font><\/font>\n\n\n\n\n\n\n\n<p style=\"text-align: center;\"><font style=\"vertical-align: inherit;\"><font style=\"vertical-align: inherit;\"><font style=\"vertical-align: inherit;\"><font style=\"vertical-align: inherit; color: rgb(255, 255, 255);\"><font style=\"vertical-align: inherit;\"><font style=\"vertical-align: inherit; font-size: medium;\">Tablero de instalaci\u00f3n&nbsp;<\/font><\/font><\/font><\/font><\/font><\/font><\/p>\n\n\n\n\n\n<p><font style=\"vertical-align: inherit;\"><font style=\"vertical-align: inherit;\"><font style=\"vertical-align: inherit;\"><font style=\"vertical-align: inherit; color: rgb(0, 0, 0);\"><font style=\"vertical-align: inherit;\"><font style=\"vertical-align: inherit;\"><strong>Especificaciones<\/strong><\/font><\/font><\/font><\/font><\/font><\/font><\/p>\n\n<p><font style=\"vertical-align: inherit;\"><font style=\"vertical-align: inherit; color: rgb(0, 0, 0);\">Modelo GRP001<\/font><\/font><\/p>\n\n\n<p><font style=\"vertical-align: inherit;\"><font style=\"vertical-align: inherit; color: rgb(0, 0, 0);\"><font style=\"vertical-align: inherit;\"><font style=\"vertical-align: inherit;\"><strong>Descripci\u00f3n&nbsp;<\/strong><\/font><\/font><\/font><\/font><\/p>\n<p><font color=\"#000000\">La conveniente \u201cplantilla\u201d precargada gu\u00eda su cuchilla, produciendo cortes limpios y precisos.Cree esquinas perfectas o \u00e1ngulos de 45 \u00b0 para sortear obst\u00e1culos o hacer formas espec\u00edficas.Sirve como tabla de cortar para evitar da\u00f1os en los pisos durante el corte.<\/font><br><\/p>\n\nPara el tapete PIG Grippy\n96.5 cm de ancho x 15 cm de largo\n1 Tablero de instalaci\u00f3n\n\n\n\n\n\n\n\n<p style=\"text-align: center;\"><font style=\"vertical-align: inherit;\"><font style=\"vertical-align: inherit;\"><font style=\"vertical-align: inherit;\"><font style=\"vertical-align: inherit; color: rgb(255, 255, 255);\"><strong><font style=\"vertical-align: inherit;\"><font style=\"vertical-align: inherit; font-size: medium;\">Cuchillo de seguridad<\/font><\/font><\/strong><\/font><\/font><\/font><\/font><\/p>\n\n\n\n\n\n<p><font style=\"vertical-align: inherit;\"><font style=\"vertical-align: inherit; color: rgb(0, 0, 0);\"><strong>Especificaciones<\/strong><\/font><\/font><\/p>\n\n<p><font style=\"vertical-align: inherit;\"><font style=\"vertical-align: inherit; color: rgb(0, 0, 0);\">Modelo GRP012-001<\/font><\/font><\/p>\n\n\n<p><font style=\"vertical-align: inherit;\"><font style=\"vertical-align: inherit; color: rgb(0, 0, 0);\"><font style=\"vertical-align: inherit;\"><font style=\"vertical-align: inherit;\"><strong>Descripci\u00f3n:<\/strong><\/font><\/font><\/font><\/font><\/p>\n<p><font color=\"#000000\">La placa de instalaci\u00f3n tiene una plantilla precalificada que gu\u00eda el cuchillo de seguridad y produce cortes limpios y precisos.Ayuda a crear esquinas perfectas o \u00e1ngulos de 45 \u00b0 para trabajar alrededor de obst\u00e1culos o hacer formas espec\u00edficas.<\/font><br><\/p>\n\nPara el tapete PIG Grippy\n5.1 cm ancho x 16.5 cm largo x 9.5 mm alto.\n1 Cuchillo de seguridad con 2 de reemplazo\n\n\n\n\n\n\n\n<p style=\"text-align: center;\"><font style=\"vertical-align: inherit;\"><font style=\"vertical-align: inherit; color: rgb(255, 255, 255);\"><font style=\"vertical-align: inherit;\"><font style=\"vertical-align: inherit; font-size: medium;\">Herraminetas para retirar el tapete<\/font><\/font><\/font><\/font><\/p>\n\n\n\n\n\n<p><font style=\"vertical-align: inherit;\"><font style=\"vertical-align: inherit;\"><font style=\"vertical-align: inherit;\"><font style=\"vertical-align: inherit; color: rgb(0, 0, 0);\"><font style=\"vertical-align: inherit;\"><font style=\"vertical-align: inherit;\"><strong>Especificaciones&nbsp;<\/strong><\/font><\/font><\/font><\/font><\/font><\/font><\/p>\n\n<p><font style=\"vertical-align: inherit;\"><font style=\"vertical-align: inherit; color: rgb(0, 0, 0);\">Modelo GRP020<\/font><\/font><\/p>\n\n\n<p><font style=\"vertical-align: inherit;\"><font style=\"vertical-align: inherit;\"><font style=\"vertical-align: inherit;\"><font style=\"vertical-align: inherit; color: rgb(0, 0, 0);\"><font style=\"vertical-align: inherit;\"><font style=\"vertical-align: inherit;\"><strong>Descripci\u00f3n&nbsp;<\/strong><\/font><\/font><\/font><\/font><\/font><\/font><\/p>\n<p><font color=\"#000000\">La herramienta de extracci\u00f3n \u00abbloquea\u00bb sus mand\u00edbulas en el material de la estera, proporcionando una empu\u00f1adura firme para tirar de la estera con adhesivo.<\/font><br><\/p>\n\nPara el tapete PIG Grippy.\n9 cm ancho x 19cm largo x 13cm alto.\n1 herramienta para retirar el tapete.\n\n\n\n\n\n\n\n<p style=\"text-align: center;\"><font style=\"vertical-align: inherit;\"><font style=\"vertical-align: inherit; color: rgb(255, 255, 255);\"><font style=\"vertical-align: inherit;\"><font style=\"vertical-align: inherit; font-size: medium;\">Rodillo para instalacion<\/font><\/font><\/font><\/font><\/p>\n\n\n\n\n\n<p style=\"color: rgb(0, 0, 0);\"><strong><span style=\"color:#000000;\"><font style=\"vertical-align: inherit;\"><font style=\"vertical-align: inherit;\">Especificaciones<\/font><\/font><\/span><font style=\"vertical-align: inherit;\"><font style=\"vertical-align: inherit;\"> :<\/font><\/font><\/strong><\/p>\n\n<p><font style=\"vertical-align: inherit;\"><font style=\"vertical-align: inherit; color: rgb(0, 0, 0);\">Modelo GRP021<\/font><\/font><\/p>\n\n\n<p><font style=\"vertical-align: inherit;\"><font style=\"vertical-align: inherit; color: rgb(0, 0, 0);\"><font style=\"vertical-align: inherit;\"><font style=\"vertical-align: inherit;\"><strong>Descripci\u00f3n&nbsp;<\/strong><\/font><\/font><\/font><\/font><\/p>\n<p><font style=\"vertical-align: inherit;\"><font style=\"vertical-align: inherit; color: rgb(0, 0, 0);\">Haga la instalaci\u00f3n a\u00fan m\u00e1s f\u00e1cil. Estas herramientas especialmente dise\u00f1adas le ayudan a facilitar la colocaci\u00f3n del tapete, a hacerle cortes limpios y retirarlo de forma sencilla.<\/font><\/font><\/p>\n\nPara el tapete PIG Grippy:\n9 cm ancho x 19cm largo x 13cm alto.\n1 herramienta para retirar el tapete.\n\n\n\n\n\n\n\n<p style=\"text-align: center;\"><font style=\"vertical-align: inherit;\"><font style=\"vertical-align: inherit;\"><font style=\"vertical-align: inherit;\"><font style=\"vertical-align: inherit; color: rgb(255, 255, 255);\"><font style=\"vertical-align: inherit;\"><font style=\"vertical-align: inherit; font-size: medium;\">Paquete de tapetes para ba\u00f1o.<\/font><\/font><\/font><\/font><\/font><\/font><\/p>\n\n\n\n<p><font style=\"vertical-align: inherit;\"><font style=\"vertical-align: inherit; color: rgb(0, 0, 0);\">Modelo GRP7000<\/font><\/font><\/p>\n\n\n<p><font style=\"vertical-align: inherit;\"><font style=\"vertical-align: inherit;\"><font style=\"vertical-align: inherit;\"><font style=\"vertical-align: inherit; color: rgb(0, 0, 0);\"><font style=\"vertical-align: inherit;\"><font style=\"vertical-align: inherit;\"><strong>Especificaciones<\/strong><\/font><\/font><\/font><\/font><\/font><\/font><\/p>\n\n\n\n<p><font style=\"vertical-align: inherit;\"><font style=\"vertical-align: inherit;\"><font style=\"vertical-align: inherit;\"><font style=\"vertical-align: inherit; color: rgb(0, 0, 0);\"><font style=\"vertical-align: inherit;\"><font style=\"vertical-align: inherit;\"><strong>Descripci\u00f3n&nbsp;<\/strong><\/font><\/font><\/font><\/font><\/font><\/font><\/p>\n<p><font style=\"vertical-align: inherit;\"><font style=\"vertical-align: inherit; color: rgb(0, 0, 0);\">Equipe un ba\u00f1o peque\u00f1o con una caja. El paquete incluye diversos Tapetes para ba\u00f1os PIT Grippy para la m\u00e1xima cobertura de goteos y salpicaduras: obtiene dos tama\u00f1os de tapetes para mingitorios, un tapete para inodoro, un tapete para el lavabo\/secadoras de manos y un tapete para los destapaca\u00f1os.<\/font><\/font><\/p>\n\nLas formas m\u00e1s populares\npeso mediano&nbsp;\n5 tapetes\/caja\n\n\n\n\n\n\n\n\n\n<p style=\"font-size: x-large; text-align: center;\"><u><a href=\"https:\/\/wa.me\/message\/RQOSAIZOFSEUA1\">Solicita tu Cotizaci\u00f3n Aqu\u00ed<\/a><\/u><\/p>\n\n\n\n\n\n\n\n<h2><font style=\"vertical-align: inherit;\"><font style=\"vertical-align: inherit;\"><strong><font style=\"vertical-align: inherit;\"><font style=\"vertical-align: inherit; color: rgb(255, 255, 255);\">Marcas<\/font><\/font><\/strong><\/font><\/font><\/h2>\n\n\n\n\n\n\n\n\n\n\n","protected":false},"excerpt":{"rendered":"","protected":false},"author":1,"featured_media":0,"parent":0,"menu_order":0,"comment_status":"closed","ping_status":"closed","template":"","meta":{"_siteseo_robots_primary_cat":"","pagelayer_contact_templates":[],"_pagelayer_content":"","footnotes":""},"class_list":["post-980","page","type-page","status-publish","hentry"],"_links":{"self":[{"href":"https:\/\/eppqro.com\/web\/wp-json\/wp\/v2\/pages\/980","targetHints":{"allow":["GET"]}}],"collection":[{"href":"https:\/\/eppqro.com\/web\/wp-json\/wp\/v2\/pages"}],"about":[{"href":"https:\/\/eppqro.com\/web\/wp-json\/wp\/v2\/types\/page"}],"author":[{"embeddable":true,"href":"https:\/\/eppqro.com\/web\/wp-json\/wp\/v2\/users\/1"}],"replies":[{"embeddable":true,"href":"https:\/\/eppqro.com\/web\/wp-json\/wp\/v2\/comments?post=980"}],"version-history":[{"count":23,"href":"https:\/\/eppqro.com\/web\/wp-json\/wp\/v2\/pages\/980\/revisions"}],"predecessor-version":[{"id":2269,"href":"https:\/\/eppqro.com\/web\/wp-json\/wp\/v2\/pages\/980\/revisions\/2269"}],"wp:attachment":[{"href":"https:\/\/eppqro.com\/web\/wp-json\/wp\/v2\/media?parent=980"}],"curies":[{"name":"wp","href":"https:\/\/api.w.org\/{rel}","templated":true}]}}